{"id":98,"date":"2000-10-18T07:38:45","date_gmt":"2000-10-18T05:38:45","guid":{"rendered":"https:\/\/psychose-seminar.info\/?page_id=98"},"modified":"2000-10-18T07:38:45","modified_gmt":"2000-10-18T05:38:45","slug":"sackgasse-sucht-psychosen-und-drogen","status":"publish","type":"page","link":"https:\/\/www.psychose-seminar.de\/?page_id=98","title":{"rendered":"Sackgasse Sucht &#8211; Psychosen und Drogen"},"content":{"rendered":"<p><b>Psychoseseminar am 18. Okt. 2000<\/b><\/p>\n<p><b>Ablauf:<\/b><\/p>\n<p>Begr\u00fcssung (eingeladene G\u00e4ste: Dr. P. Gesundheitsamt DN, Fr. H. Drobs DN)<\/p>\n<p>R\u00fcckblick auf Psychoseseminar im Mai (alte Karten)<\/p>\n<p>Hinweis, dass w\u00e4hrend der Beantwortung der noch offenen Fragen jederzeit neue dazu auf die ausliegenden Karten geschrieben werden k\u00f6nnen. M\u00f6glichkeit, selber vorzulesen oder an Fr. S. und Hr. N. zu geben.<\/p>\n<p>Fr. S. und Hr. N. lesen die Fragen vom Mai vor.<\/p>\n<p>Reihenfolge: symptomfrei &#8211; akut &#8211; sonstige<\/p>\n<p>P a u s e (je nach Gespr\u00e4chsverlauf)<\/p>\n<p>Verabschiedung<\/p>\n<p>Material usw. mitnehmen:<\/p>\n<ul>\n<li>alte Karten<\/li>\n<li>neue Karten<\/li>\n<li>Stifte<\/li>\n<li>Filzstifte<\/li>\n<li>(alte) Wandzeitungen<\/li>\n<li>Kreppband<\/li>\n<li>Zusammenfassung Mai 2000<\/li>\n<\/ul>\n<p><b>Ergebnisse:<\/b><\/p>\n<p>Ablauf entsprechend der Vorbereitung<\/p>\n<p><b>vorab Korrektur zu den Drogen, wie im Mai notiert:<\/b><\/p>\n<p>Drogen die Psychosen ausl\u00f6sen k\u00f6nnen, sind:<\/p>\n<ul>\n<li>Haschisch,<\/li>\n<li>Ecstasy,<\/li>\n<li>Amphetamin,<\/li>\n<li>LSD,<\/li>\n<li>Kokain,<\/li>\n<li>Designerdrogen,<\/li>\n<li>Pilze,<\/li>\n<li>Crack,<\/li>\n<li>Meskalin<\/li>\n<\/ul>\n<p>Sonstige Suchtmiltel:<\/p>\n<ul>\n<li>Alkohol,<\/li>\n<li>Medikamente (z. B. Valium, Barbiturate),<\/li>\n<li>Nikotin,<\/li>\n<li>Opium,<\/li>\n<li>Heroin,<\/li>\n<li>Morphium<\/li>\n<\/ul>\n<p><b>3 wesentliche Ergebnisse<\/b><\/p>\n<p>Alkohol dient bei Betroffenen, deren Psychose durch Drogen ausgel\u00f6st wurde, oft als Drogenersatz.<\/p>\n<p>Ganz wichtig ist es, die Verantwortung im Umgang mit Alkohol und Drogen immer bei den Betroffenen (Erkrankten) zu lassen bzw. sie Ihnen zu geben.<\/p>\n<p>Suchtmittel sind Ausdruck von Suche nach einem erf\u00fcllten Leben. Es muss etwas anderes gefunden werden, was das Leben interessant und lebenswert macht.<\/p>\n","protected":false},"excerpt":{"rendered":"<p>Psychoseseminar am 18. Okt. 2000 Ablauf: Begr\u00fcssung (eingeladene G\u00e4ste: Dr. P. Gesundheitsamt DN, Fr. H. Drobs DN) R\u00fcckblick auf Psychoseseminar im Mai (alte Karten) Hinweis, dass w\u00e4hrend der Beantwortung der noch offenen Fragen jederzeit neue dazu auf die ausliegenden Karten geschrieben werden k\u00f6nnen. M\u00f6glichkeit, selber vorzulesen oder an Fr. S. und Hr. N. zu geben. [&hellip;]<\/p>\n","protected":false},"author":2,"featured_media":0,"parent":14,"menu_order":-30,"comment_status":"closed","ping_status":"closed","template":"","meta":[],"_links":{"self":[{"href":"https:\/\/www.psychose-seminar.de\/index.php?rest_route=\/wp\/v2\/pages\/98"}],"collection":[{"href":"https:\/\/www.psychose-seminar.de\/index.php?rest_route=\/wp\/v2\/pages"}],"about":[{"href":"https:\/\/www.psychose-seminar.de\/index.php?rest_route=\/wp\/v2\/types\/page"}],"author":[{"embeddable":true,"href":"https:\/\/www.psychose-seminar.de\/index.php?rest_route=\/wp\/v2\/users\/2"}],"replies":[{"embeddable":true,"href":"https:\/\/www.psychose-seminar.de\/index.php?rest_route=%2Fwp%2Fv2%2Fcomments&post=98"}],"version-history":[{"count":0,"href":"https:\/\/www.psychose-seminar.de\/index.php?rest_route=\/wp\/v2\/pages\/98\/revisions"}],"up":[{"embeddable":true,"href":"https:\/\/www.psychose-seminar.de\/index.php?rest_route=\/wp\/v2\/pages\/14"}],"wp:attachment":[{"href":"https:\/\/www.psychose-seminar.de\/index.php?rest_route=%2Fwp%2Fv2%2Fmedia&parent=98"}],"curies":[{"name":"wp","href":"https:\/\/api.w.org\/{rel}","templated":true}]}}