{"id":90,"date":"2000-04-19T07:18:57","date_gmt":"2000-04-19T05:18:57","guid":{"rendered":"https:\/\/psychose-seminar.info\/?page_id=90"},"modified":"2000-04-19T07:18:57","modified_gmt":"2000-04-19T05:18:57","slug":"betreuung-ein-teures-vergnuegen-kosten-und-eine-moegliche-alternative-die-vorsorgevollmacht","status":"publish","type":"page","link":"https:\/\/www.psychose-seminar.de\/?page_id=90","title":{"rendered":"Betreuung &#8211; ein teures Vergn\u00fcgen? &#8211; Kosten und eine m\u00f6gliche Alternative: die Vorsorgevollmacht"},"content":{"rendered":"<p><b>Psychoseseminar am 19. April 2000<\/b><\/p>\n<p><b>Ablauf:<\/b><\/p>\n<p>Eingeladen sind der entsprechende Sachbearbeiter der Betreuungsstelle des Kreises D\u00fcren und ein Rechtspfleger.<\/p>\n<p>Die beiden informieren \u00fcber Kosten, die f\u00fcr Betreuungen anfallen, dann \u00fcber Vorsorgevollmacht und beantworten Fragen aus der Runde<\/p>\n","protected":false},"excerpt":{"rendered":"<p>Psychoseseminar am 19. April 2000 Ablauf: Eingeladen sind der entsprechende Sachbearbeiter der Betreuungsstelle des Kreises D\u00fcren und ein Rechtspfleger. Die beiden informieren \u00fcber Kosten, die f\u00fcr Betreuungen anfallen, dann \u00fcber Vorsorgevollmacht und beantworten Fragen aus der Runde<\/p>\n","protected":false},"author":2,"featured_media":0,"parent":14,"menu_order":-26,"comment_status":"closed","ping_status":"closed","template":"","meta":[],"_links":{"self":[{"href":"https:\/\/www.psychose-seminar.de\/index.php?rest_route=\/wp\/v2\/pages\/90"}],"collection":[{"href":"https:\/\/www.psychose-seminar.de\/index.php?rest_route=\/wp\/v2\/pages"}],"about":[{"href":"https:\/\/www.psychose-seminar.de\/index.php?rest_route=\/wp\/v2\/types\/page"}],"author":[{"embeddable":true,"href":"https:\/\/www.psychose-seminar.de\/index.php?rest_route=\/wp\/v2\/users\/2"}],"replies":[{"embeddable":true,"href":"https:\/\/www.psychose-seminar.de\/index.php?rest_route=%2Fwp%2Fv2%2Fcomments&post=90"}],"version-history":[{"count":0,"href":"https:\/\/www.psychose-seminar.de\/index.php?rest_route=\/wp\/v2\/pages\/90\/revisions"}],"up":[{"embeddable":true,"href":"https:\/\/www.psychose-seminar.de\/index.php?rest_route=\/wp\/v2\/pages\/14"}],"wp:attachment":[{"href":"https:\/\/www.psychose-seminar.de\/index.php?rest_route=%2Fwp%2Fv2%2Fmedia&parent=90"}],"curies":[{"name":"wp","href":"https:\/\/api.w.org\/{rel}","templated":true}]}}