{"id":86,"date":"2000-02-23T20:04:00","date_gmt":"2000-02-23T18:04:00","guid":{"rendered":"https:\/\/psychose-seminar.info\/?page_id=86"},"modified":"2021-09-29T00:32:04","modified_gmt":"2021-09-28T22:32:04","slug":"radiomitschnitt-e-d-r-vom-23-02-2000-2004-uhr","status":"publish","type":"page","link":"https:\/\/www.psychose-seminar.de\/?page_id=86","title":{"rendered":"Radiomitschnitt E.D.R. vom 23.02.2000 20:04 Uhr"},"content":{"rendered":"\n<p>Hier k\u00f6nnen Sie den Radiomitschnitt vom Ersten D\u00fcrener Rundfunkverein e.V. zum Thema:<\/p>\n\n\n\n<p>Behandlungsvereinbarungen als Chance f\u00fcr psychisch Kranke<br>anh\u00f6ren.<\/p>\n\n\n\n<figure class=\"wp-block-audio\"><audio controls src=\"https:\/\/www.psychose-seminar.de\/wp-content\/uploads\/2021\/09\/EDRRadiomitschnitt.mp3\"><\/audio><\/figure>\n\n\n\n<ul><li>Redaktion und Moderation: Andreas Cla\u00dfen<\/li><li>Technik: G\u00fcnter Landgrafe<\/li><li>G\u00e4ste: Angela Mallat, Brunhilde Sieburg, Erich, Kurt, Theresia Lenartz<\/li><\/ul>\n","protected":false},"excerpt":{"rendered":"<p>Hier k\u00f6nnen Sie den Radiomitschnitt vom Ersten D\u00fcrener Rundfunkverein e.V. zum Thema: Behandlungsvereinbarungen als Chance f\u00fcr psychisch Krankeanh\u00f6ren. Redaktion und Moderation: Andreas Cla\u00dfen Technik: G\u00fcnter Landgrafe G\u00e4ste: Angela Mallat, Brunhilde Sieburg, Erich, Kurt, Theresia Lenartz<\/p>\n","protected":false},"author":2,"featured_media":0,"parent":14,"menu_order":-24,"comment_status":"closed","ping_status":"closed","template":"","meta":[],"_links":{"self":[{"href":"https:\/\/www.psychose-seminar.de\/index.php?rest_route=\/wp\/v2\/pages\/86"}],"collection":[{"href":"https:\/\/www.psychose-seminar.de\/index.php?rest_route=\/wp\/v2\/pages"}],"about":[{"href":"https:\/\/www.psychose-seminar.de\/index.php?rest_route=\/wp\/v2\/types\/page"}],"author":[{"embeddable":true,"href":"https:\/\/www.psychose-seminar.de\/index.php?rest_route=\/wp\/v2\/users\/2"}],"replies":[{"embeddable":true,"href":"https:\/\/www.psychose-seminar.de\/index.php?rest_route=%2Fwp%2Fv2%2Fcomments&post=86"}],"version-history":[{"count":3,"href":"https:\/\/www.psychose-seminar.de\/index.php?rest_route=\/wp\/v2\/pages\/86\/revisions"}],"predecessor-version":[{"id":773,"href":"https:\/\/www.psychose-seminar.de\/index.php?rest_route=\/wp\/v2\/pages\/86\/revisions\/773"}],"up":[{"embeddable":true,"href":"https:\/\/www.psychose-seminar.de\/index.php?rest_route=\/wp\/v2\/pages\/14"}],"wp:attachment":[{"href":"https:\/\/www.psychose-seminar.de\/index.php?rest_route=%2Fwp%2Fv2%2Fmedia&parent=86"}],"curies":[{"name":"wp","href":"https:\/\/api.w.org\/{rel}","templated":true}]}}