{"id":82,"date":"1999-11-17T06:58:28","date_gmt":"1999-11-17T04:58:28","guid":{"rendered":"https:\/\/psychose-seminar.info\/?page_id=82"},"modified":"1999-11-17T06:58:28","modified_gmt":"1999-11-17T04:58:28","slug":"alternative-behandlungsansaetze-i-rooming-in-in-der-akutpsychiatrie","status":"publish","type":"page","link":"https:\/\/www.psychose-seminar.de\/?page_id=82","title":{"rendered":"Alternative Behandlungsans\u00e4tze I: Rooming-In in der Akutpsychiatrie"},"content":{"rendered":"<p><b>Psychoseseminar am 17. Nov. 1999<\/b><\/p>\n<p><b>Ablauf:<\/b><\/p>\n<p>Begr\u00fcssung<\/p>\n<p>Was ist ein Psychose-Seminar? Kurze Erkl\u00e4rung (Hr. N.)- bei Bedarf<\/p>\n<p>Begriff &#8222;Rooming-In&#8220; kurz erkl\u00e4ren; bekannt aus der Gyn\u00e4kologie und Kinderheilkunde<\/p>\n<p>-&gt; auch bei psychisch Kranken vorstellbar<\/p>\n<p>K\u00f6nnen wir uns das vorstellen?<\/p>\n<p>-&gt; Pro und Contra: Einstiegsdiskussion der Vorbereitungsgruppe<\/p>\n<p>Hinweis darauf. da\u00df Argumente nicht unbedingt der pers\u00f6nlichen Meinung entsprechen!<\/p>\n<p>Wie ist das in D\u00fcren in der Klinik? Sind wir eher daf\u00fcr oder eher dagegen?<\/p>\n<p>P a u s e<\/p>\n<p>schriftlich sammeln:<\/p>\n<p><b>Wie sollte Rooming-In aussehen? Welche Bedingungen w\u00fcnschen wir uns?<\/b><\/p>\n<p>Hinweis auf n\u00e4chsten Termin und das Thema<\/p>\n<p>Verabschiedung<\/p>\n<p>Material usw. mitnehmen:<\/p>\n<ul>\n<li>Flipchart mit Papier und Stiften<\/li>\n<li>TN-Befragungsliste(n)<\/li>\n<li>Themenliste(n)<\/li>\n<li>B\u00fccher<\/li>\n<\/ul>\n<p><iframe loading=\"lazy\" src=\"https:\/\/www.psychoseseminar.info\/p-seminar\/1999-11.htm\" width=\"350\" height=\"75\" frameborder=\"0\" marginwidth=\"0\" marginheight=\"0\" scrolling=\"no\"><\/iframe><\/p>\n","protected":false},"excerpt":{"rendered":"<p>Psychoseseminar am 17. Nov. 1999 Ablauf: Begr\u00fcssung Was ist ein Psychose-Seminar? Kurze Erkl\u00e4rung (Hr. N.)- bei Bedarf Begriff &#8222;Rooming-In&#8220; kurz erkl\u00e4ren; bekannt aus der Gyn\u00e4kologie und Kinderheilkunde -&gt; auch bei psychisch Kranken vorstellbar K\u00f6nnen wir uns das vorstellen? -&gt; Pro und Contra: Einstiegsdiskussion der Vorbereitungsgruppe Hinweis darauf. da\u00df Argumente nicht unbedingt der pers\u00f6nlichen Meinung entsprechen! [&hellip;]<\/p>\n","protected":false},"author":2,"featured_media":0,"parent":14,"menu_order":-22,"comment_status":"closed","ping_status":"closed","template":"","meta":[],"_links":{"self":[{"href":"https:\/\/www.psychose-seminar.de\/index.php?rest_route=\/wp\/v2\/pages\/82"}],"collection":[{"href":"https:\/\/www.psychose-seminar.de\/index.php?rest_route=\/wp\/v2\/pages"}],"about":[{"href":"https:\/\/www.psychose-seminar.de\/index.php?rest_route=\/wp\/v2\/types\/page"}],"author":[{"embeddable":true,"href":"https:\/\/www.psychose-seminar.de\/index.php?rest_route=\/wp\/v2\/users\/2"}],"replies":[{"embeddable":true,"href":"https:\/\/www.psychose-seminar.de\/index.php?rest_route=%2Fwp%2Fv2%2Fcomments&post=82"}],"version-history":[{"count":0,"href":"https:\/\/www.psychose-seminar.de\/index.php?rest_route=\/wp\/v2\/pages\/82\/revisions"}],"up":[{"embeddable":true,"href":"https:\/\/www.psychose-seminar.de\/index.php?rest_route=\/wp\/v2\/pages\/14"}],"wp:attachment":[{"href":"https:\/\/www.psychose-seminar.de\/index.php?rest_route=%2Fwp%2Fv2%2Fmedia&parent=82"}],"curies":[{"name":"wp","href":"https:\/\/api.w.org\/{rel}","templated":true}]}}