{"id":790,"date":"2022-02-13T17:02:11","date_gmt":"2022-02-13T16:02:11","guid":{"rendered":"https:\/\/www.psychose-seminar.de\/?page_id=790"},"modified":"2022-02-13T17:02:12","modified_gmt":"2022-02-13T16:02:12","slug":"eigenstaendig-leben-mit-psychose-geht-das","status":"publish","type":"page","link":"https:\/\/www.psychose-seminar.de\/?page_id=790","title":{"rendered":"Eigenst\u00e4ndig leben mit Psychose? Geht das?"},"content":{"rendered":"\n<p><strong>Protokoll vom 20.10.21<\/strong><\/p>\n\n\n\n<p><strong>Eingangsfrage:<br>Was bedeutet eigenst\u00e4ndig leben?<\/strong><\/p>\n\n\n\n<p>Stichwortsammlung:<\/p>\n\n\n\n<ul><li>Steuererkl\u00e4rung selber machen<\/li><li>Andere um Hilfe bitten k\u00f6nnen. (Wenn man etwas nicht selber kann).<\/li><li>In Partnerschaft leben oder alleine<\/li><li>Eigener Bereich im Wohnheim (Privatsph\u00e4re)<\/li><li>Haushalt selber oder mit Hilfe machen<\/li><li>Geld verdienen (Haushaltshilfe bezahlen)<\/li><li>Geld einteilen k\u00f6nnen<\/li><li>Selbst\u00e4ndigkeit (in Teilen) mit Unterst\u00fctzung<\/li><li>Ist Kontrolle n\u00f6tig? Klappt das dann?<\/li><li>Es gibt Leute, die mit Ach und Krach selbst\u00e4ndig sind.<\/li><li>Sich Nahrung besorgen k\u00f6nnen.<\/li><li>Auf die Gesundheit achten (kein suizidales oder selbstverletzendes Verhalten)<\/li><li>Wechselwirkung Koffein, Energydrink , Rauchen und Neuroleptika beachten.<\/li><li>Wenn man in einen Schub geht, braucht man Hilfe (soziales Netzwerk).<\/li><li>Eigenst\u00e4ndigkeit bedeutet: Wahrheit beim Facharzt sagen.<\/li><li>Man muss dazulernen wollen, kleine Schritte reichen manchmal schon.<\/li><li>Man muss Ziele haben, auch mit Problemen klarkommen.<\/li><li>Selbstbewusstsein aufbauen.<\/li><li>Kontrolle \u00fcber die eigene Psyche behalten.<\/li><\/ul>\n\n\n\n<p><strong>Zweiter Teil:<\/strong><\/p>\n\n\n\n<p>Was kann man tun, um psychisch stabil zu sein?<\/p>\n\n\n\n<ul><li>Regelm\u00e4\u00dfiges Leben<\/li><li>Medikamente nehmen<\/li><li>soziale Kontakte pflegen<\/li><li>rechtzeitig in die Klinik gehen<\/li><li>Schlaf ist wichtig<\/li><li>Fr\u00fchwarnsymptome beachten<\/li><li>Medikamentenmissbrauch vermeiden<\/li><li>Drogen meiden<\/li><li>Durchhalteverm\u00f6gen<\/li><li>Eigenst\u00e4ndigkeit ist fragil (siehe Demenz und Lernbehinderung)<\/li><li>Lebenslanges Lernen<\/li><li>\u201eMut zur L\u00fccke\u201c . Es muss nicht perfekt sein.<\/li><\/ul>\n\n\n\n<p><strong>Abschlussrunde:<\/strong> Was nehmen Sie mit, was lassen Sie hier?<br>Hinweis auf das n\u00e4chste Seminar: 17.11.21 Wie halte ich Stille aus?<\/p>\n","protected":false},"excerpt":{"rendered":"<p>Protokoll vom 20.10.21 Eingangsfrage:Was bedeutet eigenst\u00e4ndig leben? Stichwortsammlung: Steuererkl\u00e4rung selber machen Andere um Hilfe bitten k\u00f6nnen. (Wenn man etwas nicht selber kann). In Partnerschaft leben oder alleine Eigener Bereich im Wohnheim (Privatsph\u00e4re) Haushalt selber oder mit Hilfe machen Geld verdienen (Haushaltshilfe bezahlen) Geld einteilen k\u00f6nnen Selbst\u00e4ndigkeit (in Teilen) mit Unterst\u00fctzung Ist Kontrolle n\u00f6tig? Klappt das [&hellip;]<\/p>\n","protected":false},"author":2,"featured_media":0,"parent":14,"menu_order":-183,"comment_status":"closed","ping_status":"closed","template":"","meta":[],"_links":{"self":[{"href":"https:\/\/www.psychose-seminar.de\/index.php?rest_route=\/wp\/v2\/pages\/790"}],"collection":[{"href":"https:\/\/www.psychose-seminar.de\/index.php?rest_route=\/wp\/v2\/pages"}],"about":[{"href":"https:\/\/www.psychose-seminar.de\/index.php?rest_route=\/wp\/v2\/types\/page"}],"author":[{"embeddable":true,"href":"https:\/\/www.psychose-seminar.de\/index.php?rest_route=\/wp\/v2\/users\/2"}],"replies":[{"embeddable":true,"href":"https:\/\/www.psychose-seminar.de\/index.php?rest_route=%2Fwp%2Fv2%2Fcomments&post=790"}],"version-history":[{"count":1,"href":"https:\/\/www.psychose-seminar.de\/index.php?rest_route=\/wp\/v2\/pages\/790\/revisions"}],"predecessor-version":[{"id":791,"href":"https:\/\/www.psychose-seminar.de\/index.php?rest_route=\/wp\/v2\/pages\/790\/revisions\/791"}],"up":[{"embeddable":true,"href":"https:\/\/www.psychose-seminar.de\/index.php?rest_route=\/wp\/v2\/pages\/14"}],"wp:attachment":[{"href":"https:\/\/www.psychose-seminar.de\/index.php?rest_route=%2Fwp%2Fv2%2Fmedia&parent=790"}],"curies":[{"name":"wp","href":"https:\/\/api.w.org\/{rel}","templated":true}]}}