{"id":788,"date":"2022-02-13T16:51:24","date_gmt":"2022-02-13T15:51:24","guid":{"rendered":"https:\/\/www.psychose-seminar.de\/?page_id=788"},"modified":"2022-02-13T16:51:24","modified_gmt":"2022-02-13T15:51:24","slug":"einmal-psychose-immer-psychose","status":"publish","type":"page","link":"https:\/\/www.psychose-seminar.de\/?page_id=788","title":{"rendered":"Einmal Psychose, immer Psychose"},"content":{"rendered":"\n<p><strong>Psychoseseminar vom 15.09.21<\/strong><br><strong>Anwesend: 7 Leute<\/strong><br><strong>Moderation: Herr Schmidt, Frau Sieburg<\/strong><br><strong>Protokoll: Frau Els\u00e4sser<\/strong><\/p>\n\n\n\n<p><strong>Erster Teil:<\/strong><\/p>\n\n\n\n<p><strong>Vorstellung des Psychoseseminars<\/strong><\/p>\n\n\n\n<p>Es gibt im deutschsprachigen Raum ca. 80 Psychoseseminare, die strukturell autark sind. Es handelt sich um einen Trialog zwischen Profis (\u00c4rzt*innen, Psycholog*innen, Sozialarbeiter*innen), Angeh\u00f6rigen und Betroffenen auf Augenh\u00f6he. Ziel ist es zu verdeutlichen, dass es neben der Akutsituation der Betroffenen auch das ganz normale Leben mit der Erkrankung gibt.<\/p>\n\n\n\n<p><strong>Einstieg<\/strong><\/p>\n\n\n\n<p><strong>Was ist eine Psychose?<\/strong> Jeder darf auf Karten schreiben. Die Karten werden auf dem Boden ausgelegt.<\/p>\n\n\n\n<p><strong>Inhalte der Karten:<\/strong><\/p>\n\n\n\n<ul><li>Halluzinationen (und dar\u00fcber reden m\u00fcssen)<\/li><li>Episoden bei verschiedenen Erkrankungen, zum Beispiel bei Schizophrenie<\/li><li>Stoffwechselerkrankung<\/li><li>\u201eWenn Mama mit der Lampe spricht\u201c<\/li><li>\u201eQuerdenken\u201c ohne R\u00fcckkopplung an die Realit\u00e4t, grenzt manchmal an eine Psychose.<\/li><li>Wahnvorstellungen, Stimmen h\u00f6ren, Halluzinationen<\/li><li>Eine Krankheit<\/li><li>Ein unbekanntes Terrain<\/li><li>Erkennen! Behandlung!<\/li><li>Menschen tun Dinge, die die Umgebung nicht versteht<\/li><li>Eine Wahrnehmungsst\u00f6rung, wenn der\/die Betroffene Dinge h\u00f6rt oder sieht, die Au\u00dfenstehenden nicht zug\u00e4nglich sind.<\/li><li>Gefangensein in seinen Tr\u00e4umen (Nicht mehr in der Realit\u00e4t aufwachen)<\/li><li>ein Zustand, auf den man keinen Einfluss hat.<\/li><li>Verschobene, ver-r\u00fcckte Gedanken und Wahrnehmung.<\/li><\/ul>\n\n\n\n<p><strong>Austausch \u00fcber Ursachen und Behandlung<\/strong><\/p>\n\n\n\n<p>Im gegenseitigen Austausch wurden \u00fcber die Ursachen und die Behandlung gesprochen.<\/p>\n\n\n\n<p>In den 1960er Jahren wurde die Psychose als chemisch-biologische<br>Fehlreaktion definiert.<\/p>\n\n\n\n<p>Es gab starke Medikamente, um die Symptome und Verhaltensweisen zu unterbinden, die Gef\u00fchle blieben bestehen. Die Elektrokrampftherapie wurde ohne Narkose durchgef\u00fchrt. (Heutzutage unter Vollnarkose bei einzelnen Einrichtungen der Psychiatrie entstanden zum Beispiel bei starken Depressionen).<\/p>\n\n\n\n<p>Manche sagen, die Ursachen seien multifaktoriell. Das hei\u00dft genetische<br>Veranlagung, w\u00e4hrend der Schwangerschaft, fr\u00fchkindliche St\u00f6rungen,<br>Bindungsst\u00f6rungen, Broken Home, Drogenkonsum oder die Peer-Gruppe k\u00f6nnen die Krankheit verursachen.<\/p>\n\n\n\n<p>Manche sagen, dass es ein Versuch des K\u00f6rpers ist, eine L\u00f6sung zu finden.<\/p>\n\n\n\n<p>Das System der Familie spielt eine Rolle.<\/p>\n\n\n\n<p>Systemische Hypnotherapie nach Gunther Schmidt.<\/p>\n\n\n\n<p>Psychotherapie, Eigentherapie und viele andere Therapien sind im Angebot.<\/p>\n\n\n\n<p>Die Frage, ob Gesundheit Gl\u00fcckssache ist.<\/p>\n\n\n\n<p>Medikamente sind eine St\u00fctze, aber nur durch Disziplin (Drogen und Alkohol konsequent weglassen), kann man eine Linderung erwirken.<\/p>\n\n\n\n<p>Salutogenese, Reizabschirmung<\/p>\n\n\n\n<p>Kann abschlie\u00dfend gekl\u00e4rt werden, ob der Satz stimmt: Einmal Psychose immer Psychose? Man kann jein sagen. Bei manchen verl\u00e4uft die Psychose chronisch, bei manchen nur einmalig oder in Sch\u00fcben.<\/p>\n\n\n\n<p><strong>Abschlussrunde:<\/strong> Frage: \u201eWas hat Ihnen diese Veranstaltung gebracht? Was<br>nehmen sie mit? Was lassen Sie hier?<\/p>\n","protected":false},"excerpt":{"rendered":"<p>Psychoseseminar vom 15.09.21Anwesend: 7 LeuteModeration: Herr Schmidt, Frau SieburgProtokoll: Frau Els\u00e4sser Erster Teil: Vorstellung des Psychoseseminars Es gibt im deutschsprachigen Raum ca. 80 Psychoseseminare, die strukturell autark sind. Es handelt sich um einen Trialog zwischen Profis (\u00c4rzt*innen, Psycholog*innen, Sozialarbeiter*innen), Angeh\u00f6rigen und Betroffenen auf Augenh\u00f6he. Ziel ist es zu verdeutlichen, dass es neben der Akutsituation der [&hellip;]<\/p>\n","protected":false},"author":2,"featured_media":0,"parent":14,"menu_order":-182,"comment_status":"closed","ping_status":"closed","template":"","meta":[],"_links":{"self":[{"href":"https:\/\/www.psychose-seminar.de\/index.php?rest_route=\/wp\/v2\/pages\/788"}],"collection":[{"href":"https:\/\/www.psychose-seminar.de\/index.php?rest_route=\/wp\/v2\/pages"}],"about":[{"href":"https:\/\/www.psychose-seminar.de\/index.php?rest_route=\/wp\/v2\/types\/page"}],"author":[{"embeddable":true,"href":"https:\/\/www.psychose-seminar.de\/index.php?rest_route=\/wp\/v2\/users\/2"}],"replies":[{"embeddable":true,"href":"https:\/\/www.psychose-seminar.de\/index.php?rest_route=%2Fwp%2Fv2%2Fcomments&post=788"}],"version-history":[{"count":1,"href":"https:\/\/www.psychose-seminar.de\/index.php?rest_route=\/wp\/v2\/pages\/788\/revisions"}],"predecessor-version":[{"id":789,"href":"https:\/\/www.psychose-seminar.de\/index.php?rest_route=\/wp\/v2\/pages\/788\/revisions\/789"}],"up":[{"embeddable":true,"href":"https:\/\/www.psychose-seminar.de\/index.php?rest_route=\/wp\/v2\/pages\/14"}],"wp:attachment":[{"href":"https:\/\/www.psychose-seminar.de\/index.php?rest_route=%2Fwp%2Fv2%2Fmedia&parent=788"}],"curies":[{"name":"wp","href":"https:\/\/api.w.org\/{rel}","templated":true}]}}