{"id":60,"date":"1998-04-15T23:29:44","date_gmt":"1998-04-15T21:29:44","guid":{"rendered":"https:\/\/psychose-seminar.info\/?page_id=60"},"modified":"1998-04-15T23:29:44","modified_gmt":"1998-04-15T21:29:44","slug":"angst-vor-entmuendigung-was-bietet-betreuung","status":"publish","type":"page","link":"https:\/\/www.psychose-seminar.de\/?page_id=60","title":{"rendered":"Angst vor Entm\u00fcndigung &#8211; was bietet Betreuung?"},"content":{"rendered":"<p><b>Psychoseseminar am 15. April 1998<\/b><\/p>\n<p>anwesendes Fachpersonal: Hr. J. (Betreuer beim Kreis DN), Hr. A. (Arzt, RK), Fr. H. (Psychatrie-Fachschwester, RK)<\/p>\n<p>Moderation: Fr. M., Sozialarbeiterin<\/p>\n<p>Teilnehmerlnnen (insg.): 14 Personen<\/p>\n<p>Infos zum Seminar: v. a. \u00fcber pers\u00f6nliche Ansprache und Presse<\/p>\n<p>Hr. J. stellt Betreuung dar und steht f\u00fcr ein Gespr\u00e4ch zum Thema Rede und Antwort.<\/p>\n","protected":false},"excerpt":{"rendered":"<p>Psychoseseminar am 15. April 1998 anwesendes Fachpersonal: Hr. J. (Betreuer beim Kreis DN), Hr. A. (Arzt, RK), Fr. H. (Psychatrie-Fachschwester, RK) Moderation: Fr. M., Sozialarbeiterin Teilnehmerlnnen (insg.): 14 Personen Infos zum Seminar: v. a. \u00fcber pers\u00f6nliche Ansprache und Presse Hr. J. stellt Betreuung dar und steht f\u00fcr ein Gespr\u00e4ch zum Thema Rede und Antwort.<\/p>\n","protected":false},"author":2,"featured_media":0,"parent":14,"menu_order":-11,"comment_status":"closed","ping_status":"closed","template":"","meta":[],"_links":{"self":[{"href":"https:\/\/www.psychose-seminar.de\/index.php?rest_route=\/wp\/v2\/pages\/60"}],"collection":[{"href":"https:\/\/www.psychose-seminar.de\/index.php?rest_route=\/wp\/v2\/pages"}],"about":[{"href":"https:\/\/www.psychose-seminar.de\/index.php?rest_route=\/wp\/v2\/types\/page"}],"author":[{"embeddable":true,"href":"https:\/\/www.psychose-seminar.de\/index.php?rest_route=\/wp\/v2\/users\/2"}],"replies":[{"embeddable":true,"href":"https:\/\/www.psychose-seminar.de\/index.php?rest_route=%2Fwp%2Fv2%2Fcomments&post=60"}],"version-history":[{"count":0,"href":"https:\/\/www.psychose-seminar.de\/index.php?rest_route=\/wp\/v2\/pages\/60\/revisions"}],"up":[{"embeddable":true,"href":"https:\/\/www.psychose-seminar.de\/index.php?rest_route=\/wp\/v2\/pages\/14"}],"wp:attachment":[{"href":"https:\/\/www.psychose-seminar.de\/index.php?rest_route=%2Fwp%2Fv2%2Fmedia&parent=60"}],"curies":[{"name":"wp","href":"https:\/\/api.w.org\/{rel}","templated":true}]}}