{"id":587,"date":"2019-03-26T14:32:52","date_gmt":"2019-03-26T12:32:52","guid":{"rendered":"https:\/\/www.psychose-seminar.info\/?page_id=587"},"modified":"2019-03-26T14:32:52","modified_gmt":"2019-03-26T12:32:52","slug":"was-hindert-betroffene-hilfe-anzunehmen","status":"publish","type":"page","link":"https:\/\/www.psychose-seminar.de\/?page_id=587","title":{"rendered":"Was hindert Betroffene, Hilfe anzunehmen?"},"content":{"rendered":"\n<p><strong> Anwesend: 14 Interessierte, Herr Lange Arzt der LVR-Klinik<\/strong><br><strong><br> Moderation: Herr Schmidt<\/strong><br><strong><br> Stichwortprotokoll: Frau Els\u00e4sser<\/strong><br><strong><br> Erster Teil:<\/strong><br><strong><br> Frage in die Runde:<\/strong><br><strong><br> Was hindert Sie daran, Hilfe anzunehmen?<\/strong><br><br> Viele Betroffene haben Probleme damit, Medikamente einzunehmen. Einige befinden sich gerade im Schub und haben keine Krankheitseinsicht. Andere sind per se Medikamenten gegen\u00fcber skeptisch. Nebenwirkungen werden bef\u00fcrchtet.<br> <br>Die Psychiatrie selbst l\u00f6st \u00c4ngste aus.<br> <br>Angst, bestraft zu werden.<br> <br>Wichtig ist es, Vertrauen zum behandelnden Arzt zu haben.<br> <br>Wichtig ist zu wissen, dass Zwangsmedikation nur bei Eigen- und<br> Fremdgef\u00e4hrdung angewendet wird.<br> <br>Angst und Scham aufgrund der Erkrankung. Sorge, sich rechtfertigen zu<br> m\u00fcssen. Zum Beispiel, wenn es einem mal gut geht.<br> <br>Vorurteile und falsche Vorstellungen \u00fcber die Erkrankung zum Beispiel, dass man nur faul ist. Das ist begr\u00fcndet durch das fehlende Wissen und fehlende \u00d6ffentlichkeitsarbeit.<br> <br>In unserer Leistungsgesellschaft besteht die Ansicht, als schwach zu gelten,<br> wenn man um Hilfe bittet. Das gilt auch f\u00fcr Angeh\u00f6rige.<br> <br>Manche Haus\u00e4rzte haben kein Wissen \u00fcber Psychosen. Oder sie verschreiben zu schnell Antidepressiva. Die Diagnose ist notwendig f\u00fcr die<br> Kassenabrechnung. Daher ist die Zeit zu knapp bemessen f\u00fcr eine<br> ausreichende Diagnosestellung.<br> <br>Scham bei Verwahrlosung in der Wohnung oder bei pers\u00f6nlicher Hygiene. (Der Bewo-Anbieter kann Wohnung besuchen und Pflegegrad 0 beantragen). Die Hilfe im Haushalt sollte zeitlich begrenzt sein und f\u00fcr den Betroffenen Hilfe zurSelbsthilfe darstellen.<br> <br>Die Frage wird gestellt, wie es zu einer Psychose kommt und warum man sie so schwer behandeln kann. Bei einer Psychose ist de Gehirnstoffwechsel<br> beeintr\u00e4chtigt. Da das Gehirn ein sehr komplexes Organ ist, das zu erforschen noch andauert, ist sie so schwer zu behandeln. Anders als bei Diabetes, wo mit Insulin in einem Wirkungszusammenhang einfacher zu behandeln ist.<br> <br>Auch ist es so, dass es g\u00fcnstig ist, eine Psychose fr\u00fch zu erkennen und zu<br> behandeln, um einer Chronifizierung entgegen zu wirken. Hier ist Geduld nicht gefragt, w\u00e4hrend der Behandlung jedoch schon. Sie erfolgt mit Medikamenten und Therapien.<br><br><strong> Zweiter Teil:<\/strong><br><br><strong> L\u00f6sungsans\u00e4tze f\u00fcr Betroffene und Helfer sowie Angeh\u00f6rige.<\/strong><br><br> Einrichten einer gesetzlichen Betreuung durch das Amtsgericht.<br> <br>Zwangseinweisung mit Hilfe von Ordnungsamt oder Notarzt.<br> <br>Leider k\u00f6nnen Angeh\u00f6rige im Akutfall wenig tun. Sie sind angewiesen auf<br> Au\u00dfenstehende. Sie befinden sich in einem Dilemma und f\u00fchlen sich hilflos. Sie m\u00fcssen sich oft eingestehen, das Problem nicht l\u00f6sen zu k\u00f6nnen. Bei der ersten Psychose haben sie wenig oder gar kein Wissen, was sie tun k\u00f6nnen.<br> <br>Es ist besser, den Notarzt zu rufen, wenn der Betroffene randaliert. Die Polizei hat manchmal wenig Ahnung von der Materie.<br><br> F\u00fcr den Betroffenen ist es hilfreich, sich selbst immer besser kennen zu lernen. Der Betroffene kann Hinweise an das Umfeld geben, wenn etwas nicht stimmt. Daf\u00fcr ist es gut, einen Raum zu haben, um offen erz\u00e4hlen zu k\u00f6nnen. Therapie und Selbsthilfegruppe sind Beispiele.Die Angeh\u00f6rigen und Vertrauenspersonen im Umfeld helfen oft durch ihr Dasein und Zuh\u00f6ren. Die Angeh\u00f6rigen brauchen auch Hilfen. Zum Beispiel in Selbsthilfegruppen oder Beratungsstellen.<br> <br>Alltagsbegleitung, nicht bedauern oder \u00fcberversorgen.<br> <br>Wissen \u00fcber die Erkrankung<br> <br>\u00d6ffentlichkeitsarbeit w\u00e4re w\u00fcnschenswert.<br> <br>Sprechstunden f\u00fcr Angeh\u00f6rige gibt es in der LVR-Klinik je nach Station. Man sollte das Angebot ausweiten.<br><br> Hinweis auf die n\u00e4chste Veranstaltung mit dem Thema: Angeh\u00f6rige und<br> Psychiatrie.Abschlussrunde: Ein Stein wird herumgereicht mit der Frage: \u201eWas hat Ihnen diese Veranstaltung gebracht? Was nehmen sie mit? Was lassen Sie hier?<\/p>\n","protected":false},"excerpt":{"rendered":"<p>Anwesend: 14 Interessierte, Herr Lange Arzt der LVR-Klinik Moderation: Herr Schmidt Stichwortprotokoll: Frau Els\u00e4sser Erster Teil: Frage in die Runde: Was hindert Sie daran, Hilfe anzunehmen? Viele Betroffene haben Probleme damit, Medikamente einzunehmen. Einige befinden sich gerade im Schub und haben keine Krankheitseinsicht. Andere sind per se Medikamenten gegen\u00fcber skeptisch. Nebenwirkungen werden bef\u00fcrchtet. Die Psychiatrie [&hellip;]<\/p>\n","protected":false},"author":2,"featured_media":0,"parent":14,"menu_order":-165,"comment_status":"closed","ping_status":"closed","template":"","meta":[],"_links":{"self":[{"href":"https:\/\/www.psychose-seminar.de\/index.php?rest_route=\/wp\/v2\/pages\/587"}],"collection":[{"href":"https:\/\/www.psychose-seminar.de\/index.php?rest_route=\/wp\/v2\/pages"}],"about":[{"href":"https:\/\/www.psychose-seminar.de\/index.php?rest_route=\/wp\/v2\/types\/page"}],"author":[{"embeddable":true,"href":"https:\/\/www.psychose-seminar.de\/index.php?rest_route=\/wp\/v2\/users\/2"}],"replies":[{"embeddable":true,"href":"https:\/\/www.psychose-seminar.de\/index.php?rest_route=%2Fwp%2Fv2%2Fcomments&post=587"}],"version-history":[{"count":0,"href":"https:\/\/www.psychose-seminar.de\/index.php?rest_route=\/wp\/v2\/pages\/587\/revisions"}],"up":[{"embeddable":true,"href":"https:\/\/www.psychose-seminar.de\/index.php?rest_route=\/wp\/v2\/pages\/14"}],"wp:attachment":[{"href":"https:\/\/www.psychose-seminar.de\/index.php?rest_route=%2Fwp%2Fv2%2Fmedia&parent=587"}],"curies":[{"name":"wp","href":"https:\/\/api.w.org\/{rel}","templated":true}]}}