{"id":517,"date":"2018-01-14T17:36:17","date_gmt":"2018-01-14T15:36:17","guid":{"rendered":"https:\/\/www.psychose-seminar.info\/?page_id=517"},"modified":"2021-09-28T23:59:04","modified_gmt":"2021-09-28T21:59:04","slug":"psychose-und-ausbildung","status":"publish","type":"page","link":"https:\/\/www.psychose-seminar.de\/?page_id=517","title":{"rendered":"Psychose und Ausbildung"},"content":{"rendered":"\n<p>Protokoll des Psychoseseminars vom 20.12.17<\/p>\n\n\n\n<p>Anwesend: 10 Leute<\/p>\n\n\n\n<p>Moderation: Frau Dangel, Herr Schmidt<\/p>\n\n\n\n<p>Protokoll: Frau Els\u00e4sser<\/p>\n\n\n\n<p>Erster Teil:<\/p>\n\n\n\n<p>Begr\u00fc\u00dfung und Vorstellung des Psychoseseminars. Das Psychoseseminar gibt es seit 1995 in D\u00fcren. Es gibt ein umfangreiches Online-Archiv \u00fcber die Themen die schon angesprochen wurden. Neben dem heutigen Thema: \u201ePsychose und Ausbildung\u201c werden im zweiten Teil Themen f\u00fcr das n\u00e4chste Jahr unter den Anwesenden gesammelt.<\/p>\n\n\n\n<p>Zun\u00e4chst soll von Erfahrungen w\u00e4hrend der Ausbildung berichtet werden:<\/p>\n\n\n\n<p>\u201eEs gibt die Ausbildung in Berufsf\u00f6rderungswerken im gesch\u00fctzten Rahmen zum Beispiel in Bitburg oder K\u00f6ln (Michaelshoven). Diese ist meist mit Internat verbunden. Es ber\u00e4t die Agentur f\u00fcr Arbeit.\u201c<\/p>\n\n\n\n<p>\u201eMan kann in eine verk\u00fcrzte Ausbildung oder die regul\u00e4re Ausbildung machen. F\u00fcr die Ausbilder auf dem ersten Arbeitsmarkt kann man Hilfen zur Eingliederung beantragen.\u201c<\/p>\n\n\n\n<p>\u201eF\u00fcr junge Menschen ist es oft schwierig, so fern von zu Hause zu sein in einem Internat.\u201c<\/p>\n\n\n\n<p>\u201eIm Berufsf\u00f6rderungswerk wurde ich in eine Ausbildung gedr\u00e4ngt, die mir gar nicht lag. Die Ausbildung hatte zudem kaum Praxisbezug. Erst durch Umwege (Ehrenamt und Praktika) bin ich in meinem Traumberuf gelandet. Zun\u00e4chst 10 Stunden im Monat auf dem ersten Arbeitsmarkt in der IT-Branche.\u201c<\/p>\n\n\n\n<p>\u201e2014 begann ich meine Ausbildung als Gestaltungstechnischer Assistent. Durch psychotische Sch\u00fcbe konnte ich diese nicht beenden. Jetzt bin ich angebunden an eine Werkstatt f\u00fcr Behinderte und mache von dort aus ein Praktikum auf dem ersten Arbeitsmarkt.\u201c<\/p>\n\n\n\n<p>\u201eEin Antrag auf berufliche Reha wird meist beim Landschaftsverband Rheinland gestellt. Die deutsche Rentenversicherung ist erst zust\u00e4ndig, wenn Rentenbeitr\u00e4ge gezahlt wurden.\u201c<\/p>\n\n\n\n<p>\u201eF\u00fcr mich stellt sich die Frage, ob es \u00fcberhaupt sinnvoll ist, Menschen in den ersten Arbeitsmarkt zu inkludieren. Hinweis auf das Buch \u201eDie Inklusionsl\u00fcge\u201c von Uwe Becker.\u201c<\/p>\n\n\n\n<p>\u201eBevor ich in die Werkstatt f\u00fcr Behinderte gegangen bin, war ich insgesamt 15 Jahre auf dem ersten Arbeitsmarkt. Das war sehr schmerzhaft, weil es mit Versagen gekoppelt war. Ich konnte die Anforderungen nicht erf\u00fcllen. Jetzt f\u00fchle ich mich wohl.\u201c<\/p>\n\n\n\n<p>\u201eEs gibt Kritik an dem System der Werkstatt f\u00fcr Behinderte. Erstens ist der Lohn nicht gerecht. Die Qualit\u00e4t de Arbeit ist oft fraglich. Das ist ein diskussionsw\u00fcrdiges Thema.\u201c<\/p>\n\n\n\n<p>\u201eIn der Psychose ist es wichtig, zur Ruhe zu kommen und eine Struktur zu schaffen. Es gibt die Tagesst\u00e4tte f\u00fcr Menschen die noch nicht arbeiten k\u00f6nnen. Jeder Mensch hat Potenzial.\u201c<\/p>\n\n\n\n<p>\u201eHeutzutage kommt man besser in Arbeit als in den 2000er Jahren. Man muss sich nur Zeit nehmen. Es herrscht Fachkr\u00e4ftemangel und der demographische Wandel.\u201c<\/p>\n\n\n\n<p>\u201eIch erlebe die jungen Leute als motiviert. Wichtig ist, ein Ziel vor Augen zu haben und kleine Schritte zu gehen. F\u00fcr junge Leute ist es einfacher, eine neue passende Ausbildung zu finden als f\u00fcr \u00c4ltere, die ihren Traumberuf durch eine psychische Erkrankung verlieren und wieder ganz neu anfangen m\u00fcssen. . \u201c<\/p>\n\n\n\n<p>\u201eErgotherapie bietet die M\u00f6glichkeit, wieder F\u00e4higkeiten zu erlernen, wie z. b. Konzentration und Merkf\u00e4higkeit. F\u00fcr ambulante Ergotherapie ben\u00f6tigt man eine \u00e4rztliche Verordnung. Die Klinik in Z\u00fclpich bietet Ergotherapie u an und auch einige Praxen bieten dieses an.\u201c<\/p>\n\n\n\n<p>\u201eEine Psychose geht einher mit Konzentrationsst\u00f6rungen und Ged\u00e4chtnisst\u00f6rungen. Leistungsschwierigkeiten h\u00e4ngen vor der Schwere der Erkrankung ab. Es gibt f\u00fcr behinderte Menschen den IFD (Integrationsfachdienst) als Beratungsstelle.\u201c<\/p>\n\n\n\n<p>\u201eEine Ausbildung kann man in jedem Alter beginnen. Problematisch ist es nur, einen Arbeitgeber zu finden.\u201c<\/p>\n\n\n\n<p>\u201eAuch relativ gesunde Menschen machen Umwege, bis sie den richtigen Arbeitsplatz gefunden haben.\u201c<\/p>\n\n\n\n<p>Zweiter Teil:<\/p>\n\n\n\n<p>Themensammlung:<\/p>\n\n\n\n<p>L\u00f6hne in der Werkstatt f\u00fcr Behinderte<br>Betreuung und Rechtsgrundlagen (Neuigkeiten)<br>Psychose und Seriosit\u00e4t im Beruf<br>Selbstf\u00fcrsorge<br>\u00d6ffentlichkeitsarbeit und Aufkl\u00e4rung<br>Literatur \u00fcber Psychose<br>Psychose Online (Darstellung der Thematik im Internet)<br>Online-Abh\u00e4ngigkeit.<\/p>\n\n\n\n<p>Abschlussrunde: Ein Stein wird herumgereicht mit der Frage: \u201eWas hat Ihnen diese Veranstaltung gebracht? Was nehmen sie mit? Was lassen Sie hier?<\/p>\n","protected":false},"excerpt":{"rendered":"<p>Protokoll des Psychoseseminars vom 20.12.17 Anwesend: 10 Leute Moderation: Frau Dangel, Herr Schmidt Protokoll: Frau Els\u00e4sser Erster Teil: Begr\u00fc\u00dfung und Vorstellung des Psychoseseminars. Das Psychoseseminar gibt es seit 1995 in D\u00fcren. Es gibt ein umfangreiches Online-Archiv \u00fcber die Themen die schon angesprochen wurden. Neben dem heutigen Thema: \u201ePsychose und Ausbildung\u201c werden im zweiten Teil Themen [&hellip;]<\/p>\n","protected":false},"author":2,"featured_media":0,"parent":14,"menu_order":-159,"comment_status":"closed","ping_status":"closed","template":"","meta":[],"_links":{"self":[{"href":"https:\/\/www.psychose-seminar.de\/index.php?rest_route=\/wp\/v2\/pages\/517"}],"collection":[{"href":"https:\/\/www.psychose-seminar.de\/index.php?rest_route=\/wp\/v2\/pages"}],"about":[{"href":"https:\/\/www.psychose-seminar.de\/index.php?rest_route=\/wp\/v2\/types\/page"}],"author":[{"embeddable":true,"href":"https:\/\/www.psychose-seminar.de\/index.php?rest_route=\/wp\/v2\/users\/2"}],"replies":[{"embeddable":true,"href":"https:\/\/www.psychose-seminar.de\/index.php?rest_route=%2Fwp%2Fv2%2Fcomments&post=517"}],"version-history":[{"count":2,"href":"https:\/\/www.psychose-seminar.de\/index.php?rest_route=\/wp\/v2\/pages\/517\/revisions"}],"predecessor-version":[{"id":758,"href":"https:\/\/www.psychose-seminar.de\/index.php?rest_route=\/wp\/v2\/pages\/517\/revisions\/758"}],"up":[{"embeddable":true,"href":"https:\/\/www.psychose-seminar.de\/index.php?rest_route=\/wp\/v2\/pages\/14"}],"wp:attachment":[{"href":"https:\/\/www.psychose-seminar.de\/index.php?rest_route=%2Fwp%2Fv2%2Fmedia&parent=517"}],"curies":[{"name":"wp","href":"https:\/\/api.w.org\/{rel}","templated":true}]}}