{"id":501,"date":"2017-10-19T18:42:43","date_gmt":"2017-10-19T16:42:43","guid":{"rendered":"https:\/\/www.psychose-seminar.info\/?page_id=501"},"modified":"2017-10-19T18:42:43","modified_gmt":"2017-10-19T16:42:43","slug":"psychose-und-schwangerschaft","status":"publish","type":"page","link":"https:\/\/www.psychose-seminar.de\/?page_id=501","title":{"rendered":"Psychose und Schwangerschaft"},"content":{"rendered":"<p><b>Einstieg &#8211; Frau Dangel <\/b>:<\/p>\n<p>Das heutige Thema befasst sich mit der \u201ePsychose und Schwangerschaft\u201c. Welche Erfahrungen haben Sie als Erfahrene, Angeh\u00f6rige und Fachleute mit diesem Thema?<\/p>\n<p><b>Eine offene Gespr\u00e4chsrunde beginnt, die hier stichpunktartig wiedergegeben wird:<\/b><\/p>\n<ul>\n<li><i>In der Schwangerschaft hatte ich pl\u00f6tzlich Angstzust\u00e4nde; Angst raus zu gehen. Ich habe Bilder zerrissen. Ich wusste nicht was mit mir passiert. Mein Bruder hat mich in die Klinik gebracht. Erst nach Jahren konnte ich dar\u00fcber sprechen. Meine Mutter und meine Schwester sind auch psychisch krank. Ist diese Erkrankung vererbbar? Welche Rolle spielen die Hormone? Nach der Entbindung kam die Psychose dann voll durch. Mein Sohn wurde durch die Familie betreut.<\/i><\/li>\n<li><i>Ich interessiere mich f\u00fcr das Thema, weil mein Bruder in jungen Jahren an Psychose erkrankt ist.<\/i><\/li>\n<li><i>Es gibt einen Vererbungsaspekt \u2013 mehrere Gene sind verantwortlich + die Umwelt + soziale Faktoren + die Belastung. <\/i><\/li>\n<li><i>In der Schwangerschaft ist eine Neuerkrankung eher seltener \u2013 eher nach der Schwangerschaft.<\/i><\/li>\n<li><i>Fr\u00fchwarnzeichen k\u00f6nnen in der Schwangerschaft nicht so gut erkannt werden. <\/i><\/li>\n<li><i>Depressionen in der Schwangerschaft treten h\u00e4ufiger auf als Psychosen in der Schwangerschaft.<\/i><\/li>\n<li><i>Die \u201eFr\u00fchen Hilfen\u201c des Kreises D\u00fcren unterst\u00fctzen Frau vor \u2013 w\u00e4hrend und nach der Schwangerschaft; auch im allt\u00e4glichen und auch pr\u00e4ventiv.<\/i><\/li>\n<li><i>Oftmals hat das Umfeld \/ Freunde kein Verst\u00e4ndnis f\u00fcr diese Erkrankung<\/i><\/li>\n<li><i>Die Familie lernt damit umzugehen<\/i><\/li>\n<li><i>Mein Bruder war 19 Jahre, als er erkrankte. Es war sehr heftig. Er lief immer die Treppe rauf und runter, hatte das Radio ganz laut. Er hatte keine Krankheitseinsicht. Geholfen haben ihm die Klinik und die Medikamente. Beziehungsschwierigkeiten hat er heute noch. Er ist sehr sensibel und geht oft auf Distanz. Dann l\u00f6scht er alle Nummern im Handy. Wir als Familie wissen das und k\u00f6nnen damit umgehen. <\/i><\/li>\n<li><i>Auch die Ehe kann unter einen Erkrankung leiden. Bei mir f\u00fchrt die Erkrankung zur Scheidung. <\/i><\/li>\n<li><i>Hebammen k\u00f6nnen oft erkennen, wenn \u201eetwas nicht stimmt\u201c. Sie arbeiten eng mit Fach\u00e4rzten zusammen. Wichtig ist Transparenz. <\/i><\/li>\n<li><i>Ich bin auf das Thema durch einen Vortrag aufmerksam geworden. Dort wurde u. a. berichtet, dass 10 % aller Schwangeren an Wochenbettdepressionen erkranken. <\/i><\/li>\n<li><i>Zu unterscheiden ist ob es sich um eine depressive Episode oder um psychotische Symptome handelt. <\/i><\/li>\n<\/ul>\n<p><i>Depressive Symptome sind u. a. geminderter Antrieb und St\u00f6rung des Schlaf- und Wach &#8211; Rhythmus; psychotische Symptome sind u. a. Verfolgungswahn, Stimmen h\u00f6ren\u2026<\/i><\/p>\n<ul>\n<li><i>Das Jugendamt der Stadt D\u00fcren, ASD, hat viele Klienten, die an einer Borderline \u2013 St\u00f6rung erkrankt sind. Teilweise sind dann die Frauen im Akutzustand kaum wieder zu erkennen. Teilweise sind sie v\u00f6llig verschlossen oder auch v\u00f6llig \u201ehysterisch\u201c. Ein Babybegr\u00fc\u00dfungsdienst m\u00f6chte den Frauen und Kindern helfen und macht eine erste Einsch\u00e4tzung. Hier geht es nur um Beratung ohne \u201eKontrolle\u201c. Der ASD ist zust\u00e4ndig mit der Frage der Selbst \u2013 und Fremd &#8211; Gef\u00e4hrdung bzgl. der Kinder.<\/i><\/li>\n<li><i>Hilfen werden bei Krankheitseinsicht angenommen. In der akuten Psychose gibt es keine Krankheitseinsicht. <\/i><\/li>\n<li><i>In der LVR Klinik litt eine Patientin an einem \u201eSchutzwahn\u201c. Sie lie\u00df das Kind nie unbeobachtet und wollte es auch nicht ablegen. <\/i><\/li>\n<li><i>Die Gesellschaft verurteilt Frauen, die es nicht \u201eschaffen\u201c ihre Kinder gut zu versorgen. Meine Mutter hatte eine Psychose 6 Monate nach der Geburt. Sie muss immer gut auf sich achten. Auch meine j\u00fcngere Schwester ist davon betroffen. Im Freundeskreis wurden wir gemobbt und auch nicht ernst genommen. der Freundeskreis reduzierte sich. Es war nicht m\u00f6glich, offen zu reden. <\/i><\/li>\n<li><i>Mit der Zeit finden sich auch Freunde, die sich auch bei der Erkrankung nicht abwenden. <\/i><\/li>\n<\/ul>\n<p>PAUSE<\/p>\n<hr \/>\n<p><b>Es werden nun an der Flipchard folgende Aspekte festgehalten:<\/b><\/p>\n<ol>\n<li><b>Was ist zu tun bei Erkrankung vor der Schwangerschaft?<\/b><\/li>\n<\/ol>\n<ul>\n<li>Die Erkrankung darf nicht zur Angst f\u00fchren<\/li>\n<li>Ein gutes soziales und famili\u00e4res Umfeld ist wichtig<\/li>\n<li>Ein Helfernetz ist wichtig: \u00c4rzte, Fr\u00fche Hilfen, famili\u00e4ren Hilfen, Jugend\u00e4mter, Beratungsstellen\u2026..<\/li>\n<li>Klare und offene Kommunikation ist wichtig, z. B. \u00fcber Fr\u00fchwarnsymptome<\/li>\n<li>Das Medikament \u201eErgenyl\u201c ist in der Schwangerschaft abzusetzen \u2013 immer R\u00fccksprache mit Fach\u00e4rzten halten! \u2013 Medikamente werden in der Schwangerschaft anders verstoffwechselt.<\/li>\n<li>Regelm\u00e4\u00dfig Medikamentenspiegel machen !<\/li>\n<\/ul>\n<ol start=\"2\">\n<li><b>Was ist zu tun bei Erkrankung in \/ nach der Schwangerschaft <\/b><\/li>\n<\/ol>\n<ul>\n<li>S\u00e4uglinge werden die ersten Tage nach der Geburt klinisch \u00fcberwacht. Daher ist eine Entbindung mit einer angegliederten Kinderklinik zu empfehlen.<\/li>\n<li>Symptome sollen beobachten und zeitnah behandelt werden.<\/li>\n<li>Helfernetz<\/li>\n<li>Facharzt<\/li>\n<li>Ausf\u00fchrlicher Familienberatung<\/li>\n<li>Offenheit<\/li>\n<li>Familiensystem im Blick haben \u2013 auch Geschwisterkinder<\/li>\n<li>Stillen und Medikamente &gt; Nutzen und Risiko abw\u00e4gen.<\/li>\n<\/ul>\n<hr \/>\n<p>Ca. 20:30 Uhr<\/p>\n<p class=\"western\"><b>Abschlussrunde: <\/b>Ein Stein wird in die Runde gegeben: Was hat Ihnen diese Veranstaltung gebracht (was nehmen Sie mit? Was lassen Sie hier?)<\/p>\n<p class=\"western\"><b>Bedanken bei der Seminargruppe (und dem Gast \/ den G\u00e4sten) \u2013 Hinweis auf das n\u00e4chste Seminar am 15. November 2017 zu dem Thema \u201ePsychose und Intelligenz\u201c. <\/b><\/p>\n","protected":false},"excerpt":{"rendered":"<p>Einstieg &#8211; Frau Dangel : Das heutige Thema befasst sich mit der \u201ePsychose und Schwangerschaft\u201c. Welche Erfahrungen haben Sie als Erfahrene, Angeh\u00f6rige und Fachleute mit diesem Thema? Eine offene Gespr\u00e4chsrunde beginnt, die hier stichpunktartig wiedergegeben wird: In der Schwangerschaft hatte ich pl\u00f6tzlich Angstzust\u00e4nde; Angst raus zu gehen. Ich habe Bilder zerrissen. Ich wusste nicht was [&hellip;]<\/p>\n","protected":false},"author":2,"featured_media":0,"parent":14,"menu_order":-157,"comment_status":"closed","ping_status":"closed","template":"","meta":[],"_links":{"self":[{"href":"https:\/\/www.psychose-seminar.de\/index.php?rest_route=\/wp\/v2\/pages\/501"}],"collection":[{"href":"https:\/\/www.psychose-seminar.de\/index.php?rest_route=\/wp\/v2\/pages"}],"about":[{"href":"https:\/\/www.psychose-seminar.de\/index.php?rest_route=\/wp\/v2\/types\/page"}],"author":[{"embeddable":true,"href":"https:\/\/www.psychose-seminar.de\/index.php?rest_route=\/wp\/v2\/users\/2"}],"replies":[{"embeddable":true,"href":"https:\/\/www.psychose-seminar.de\/index.php?rest_route=%2Fwp%2Fv2%2Fcomments&post=501"}],"version-history":[{"count":0,"href":"https:\/\/www.psychose-seminar.de\/index.php?rest_route=\/wp\/v2\/pages\/501\/revisions"}],"up":[{"embeddable":true,"href":"https:\/\/www.psychose-seminar.de\/index.php?rest_route=\/wp\/v2\/pages\/14"}],"wp:attachment":[{"href":"https:\/\/www.psychose-seminar.de\/index.php?rest_route=%2Fwp%2Fv2%2Fmedia&parent=501"}],"curies":[{"name":"wp","href":"https:\/\/api.w.org\/{rel}","templated":true}]}}