{"id":50,"date":"1995-04-01T23:03:08","date_gmt":"1995-04-01T21:03:08","guid":{"rendered":"https:\/\/psychose-seminar.info\/?page_id=50"},"modified":"1995-04-01T23:03:08","modified_gmt":"1995-04-01T21:03:08","slug":"die-weiteren-sitzungen","status":"publish","type":"page","link":"https:\/\/www.psychose-seminar.de\/?page_id=50","title":{"rendered":"DIE WEITEREN SITZUNGEN"},"content":{"rendered":"<p>In den weiteren Sitzungen ging es in Gespr\u00e4ch und Erfahrungsaustausch um die Aufarbeitung und Kl\u00e4rung von individuellen Erlebnissen und Situationen. Dabei zeigte sich, da\u00df mit der M\u00f6glichkeit, \u00fcber die spezifische Betroffenheit als Psychose-Erfahrener, als Angeh\u00f6riger oder als professionell T\u00e4tiger hinaus die Erlebnisweisen und Wahmehmungsperspektiven der jeweils anderen Gruppen kennenzulernen und nachvollziehen zu k\u00f6nnen, sich zugleich Vertrauen bildet. Dieses Vertrauen \u00e4u\u00dferte sich zum einen in der zunehmenden Offenheit \u00fcber eigene Erfahrungen, Gef\u00fchle und Belastungen zu erz\u00e4hlen, und zum anderen darin, im Gespr\u00e4ch den anderen besser zuh\u00f6ren und sich besser auf sie und ihre Sichtweise einlassen zu k\u00f6nnen. Dies hatte zur Folge, da\u00df die Teilnehmer und Teilnehmerinnen das Seminar als Hilfe und St\u00e4rkung in ihren Lebenssituationen und in ihrer Betroffenheit durch die Psychose erfuhren. Diese Gespr\u00e4che sollen und k\u00f6nnen hier nicht im einzelnen -mit Ausnahme einer Sitzung, die sich auf die Situation der Aufnahme in die Klinik bezog- dokumentiert werden.<\/p>\n<p><b>WECHSELSEITIGE ERWARTUNGEN VON ANGEH\u00d6RIGEN, PATIENTEN UND PROFESSIONELL T\u00c4TIGEN IN DER SITUATION DER AUFNAHME UND AKUTEN BEHANDLUNG<\/b><\/p>\n[table &#8220;8&#8221; not found \/]<br \/>\n\n<p>&nbsp;<\/p>\n","protected":false},"excerpt":{"rendered":"<p>In den weiteren Sitzungen ging es in Gespr\u00e4ch und Erfahrungsaustausch um die Aufarbeitung und Kl\u00e4rung von individuellen Erlebnissen und Situationen. Dabei zeigte sich, da\u00df mit der M\u00f6glichkeit, \u00fcber die spezifische Betroffenheit als Psychose-Erfahrener, als Angeh\u00f6riger oder als professionell T\u00e4tiger hinaus die Erlebnisweisen und Wahmehmungsperspektiven der jeweils anderen Gruppen kennenzulernen und nachvollziehen zu k\u00f6nnen, sich zugleich [&hellip;]<\/p>\n","protected":false},"author":2,"featured_media":0,"parent":14,"menu_order":-7,"comment_status":"closed","ping_status":"closed","template":"","meta":[],"_links":{"self":[{"href":"https:\/\/www.psychose-seminar.de\/index.php?rest_route=\/wp\/v2\/pages\/50"}],"collection":[{"href":"https:\/\/www.psychose-seminar.de\/index.php?rest_route=\/wp\/v2\/pages"}],"about":[{"href":"https:\/\/www.psychose-seminar.de\/index.php?rest_route=\/wp\/v2\/types\/page"}],"author":[{"embeddable":true,"href":"https:\/\/www.psychose-seminar.de\/index.php?rest_route=\/wp\/v2\/users\/2"}],"replies":[{"embeddable":true,"href":"https:\/\/www.psychose-seminar.de\/index.php?rest_route=%2Fwp%2Fv2%2Fcomments&post=50"}],"version-history":[{"count":0,"href":"https:\/\/www.psychose-seminar.de\/index.php?rest_route=\/wp\/v2\/pages\/50\/revisions"}],"up":[{"embeddable":true,"href":"https:\/\/www.psychose-seminar.de\/index.php?rest_route=\/wp\/v2\/pages\/14"}],"wp:attachment":[{"href":"https:\/\/www.psychose-seminar.de\/index.php?rest_route=%2Fwp%2Fv2%2Fmedia&parent=50"}],"curies":[{"name":"wp","href":"https:\/\/api.w.org\/{rel}","templated":true}]}}