{"id":454,"date":"2017-04-28T22:19:35","date_gmt":"2017-04-28T20:19:35","guid":{"rendered":"https:\/\/psychose-seminar.info\/?page_id=454"},"modified":"2017-04-28T22:19:35","modified_gmt":"2017-04-28T20:19:35","slug":"umgang-mit-ueberengagierten-helfern","status":"publish","type":"page","link":"https:\/\/www.psychose-seminar.de\/?page_id=454","title":{"rendered":"Umgang mit \u00fcberengagierten Helfern"},"content":{"rendered":"<p><strong>Protokoll des Psychoseseminars vom 19.04.17<\/strong><\/p>\n<p>Anwesend: 6 Personen, darunter Frau Musinskaite (\u00c4rztin LVR-Klinik)<br \/>\nModeration: Herr Schmidt<br \/>\nProtokoll: Frau Els\u00e4sser<br \/>\nVorstellung des Psychoseseminars<\/p>\n<p><strong>Einleitung<\/strong><\/p>\n<p>Definition Engagement laut W\u00f6rterbuch. Pers\u00f6nlicher Einsatz aus weltanschaulicher Verbundenheit.<\/p>\n<p>Im Kreis wird es definiert als Gegenst\u00fcck zu einem Handel, das hei\u00dft Engagement ist ein Vorschuss an Geben.<\/p>\n<p>Helfersyndrom: Als Helfer f\u00fchle ich mich gr\u00f6\u00dfer.<\/p>\n<p>Engagement hat positive Seite: Erfahrungen weiter zu geben, um etwas zu bewirken.<\/p>\n<p><strong>Erfahrungsaustausch<\/strong><\/p>\n<ul>\n<li>Erfahrung als Helfer\n<ul>\n<li>Hilfe zur Selbsthilfe wird oft missverstanden.<\/li>\n<li>Wetteifern um Hilfe bei religi\u00f6s gepr\u00e4gten Menschen nach dem Motto: Ich muss die Welt retten.<\/li>\n<li>Es k\u00f6nnen schnell Entt\u00e4uschungen kommen<\/li>\n<li>Finanzielle Gr\u00fcnde f\u00fcr zu viel an Hilfe (mehr Geld vom LVR)<\/li>\n<li>Angeh\u00f6rige \u00fcben Druck auf \u00c4rzte aus, wenn die Sch\u00fctzlinge eine Behandlung verweigern.<\/li>\n<li>Helfer katalogisieren einen in Diagnosen.<\/li>\n<\/ul>\n<\/li>\n<li>Erfahrung mit Helfern\n<ul>\n<li>Selbsthilfegruppe<\/li>\n<li>Mutter hat Selbstst\u00e4ndigkeit behindert. Erst nach deren Tod ein Netzwerk aufgebaut<\/li>\n<li>\u00c4rztliche Behandlung mit Medikamenten<\/li>\n<li>Jeder muss eigenverantwortlich handeln.<\/li>\n<li>Ich sollte nie versuchen, jemanden anderen zu \u00e4ndern.<\/li>\n<li>Krankheitseinsicht und Selbstannahme<\/li>\n<\/ul>\n<\/li>\n<\/ul>\n<p><strong>Welche Arten von Helfern gibt es?<\/strong><\/p>\n<p>\u00c4rzte, Angeh\u00f6rige, Nachbarn.<\/p>\n<p><strong>Suizidalit\u00e4t<\/strong><\/p>\n<p>S. ist ein sensibles Thema. Heutzutage reicht es schon, wenn jemand in einer SMS schreibt: \u201eIch kann nicht mehr\u201c. In Litauen ist die Suizidrate sehr hoch. Dort ist das Gegenteil der Fall. Die Menschen werden oft alleine gelassen mit ihren Gedanken.<br \/>\nWie kann man S. Feststellen? Ank\u00fcndigung, Medikamente horten.<\/p>\n<p><strong>Psychotischer Schub<\/strong><\/p>\n<p>Viel Hilfe ist notwendig in Form von Aufgefangen werden. Die Betroffenen k\u00f6nnen lernen, Warnsignale festzustellen und sich zeitnah helfen zu lassen.<\/p>\n<p><strong>Wo ist die Grenze der Selbstbestimmung?<\/strong><\/p>\n<p>Abh\u00e4ngigkeiten zu anderen Menschen abbauen, Abh\u00e4ngigkeit von Menschen hat etwas mit Selbstwert zu tun.<\/p>\n<p><strong>Pause<\/strong><\/p>\n<p>Arbeiten an der Flipchart:<\/p>\n<ul>\n<li><strong>Helfer: Wie merke ich, dass es zu viel wird?<\/strong>\n<ul>\n<li>Gereiztheit, Ungeduld<\/li>\n<li>Forderung von Effizienz<\/li>\n<li>Supervision und Fallbesprechung<\/li>\n<li>Behandlungsdauer unterschiedliche Meinungen<\/li>\n<li>Ganze Gedanken drehen sich um einen \u201eFall\u201c.<\/li>\n<\/ul>\n<\/li>\n<li><strong>Betroffene: Wie gehe ich damit um?<\/strong>\n<ul>\n<li>Objektive Person dazuziehen.<\/li>\n<li>Offenheit und Klarheit mit Erwartungen<\/li>\n<li>Kenntnisse \u00fcber eigene Erkrankung<\/li>\n<li>Landesverband f\u00fcr Psychiatrieerfahrene<\/li>\n<li>Behandlungsvereinbarungen das hat gut getan das sollte unterlassen werden<\/li>\n<li>Angeh\u00f6rigengruppen<\/li>\n<li>Selbsthilfegruppe<\/li>\n<li>Psychoseseminar<\/li>\n<li>Offener Treff<\/li>\n<\/ul>\n<\/li>\n<\/ul>\n<p><strong>Wie lerne ich zu sagen: So geht es nicht!<\/strong><\/p>\n<p><strong>Erfahrene:<\/strong><\/p>\n<ol>\n<li>Sich selbst kennen.<\/li>\n<li>Gruppengespr\u00e4ch<\/li>\n<li>Herausfinden, wie es geht<\/li>\n<li>positive Vorbilder<\/li>\n<li>Kommunikation<\/li>\n<li>Krankheitseinsicht<\/li>\n<li>Ehrlichkeit<\/li>\n<li>Erlaubnis, aus der Situation zu gehen.<\/li>\n<\/ol>\n<p><strong>Helfer:<\/strong><\/p>\n<ol>\n<li>\u00a0Ehrlichkeit<\/li>\n<li>Mal in Urlaub gehen<\/li>\n<\/ol>\n<p><strong>Abschlussrunde<\/strong><\/p>\n","protected":false},"excerpt":{"rendered":"<p>Protokoll des Psychoseseminars vom 19.04.17 Anwesend: 6 Personen, darunter Frau Musinskaite (\u00c4rztin LVR-Klinik) Moderation: Herr Schmidt Protokoll: Frau Els\u00e4sser Vorstellung des Psychoseseminars Einleitung Definition Engagement laut W\u00f6rterbuch. Pers\u00f6nlicher Einsatz aus weltanschaulicher Verbundenheit. Im Kreis wird es definiert als Gegenst\u00fcck zu einem Handel, das hei\u00dft Engagement ist ein Vorschuss an Geben. Helfersyndrom: Als Helfer f\u00fchle ich [&hellip;]<\/p>\n","protected":false},"author":2,"featured_media":0,"parent":14,"menu_order":-153,"comment_status":"closed","ping_status":"closed","template":"","meta":[],"_links":{"self":[{"href":"https:\/\/www.psychose-seminar.de\/index.php?rest_route=\/wp\/v2\/pages\/454"}],"collection":[{"href":"https:\/\/www.psychose-seminar.de\/index.php?rest_route=\/wp\/v2\/pages"}],"about":[{"href":"https:\/\/www.psychose-seminar.de\/index.php?rest_route=\/wp\/v2\/types\/page"}],"author":[{"embeddable":true,"href":"https:\/\/www.psychose-seminar.de\/index.php?rest_route=\/wp\/v2\/users\/2"}],"replies":[{"embeddable":true,"href":"https:\/\/www.psychose-seminar.de\/index.php?rest_route=%2Fwp%2Fv2%2Fcomments&post=454"}],"version-history":[{"count":0,"href":"https:\/\/www.psychose-seminar.de\/index.php?rest_route=\/wp\/v2\/pages\/454\/revisions"}],"up":[{"embeddable":true,"href":"https:\/\/www.psychose-seminar.de\/index.php?rest_route=\/wp\/v2\/pages\/14"}],"wp:attachment":[{"href":"https:\/\/www.psychose-seminar.de\/index.php?rest_route=%2Fwp%2Fv2%2Fmedia&parent=454"}],"curies":[{"name":"wp","href":"https:\/\/api.w.org\/{rel}","templated":true}]}}