{"id":431,"date":"2016-11-23T03:09:57","date_gmt":"2016-11-23T01:09:57","guid":{"rendered":"https:\/\/psychose-seminar.info\/?page_id=431"},"modified":"2016-11-23T03:09:57","modified_gmt":"2016-11-23T01:09:57","slug":"trauma-therapie-kliniken","status":"publish","type":"page","link":"https:\/\/www.psychose-seminar.de\/?page_id=431","title":{"rendered":"Trauma \u2013 Therapie \u2013 Kliniken"},"content":{"rendered":"<p class=\"western\"><strong>Protokoll des Psychoseseminars vom 16.11.16 von 19:00 Uhr bis 20:45 Uhr.<\/strong><\/p>\n<p class=\"western\">Moderation: Frau Dangel<\/p>\n<p class=\"western\">Protokoll: Frau Els\u00e4sser<\/p>\n<p class=\"western\"><strong>Ablauf:<\/strong><\/p>\n<p class=\"western\">Begr\u00fc\u00dfung der anwesenden G\u00e4ste: Frau Dangel<\/p>\n<p class=\"western\">Vorstellung des Psychoseseminars: Herr Schmidt<\/p>\n<p>Ablauf des Seminars mit Pausen und Getr\u00e4nken: Frau Dangel<\/p>\n<p><strong>Das Thema im Psychoseseminar am 16.November 2016 lautet: \u201eTrauma \u2013 Therapie \u2013 Kliniken\u201c<\/strong><\/p>\n<p class=\"western\"><strong>Einstieg <\/strong><\/p>\n<p class=\"western\">Definition von Trauma wird auf einer Folie dargestellt. Es handelt sich um eine Verletzung k\u00f6rperlicher und\/oder seelischer Art.<\/p>\n<p class=\"western\">Frage und Beispiele in die Runde: k\u00f6rperliche Erkrankung als Ursache, Psychose, Gewalt, unvorhersehbare Ereignisse, immer wiederkehrende Ereignisse.<\/p>\n<p class=\"western\"><strong><b>Medizinische Definition<\/b><\/strong> von der \u00c4rztin Frau Gutic: direktes und pers\u00f6nliches Erleben von Tod oder Verletzung der k\u00f6rperlichen Unversehrtheit bei sich selber oder bei anderen Menschen. In Abgrenzung dazu handelt es sich nicht um normalen Stress oder Belastung (zum Beispiel psychotisches Erleben), sondern um eine<\/p>\n<p class=\"western\"><strong><b>Akute Situation <\/b><\/strong>oder eine <b>Komplexe Traumatische Belastung<\/b><\/p>\n<p class=\"western\">das hei\u00dft, eine immer wiederkehrende Verletzung. Zum Beispiel sexuelle Misshandlungen.<\/p>\n<p class=\"western\">Bei einem Trauma k\u00f6nnen verschiedene Krankheiten folgen: Depression, Psychose, somatische Beschwerden usw. Eine <b>Folgekrankheit<\/b> ist auch die Posttraumatische Belastungsst\u00f6rung (<b>PTBS<\/b>)<\/p>\n<p class=\"western\">Nicht jeder Mensch, der ein Trauma erlebt hat, entwickelt eine PTBS. 75% aller Menschen erleben im Laufe ihres Lebens ein Trauma. Davon erkranken 25 % an einer PTBS.<\/p>\n<p class=\"western\"><b>Anzeichen einer PTBS Posttraumatischen Belastungsst\u00f6rung<\/b><\/p>\n<ul>\n<li class=\"western\">Flashbacks, das hei\u00dft \u201ereal\u201c wirkendes Erleben, Kontrollverlust \u00fcber Gef\u00fchle.<\/li>\n<li class=\"western\">Gest\u00f6rtes Ich<\/li>\n<li>Pers\u00f6nlichkeitsver\u00e4nderungen<\/li>\n<li>Schnelle Reizbarkeit, Schreckhaftigkeit, immer auf der Hut sein.<\/li>\n<li>K\u00f6rperliche Symptome zum Beispiel Kopfschmerz und Schwindel<\/li>\n<li>R\u00fcckzug aus sozialem Leben<\/li>\n<\/ul>\n<p class=\"western\">Bei der akuten PTBS spielt die Anf\u00e4lligkeit (Vulnerablilit\u00e4t) nicht so eine gro\u00dfe Rolle, wie bei der komplexen Belastungsst\u00f6rung. Die komplexe PTBS wird h\u00e4ufiger diagnostiziert in der Klinik.<\/p>\n<p class=\"western\">Leider wird noch zu wenig dar\u00fcber geforscht.<\/p>\n<p class=\"western\"><b>PAUSE<\/b><\/p>\n<p class=\"western\"><b>Zweiter Teil:<\/b><\/p>\n<p class=\"western\"><b>Was kann man tun?<\/b><\/p>\n<p class=\"western\">Bitte nicht erzwingen, dar\u00fcber zu reden, am besten erst mal nicht dar\u00fcber reden.<\/p>\n<p class=\"western\">Diskussionspunkt: St\u00f6ren Benzodiazepine (Beruhigungsmittel) die Verarbeitung des Traumas? Es wird von manchen Fachleuten vermutet, dass der Kontrollverlust extrem erlebt wird durch Benzodiazepine. Andererseits werden in Akutsituationen oft die Mittel verabreicht, um Schlimmeres zu verhindern zum Beispiel Suizid oder k\u00f6rperliche \u00dcberreaktionen.<\/p>\n<p class=\"western\">Die Menschen brauchen Sicherheit, W\u00e4rme, Oxitozin-Spray (Oxitozin ist ein Hormon, das bei Wohlbefinden ausgesch\u00fcttet wird), Matratzen, Decken, S\u00fc\u00dfigkeiten.<\/p>\n<p class=\"western\">Das ist sozusagen die Erste Hilfe bei Akuten Belastungsst\u00f6rungen.<\/p>\n<p class=\"western\">Die \u00c4rzte k\u00f6nnen leider nicht in die Zukunft blicken, was mit einer Person passieren wird, die akute Belastung erleben.<\/p>\n<p class=\"western\">Wichtig ist auch, Zeit zu haben f\u00fcr den Patienten.<\/p>\n<p class=\"western\"><b>Folgest\u00f6rungen (Folie)<\/b><\/p>\n<ul>\n<li class=\"western\">Blockade<\/li>\n<li>Verarbeitung verlangsamt<\/li>\n<li>andauernde Pers\u00f6nlichkeitsst\u00f6rung<\/li>\n<li>Psychose, Todes\u00e4ngste, wahnhafte Verarbeitung<\/li>\n<li>Suchterkrankung<\/li>\n<li>k\u00f6rperliche Erkrankungen<\/li>\n<li>Depressionen<\/li>\n<li>Dissoziationen<\/li>\n<li>Somatisierung<\/li>\n<li>Frage von Angeh\u00f6rigen in die Runde:<\/li>\n<\/ul>\n<p class=\"western\"><b>Umgang mit Psychose-Betroffenen<\/b><\/p>\n<ul>\n<li class=\"western\">Normalit\u00e4t leben<\/li>\n<li>Angeh\u00f6rigengespr\u00e4ch mit Stationsarzt, Sozialarbeiter (Fragen aufschreiben)<\/li>\n<li>Ruhe, keine Hektik<\/li>\n<li>Dosierung von Nachrichtensendungen im Fernsehen<\/li>\n<li>Der Wahn ist nicht korrigierbar. Keine Energie verschwenden, um den Wahn auszureden. Stattdessen ablenken und versuchen, denjenigen zu beruhigen.<\/li>\n<li>Informationen \u00fcber die Krankheit einholen<\/li>\n<\/ul>\n<p><b>Was ist hilfreich aus Sicht der Betroffenen?<\/b><\/p>\n<ul>\n<li class=\"western\">Fr\u00fchwarnzeichen erkennen \u2013 dadurch werden Klinikaufenthalte k\u00fcrzer<\/li>\n<li>Hilfe holen<\/li>\n<li>Entlastung organisieren<\/li>\n<\/ul>\n<p>Ehrlichkeit (keine L\u00fcgenkonstrukte aufbauen)<\/p>\n<p>Ca. 20:35 Uhr<\/p>\n<p class=\"western\"><strong>Abschlussrunde:<\/strong> Ein Stein wird in die Runde gegeben: Was hat Ihnen diese Veranstaltung gebracht (was nehmen Sie mit? Was lassen Sie hier?)<\/p>\n<p class=\"western\">Bedanken bei der Seminargruppe<\/p>\n<p class=\"western\"><b>Hinweis auf das n\u00e4chste Psychoseseminar am 21. Dezember 2016:<\/b><\/p>\n<p class=\"western\"><b>Aktiv sein im Winter \u2013 Trotz psychischer Erkrankung<\/b><\/p>\n","protected":false},"excerpt":{"rendered":"<p>Protokoll des Psychoseseminars vom 16.11.16 von 19:00 Uhr bis 20:45 Uhr. Moderation: Frau Dangel Protokoll: Frau Els\u00e4sser Ablauf: Begr\u00fc\u00dfung der anwesenden G\u00e4ste: Frau Dangel Vorstellung des Psychoseseminars: Herr Schmidt Ablauf des Seminars mit Pausen und Getr\u00e4nken: Frau Dangel Das Thema im Psychoseseminar am 16.November 2016 lautet: \u201eTrauma \u2013 Therapie \u2013 Kliniken\u201c Einstieg Definition von Trauma [&hellip;]<\/p>\n","protected":false},"author":2,"featured_media":0,"parent":14,"menu_order":-150,"comment_status":"closed","ping_status":"closed","template":"","meta":[],"_links":{"self":[{"href":"https:\/\/www.psychose-seminar.de\/index.php?rest_route=\/wp\/v2\/pages\/431"}],"collection":[{"href":"https:\/\/www.psychose-seminar.de\/index.php?rest_route=\/wp\/v2\/pages"}],"about":[{"href":"https:\/\/www.psychose-seminar.de\/index.php?rest_route=\/wp\/v2\/types\/page"}],"author":[{"embeddable":true,"href":"https:\/\/www.psychose-seminar.de\/index.php?rest_route=\/wp\/v2\/users\/2"}],"replies":[{"embeddable":true,"href":"https:\/\/www.psychose-seminar.de\/index.php?rest_route=%2Fwp%2Fv2%2Fcomments&post=431"}],"version-history":[{"count":0,"href":"https:\/\/www.psychose-seminar.de\/index.php?rest_route=\/wp\/v2\/pages\/431\/revisions"}],"up":[{"embeddable":true,"href":"https:\/\/www.psychose-seminar.de\/index.php?rest_route=\/wp\/v2\/pages\/14"}],"wp:attachment":[{"href":"https:\/\/www.psychose-seminar.de\/index.php?rest_route=%2Fwp%2Fv2%2Fmedia&parent=431"}],"curies":[{"name":"wp","href":"https:\/\/api.w.org\/{rel}","templated":true}]}}