{"id":39,"date":"1995-02-01T21:28:21","date_gmt":"1995-02-01T19:28:21","guid":{"rendered":"https:\/\/psychose-seminar.info\/?page_id=39"},"modified":"1995-02-01T21:28:21","modified_gmt":"1995-02-01T19:28:21","slug":"stummes-schreibgespraech-welche-positiven-erlebnisse-verbinde-ich-mit-psychose","status":"publish","type":"page","link":"https:\/\/www.psychose-seminar.de\/?page_id=39","title":{"rendered":"STUMMES SCHREIBGESPR\u00c4CH: WELCHE POSITIVEN ERLEBNISSE VERBINDE ICH MIT PSYCHOSE?"},"content":{"rendered":"<p><strong>DIE ZWEITE SITZUNG (1.2.95)<\/strong><\/p>\n<p><strong>aus eigenem Erleben &lt;&#8211;&gt; aus der Au\u00dfensicht als Professioneller oder als Angeh\u00f6rig<\/strong><\/p>\n<div class=\"table sectionedit3\">\u00a0Jeder Teilnehmer und jede Teilnehmerin notierte Gedanken zum Thema auf ein Blatt, das dann weitergegeben wurde und auf das die anderen Teilnehmer und Teilnehmerinnen kommentierend die Gedanken schrieben, die ihnen zum Ausgangstext einfielen. Dazu einige \u00c4u\u00dferungen und Beispiele:<\/div>\n<ul>\n<li class=\"level1\">\n<div class=\"li\">1) Entdeckung neuer F\u00e4higkeiten \/ geballte Energieansammlung \/ ehrlicheres Lebensgef\u00fchl \/ klareres Bild der Pers\u00f6nlichkeit \/ intensives Lebensgef\u00fchl in spezifischen Bereichen \/ mehr Erfahrung aus dem Unterbewu\u00dften \/ zum Teil \u00fcberlegene intuitive Kraft \/ keine Angstgef\u00fchle mehr<\/div>\n<\/li>\n<\/ul>\n<ul>\n<li class=\"level1\">\n<div class=\"li\">2) F\u00fcr mich als Angeh\u00f6rige (Mutter) ist es kaum m\u00f6glich, positive Erfahrungen in der Psychose zu machen. Eigenes Erleben war Chaos, Wahnsinn und Kampf. Die eigene Ausdauer und Belastbarkeit kaum tragbar.<\/div>\n<\/li>\n<\/ul>\n<ul>\n<li class=\"level1\">\n<div class=\"li\">3) Aus der Au\u00dfensicht positiv- Grunds\u00e4tzlich Lebensinhalte differenziert nach der Frage, was ist wesentlich, was ist unwesentlich \/ ernsthaftes Befassen mit der Krankheit &#8211; sich auseinandersetzen damit was ohne diese Erfahrung nie so der Fall gewesen w\u00e4re \/ Die Sensibilit\u00e4t f\u00fcr psychotische Erscheinungsformen ist wesentlich erh\u00f6ht worden f\u00fcr alle mich umgebenden Menschen (Sch\u00fcler) \/ Mut zur Hoffnung habe ich erarbeiten m\u00fcssen<\/div>\n<\/li>\n<\/ul>\n<ul>\n<li class=\"level1\">\n<div class=\"li\">4) Wenn bei eigenem Erleben Chaos und Hoffnungslosigkeit vorherrschend sind &#8211; bekomme ich von der Au\u00dfenwelt signalisiert, da\u00df etwas mit mir nicht stimmt &#8211; das f\u00fchrt zu noch mehr Chaos und Ausweglosigkeit und der Sehnsucht nach Harmonie \/ Wenn ich es geschafft habe, aus diesem Tief hochzukommen (meist allein) und es herrscht vorwiegend Harmonie und meine Gedanken sind geordnet und es entsteht um mich herum ein Sinngef\u00fcge, dann ist auch meine Umwelt mit mir zufrieden und ich bin auf dem Weg der Genesung. Vorwiegend steht in der gesamten Psychose die Sehnsucht nach Harmonie, Ordnung und Sinn.<\/div>\n<\/li>\n<\/ul>\n<ul>\n<li class=\"level1\">\n<div class=\"li\">5) Ich hatte pl\u00f6tzlich sehr viel Energie \/ ich war sehr kreativ \/ ich konnte Aggressionen \u00e4u\u00dfern \/ Ich hatte Zugang zu einer anderen, unsichtbaren Welt \/ Ich f\u00fchlte mich verbunden mit dem ganzen Kosmos \/ Ich stand im Mittelpunkt der Welt \/ Ich war sehr selbstsicher und selbstbewu\u00dft<\/div>\n<\/li>\n<\/ul>\n<ul>\n<li class=\"level1\">\n<div class=\"li\">6) Zugang zu einer anderen Welt, Wahrnehmen von sonst verschlossenen Dimensionen \/ der Mensch sozusagen in seiner Reinform \/ Strategie gegen Selbstmord \/ Das Wichtige tritt zutage \/ Ein \u00dcberlebenskunstwerk gegen die Verzweiflung \/ Der Mensch in der Revolte gegen Unertr\u00e4gliches<\/div>\n<\/li>\n<\/ul>\n<ul>\n<li class=\"level1\">\n<div class=\"li\">7) Positiv erlebe ich die ehrliche und mutige, mit dem Einsatz aller Kr\u00e4fte gef\u00fchrte Auseinandersetzung mit Lebenssinnfragen. Den Mut, Grenzen zu verlassen.<\/div>\n<\/li>\n<\/ul>\n<ul>\n<li class=\"level1\">\n<div class=\"li\">8) Durch Enthemmt &#8211; Sein und freien Lauf der Emotionen sich deutlich machen k\u00f6nnen<\/div>\n<\/li>\n<\/ul>\n<ul>\n<li class=\"level1\">\n<div class=\"li\">9) Zugang zu Schichten der Pers\u00f6nlichkeit, die sonst unbewu\u00dft sind, einen aber beeinflussen, Man lernt, wieviel Angst man eigentlich hat. Au\u00dferdem ein anderes Umwelterleben: wenn&#8217;s einem gut geht, kam man ja fast beliebig ein nettes Gesicht aufsetzen, und man merkt oft gar nicht so, ob die Leute wirklich was von einem wollen; geht\u00b4s einem schlecht, kriegt man das besser mit, obwohl man nat\u00fcrlich nicht wei\u00df, ob es aus Mitleid ist. Leiden kann einen, so man auch mal daraus kommt, auch mal reifen lassen.<\/div>\n<\/li>\n<\/ul>\n<ul>\n<li class=\"level1\">\n<div class=\"li\">10) Ich war \u00fcbergl\u00fccklich in einer Psychose (Manie). Ich hatte hohe Kreativit\u00e4t, konnte sch\u00f6ne Bilder malen und hatte meiner Meinung nach geniale Gedanken dazu, die die Hintergr\u00fcnde des Lebens betreffen. Ich habe gelernt, meinem Leid eine positive Seite abzugewinnen. Ich habe das Vertrauen, da\u00df es immer wieder gut wird. Ich kann heute meine Krankheit bew\u00e4ltigen. Ich kann heute auf ein au\u00dferordentlich interessantes Leben zur\u00fcckblicken und bin dabei, meine Lebensgeschichte zu schreiben, um meine positiven Psychoseerfahrungen auch anderen mitzuteilen.<\/div>\n<\/li>\n<\/ul>\n<ul>\n<li class=\"level1\">\n<div class=\"li\">11) Es haben sich sch\u00f6ne Phantasien entwickelt, die die Erlebnisf\u00e4higkeit enorm erh\u00f6hen! Man sp\u00fcrt das Wunder des Lebens.<\/div>\n<\/li>\n<\/ul>\n<ul>\n<li class=\"level1\">\n<div class=\"li\">12) Bewu\u00dftseinserweiterung \/ Ausbruch aus dem Alltag (der manchmal krankmachend ist) \/ Dringende Aufforderung, sich als Angeh\u00f6riger selbst zu entwickeln und guten Boden unter den F\u00fc\u00dfen zu finden. \/ Dankbarkeit f\u00fcr jeden Tag, an dem Kontakt m\u00f6glich ist (Mehr Blick f\u00fcr den Augenblick).<\/div>\n<\/li>\n<\/ul>\n<ul>\n<li class=\"level1\">\n<div class=\"li\">13) Das Mitgef\u00fchl und die Hilfsbereitschaft von psychotischen Patienten hat mich manchmal erstaunt und ger\u00fchrt; ihr feines Gesp\u00fcr f\u00fcr meine eigenen Probleme &#8211; und das Bed\u00fcrfnis, -dem Mitarbeiter der Klinik, zu helfen<\/div>\n<\/li>\n<\/ul>\n<ul>\n<li class=\"level1\">\n<div class=\"li\">14) Notwendigkeit und Chance, das Leben komplett neu zu betrachten und zu organisieren \/ M\u00f6glichkeit, \u00fcber die Erkrankung bisher unbekannte Seiten von sich kennenzulernen und zu entwickeln (z.B. k\u00fcnstlerisch) \/ m\u00f6glicher Ausstieg aus einem zu leistungsbetonten Leben und im g\u00fcnstigen Fall Neuorientierung<\/div>\n<\/li>\n<\/ul>\n<p><iframe loading=\"lazy\" src=\"https:\/\/www.psychoseseminar.info\/p-seminar\/1995-02.htm\" width=\"350\" height=\"75\" frameborder=\"0\" marginwidth=\"0\" marginheight=\"0\" scrolling=\"no\"><\/iframe><\/p>\n","protected":false},"excerpt":{"rendered":"<p>DIE ZWEITE SITZUNG (1.2.95) aus eigenem Erleben &lt;&#8211;&gt; aus der Au\u00dfensicht als Professioneller oder als Angeh\u00f6rig \u00a0Jeder Teilnehmer und jede Teilnehmerin notierte Gedanken zum Thema auf ein Blatt, das dann weitergegeben wurde und auf das die anderen Teilnehmer und Teilnehmerinnen kommentierend die Gedanken schrieben, die ihnen zum Ausgangstext einfielen. Dazu einige \u00c4u\u00dferungen und Beispiele: 1) [&hellip;]<\/p>\n","protected":false},"author":2,"featured_media":0,"parent":14,"menu_order":-3,"comment_status":"closed","ping_status":"closed","template":"","meta":[],"_links":{"self":[{"href":"https:\/\/www.psychose-seminar.de\/index.php?rest_route=\/wp\/v2\/pages\/39"}],"collection":[{"href":"https:\/\/www.psychose-seminar.de\/index.php?rest_route=\/wp\/v2\/pages"}],"about":[{"href":"https:\/\/www.psychose-seminar.de\/index.php?rest_route=\/wp\/v2\/types\/page"}],"author":[{"embeddable":true,"href":"https:\/\/www.psychose-seminar.de\/index.php?rest_route=\/wp\/v2\/users\/2"}],"replies":[{"embeddable":true,"href":"https:\/\/www.psychose-seminar.de\/index.php?rest_route=%2Fwp%2Fv2%2Fcomments&post=39"}],"version-history":[{"count":0,"href":"https:\/\/www.psychose-seminar.de\/index.php?rest_route=\/wp\/v2\/pages\/39\/revisions"}],"up":[{"embeddable":true,"href":"https:\/\/www.psychose-seminar.de\/index.php?rest_route=\/wp\/v2\/pages\/14"}],"wp:attachment":[{"href":"https:\/\/www.psychose-seminar.de\/index.php?rest_route=%2Fwp%2Fv2%2Fmedia&parent=39"}],"curies":[{"name":"wp","href":"https:\/\/api.w.org\/{rel}","templated":true}]}}