{"id":376,"date":"2016-05-18T03:46:33","date_gmt":"2016-05-18T01:46:33","guid":{"rendered":"https:\/\/psychose-seminar.info\/?page_id=376"},"modified":"2016-05-18T03:46:33","modified_gmt":"2016-05-18T01:46:33","slug":"selbstbestimmt-durch-behandlungsvereinbarung","status":"publish","type":"page","link":"https:\/\/www.psychose-seminar.de\/?page_id=376","title":{"rendered":"Selbstbestimmt durch Behandlungsvereinbarung!"},"content":{"rendered":"<p class=\"western\" align=\"center\"><span style=\"font-family: Comic Sans MS,cursive;\"><span style=\"font-size: medium;\"><u>Protokoll des Psychoseseminars vom 18. Mai 2016<\/u><\/span><\/span><\/p>\n<p class=\"western\" align=\"center\"><span style=\"font-family: Comic Sans MS,cursive;\"><span style=\"font-size: medium;\"><u><b>von 19.00 \u2013 20:45 Uhr<\/b><\/u><\/span><\/span><u> <\/u><\/p>\n<p class=\"western\" align=\"center\"><span style=\"font-family: Comic Sans MS,cursive;\"><span style=\"font-size: medium;\"><u>Moderation und Protokoll: Frau Dangel<\/u><\/span><\/span><\/p>\n<p class=\"western\" align=\"justify\"><b>Ablauf:<\/b><\/p>\n<p class=\"western\" align=\"justify\">Begr\u00fc\u00dfung des Auditoriums und der anwesenden G\u00e4ste Frau Dangel<\/p>\n<p class=\"western\" align=\"justify\">Vorstellung des Psychoseseminars Herr Schmidt<\/p>\n<p class=\"western\" align=\"justify\">Ablauf des Seminars mit Pausen und Getr\u00e4nken und Protokoll erkl\u00e4ren Frau Dangel<\/p>\n<p class=\"western\" align=\"center\"><u><b>Das Thema im Psychoseseminar am 18.05.2016 lautet:<\/b><\/u><\/p>\n<p class=\"western\" align=\"center\">\u201e<b>Selbstbestimmt durch Behandlungsvereinbarung (BV)!\u201c<\/b><\/p>\n<p><b>Einstieg &#8211; Frau Dangel<\/b>: Im letzten Psychoseseminar hie\u00df es: Medikamente nehmen oder nicht nehmen? Hieraus ergaben sich u. a. Fragen, wie die Selbstf\u00fcrsorge wirksam umgesetzt werden kann. Es wurde z. B. ein Medikamentenpass angesprochen, in dem alle Medikamente und Dosierungen notiert sind. Das heutige Thema kn\u00fcpft an den Selbstf\u00fcrsorgegedanken an. Zun\u00e4chst m\u00f6chten wir kl\u00e4ren, wie eine Behandlungsvereinbarung der LVR Klinik D\u00fcren entstanden und aufgebaut ist.<\/p>\n<p>Frau Sieburg berichtet von der Behandlungsvereinbarung \u2013 Gruppe, die 1997 in der Kette e. V. gegr\u00fcndet wurde<span style=\"color: #ff0000;\"><br \/>\n<\/span><\/p>\n<p>Die Behandlungsvereinbarung wird vom Aufbau her kurz vorgestellt<span style=\"color: #ff0000;\">. <\/span><\/p>\n<p>Nun werden die Teilnehmen gefragt, ob und welche Erfahrung Sie mit einer BV haben.<\/p>\n<p>In einer regen Diskussion entstehen folgende Aussagen.<\/p>\n<ul>\n<li>Wie wird in der BV der Punkt \u201eKrankmeldung\u201c ohne Hinweis auf psychiatrische Unterbringung umgesetzt werden? Schreibt dann der Hausarzt die Krankmeldung?<\/li>\n<li>Die AKUT Station in der LVR Klinik D\u00fcren hat kaum Erfahrung mit der BV. Diese wird ja im stabilen Zustand abgeschlossen. Im Akutzustand geht es um Schutz und Gefahrenabwehr. Bei \u201ebekannten\u201c Patienten sind hilfreiche Medikationen bekannt. Der Behandler ist immer in der Haftung, so dass er \/ sie die notwendigen Medikationen einsetzen (muss).<\/li>\n<li>Es sollte eine Kennzeichnung in der Patientenakte geben, dass eine BV vorliegt.<\/li>\n<li>Die BV wird in der Klinik im Chefarztsekretariat aufbewahrt und in der Ambulanz. Patiten und Angeh\u00f6rige sollen auf diese bei der Aufnahme hinweisen.<\/li>\n<li>BV soll als vertrauensbildende Ma\u00dfnahme wirksam sein<\/li>\n<li>Behandler kennen die Rechte von Patienten und setzen diese um<\/li>\n<li>F\u00fcr Patietnen ist es hilfreich, W\u00fcsche mitzuteilen, z. B. was ihnen gut tut in der akuten Krise<\/li>\n<li>Behandler m\u00f6chten Beziehung zu den Patienten aufbauen um diese zu verstehen. Sie sind verpflichtet Ausk\u00fcnfte \u00fcber die Patienten einzuholen. Es gibt kaum Patienten die v\u00f6llig unbekannt und \u201enamenlos\u201c sind.<\/li>\n<li>Die problematische Situation in einer Akutstation kann eine BV nicht ver\u00e4ndern. Dort f\u00fchren die Erlebnisse und Eindr\u00fccke manchmal zur Traumatisierung. Diese Erlebnisse besprechen die \u00c4rzte mit den Patienten.<\/li>\n<li>Die Psychiatrie steht sehr im Fokus der \u00d6ffentlichkeit; oftmals negativ<\/li>\n<\/ul>\n<p>Durch mehr Transparenz und \u00d6ffnung kann es zu einer positiveren Meinung gegen\u00fcber der Psychiatrie kommen<\/p>\n<ul>\n<li>Fr\u00fcher war der Umgang mit den Patienten weniger sensibel. Heute hat sich Vieles zum Positiven ver\u00e4ndert.<\/li>\n<li>Wichtig ist, die BV zu aktualisieren, wenn sich etwas ver\u00e4ndert (ebenso wie in der Vorsorgevollmacht und der Patientenverf\u00fcgung)<\/li>\n<li>Bei Patienten, die \u201eunbekannt\u201c sind und sich nicht mitteilen k\u00f6nnen, kann die Klinik Ausk\u00fcnfte \u00fcber das Amtsgericht, die Krankenkasse, den Hausarzt Informationen bekommen.<\/li>\n<\/ul>\n<hr \/>\n<p>PAUSE<\/p>\n<p>Nun m\u00f6chten wir auf der Flipchart sammeln, wodurch Selbstbestimmtheit m\u00f6glich ist:<\/p>\n<p>Was wird ben\u00f6tigt?<\/p>\n<ul>\n<li>\n<p class=\"western\">Vertrauen in die Klinik und Medikamente<\/p>\n<\/li>\n<li>\n<p class=\"western\">Zufriedenheit<\/p>\n<\/li>\n<li>\n<p class=\"western\">Fr\u00fchwarnsymptome erkennen \/ kennen lernen<\/p>\n<\/li>\n<li>\n<p class=\"western\">Einsicht in die Erkrankung<\/p>\n<\/li>\n<li>\n<p class=\"western\">Akzeptanz der Krankheit &lt; Infos \u00fcber die Erkrankung<\/p>\n<\/li>\n<li>\n<p class=\"western\">Wissen durch gute Kommunikation in der Klinik<\/p>\n<\/li>\n<li>\n<p class=\"western\">\u00dcberversorgung erkennen und selbstbestimmter werden<\/p>\n<\/li>\n<li>\n<p class=\"western\">Zwischenmenschliche Beziehungen zwischen der Klinik den \u00c4rzten, den Patienten und dem Pflegepersonal<\/p>\n<\/li>\n<li>\n<p class=\"western\">Leben aktiv gestalten \/Selbstwirksamkeit)<\/p>\n<\/li>\n<li>\n<p class=\"western\">Alltagskompetenzen<\/p>\n<\/li>\n<\/ul>\n<hr \/>\n<p class=\"western\"><b>Abschlussrunde: <\/b>Ein Stein wird in die Runde gegeben: Was hat Ihnen diese Veranstaltung gebracht (was nehmen Sie mit? Was lassen Sie hier?)<\/p>\n<p class=\"western\">Bedanken bei der Seminargruppe (und dem Gast \/ den G\u00e4sten)<\/p>\n<p class=\"western\">Hinweis auf das n\u00e4chste Seminar am <b>25. Juni zu dem Thema: \u201e Ambulante Hilfe, die bei psychischer Erkrankung nach Hause kommt\u201c<\/b>.<\/p>\n<p class=\"western\">Alle weiteren Themen stehen auch auf der Homepage des Psychose \u2013 Seminars: www.psychose-seminar.info<\/p>\n","protected":false},"excerpt":{"rendered":"<p>Protokoll des Psychoseseminars vom 18. Mai 2016 von 19.00 \u2013 20:45 Uhr Moderation und Protokoll: Frau Dangel Ablauf: Begr\u00fc\u00dfung des Auditoriums und der anwesenden G\u00e4ste Frau Dangel Vorstellung des Psychoseseminars Herr Schmidt Ablauf des Seminars mit Pausen und Getr\u00e4nken und Protokoll erkl\u00e4ren Frau Dangel Das Thema im Psychoseseminar am 18.05.2016 lautet: \u201eSelbstbestimmt durch Behandlungsvereinbarung (BV)!\u201c [&hellip;]<\/p>\n","protected":false},"author":2,"featured_media":0,"parent":14,"menu_order":-146,"comment_status":"closed","ping_status":"closed","template":"","meta":[],"_links":{"self":[{"href":"https:\/\/www.psychose-seminar.de\/index.php?rest_route=\/wp\/v2\/pages\/376"}],"collection":[{"href":"https:\/\/www.psychose-seminar.de\/index.php?rest_route=\/wp\/v2\/pages"}],"about":[{"href":"https:\/\/www.psychose-seminar.de\/index.php?rest_route=\/wp\/v2\/types\/page"}],"author":[{"embeddable":true,"href":"https:\/\/www.psychose-seminar.de\/index.php?rest_route=\/wp\/v2\/users\/2"}],"replies":[{"embeddable":true,"href":"https:\/\/www.psychose-seminar.de\/index.php?rest_route=%2Fwp%2Fv2%2Fcomments&post=376"}],"version-history":[{"count":0,"href":"https:\/\/www.psychose-seminar.de\/index.php?rest_route=\/wp\/v2\/pages\/376\/revisions"}],"up":[{"embeddable":true,"href":"https:\/\/www.psychose-seminar.de\/index.php?rest_route=\/wp\/v2\/pages\/14"}],"wp:attachment":[{"href":"https:\/\/www.psychose-seminar.de\/index.php?rest_route=%2Fwp%2Fv2%2Fmedia&parent=376"}],"curies":[{"name":"wp","href":"https:\/\/api.w.org\/{rel}","templated":true}]}}