{"id":36,"date":"1995-01-18T21:15:40","date_gmt":"1995-01-18T19:15:40","guid":{"rendered":"https:\/\/psychose-seminar.info\/?page_id=36"},"modified":"1995-01-18T21:15:40","modified_gmt":"1995-01-18T19:15:40","slug":"die-erste-sitzung-18-1-95","status":"publish","type":"page","link":"https:\/\/www.psychose-seminar.de\/?page_id=36","title":{"rendered":"DIE ERSTE SITZUNG (18.1.95)"},"content":{"rendered":"<p>Die erste Sitzung diente der Verst\u00e4ndigung \u00fcber Themen und Probleme, die im Psychose Seminar behandelt werden sollten. Die Teilnehmer und Teilnehmerinnen &#8211; Psychose &#8211; Erfahrene, Angeh\u00f6rige und Professionelle &#8211; notierten ihre Themenw\u00fcnsche auf Karten, die anschlie\u00dfend systematisch geordnet und durch Klebepunkte gewichtet wurden. Daraus ergab sich eine Vereinbarung \u00fcber die thematischen Vorhaben des Psychose &#8211; Seminars:<\/p>\n<ul>\n<li class=\"level1\">\n<div class=\"li\">1 W\u00fcnsche \/ Sehns\u00fcchte, Verantwortung, Mut, Wut, Wahnsinn, Weisheit, Liebe, Krankheit und Kunst, Ausdauer \/ Belastbarkeit, Selbstbewu\u00dftsein trotz eigener (falscher) Wege, Hoffnung, Chaos \/ Energie\/ K\u00e4lte \/ Kampf, Bereicherung meiner Pers\u00f6nlichkeit, Selbstwertgef\u00fchl \/ Selbstbewu\u00dftsein \/ Lebenserfahrung<\/div>\n<\/li>\n<\/ul>\n<p>Summe <strong>MUT<\/strong>: 26 Punkte<\/p>\n<ul>\n<li class=\"level1\">\n<div class=\"li\">2 Minderwertig-Gef\u00fchl, Hilflosigkeit \/Angst, Angst vor Krieg, Angstgef\u00fchl \/ Unsicherheit, Au\u00dfer Kontrolle , Zwang, unberechenbar \/ Panik, Selbstmordgedanken, Freiheit \/ Hemmungslosigkeit 1 Gewissen \/ Angst, Situation in den Kliniken, Angst vor der Klinik, Entwicklung, Depression, Leere, Enge, Raum \/ Ha\u00dfgef\u00fchle in der Psychose<\/div>\n<\/li>\n<\/ul>\n<p>Summe <strong>ANGST<\/strong>: 16<\/p>\n<ul>\n<li class=\"level1\">\n<div class=\"li\">3 Vereinsamung, Isolation, Liebesverlust, kontaktgest\u00f6rt, Zw\u00e4nge \/ Raum \/ Stabilit\u00e4t<\/div>\n<\/li>\n<\/ul>\n<p>Summe <strong>ISOLATION<\/strong>: 5 P.<\/p>\n<ul>\n<li class=\"level1\">\n<div class=\"li\">4 Die Erde ist wie ein fremder Planet, Realit\u00e4tsverlust, Realit\u00e4t falsch interpretieren, Verfolgungswahn, falsche Selbsteinsch\u00e4tzung, totale Wesensver\u00e4nderung, Psychoseerleben anhand der Biographie, Definition krank &#8211; gesund, Fremdeinsch\u00e4tzung Selbsteinsch\u00e4tzung \/ Wut \/ Trauer \/ Aggression<\/div>\n<\/li>\n<\/ul>\n<p>Summe <strong>Realit\u00e4t(sverlust)<\/strong> : 15 P.<\/p>\n<ul>\n<li class=\"level1\">\n<div class=\"li\">5 Sexualit\u00e4t in der Psychose (3 P.), Religion<\/div>\n<\/li>\n<\/ul>\n<ul>\n<li class=\"level1\">\n<div class=\"li\">6 Akute Psychose! Zwangseinweisung?, Ursachen der Psychose, Aufkl\u00e4rung der Patienten, Prophylaxe, Selbsthilfegruppen, Medikamente: Wirkung \/ Nebenwirkung, Warum wird Psychose \u201ezugesch\u00fcttet\u201c mit Psychopharmaka? \/ berufliche Rehabilitation<\/div>\n<\/li>\n<\/ul>\n<p>Summe <strong>Behandlung<\/strong>: 6 Punkte<\/p>\n<p><iframe loading=\"lazy\" src=\"https:\/\/www.psychoseseminar.info\/p-seminar\/1995-01.htm\" width=\"350\" height=\"75\" frameborder=\"0\" marginwidth=\"0\" marginheight=\"0\" scrolling=\"no\"><\/iframe><\/p>\n","protected":false},"excerpt":{"rendered":"<p>Die erste Sitzung diente der Verst\u00e4ndigung \u00fcber Themen und Probleme, die im Psychose Seminar behandelt werden sollten. Die Teilnehmer und Teilnehmerinnen &#8211; Psychose &#8211; Erfahrene, Angeh\u00f6rige und Professionelle &#8211; notierten ihre Themenw\u00fcnsche auf Karten, die anschlie\u00dfend systematisch geordnet und durch Klebepunkte gewichtet wurden. Daraus ergab sich eine Vereinbarung \u00fcber die thematischen Vorhaben des Psychose &#8211; [&hellip;]<\/p>\n","protected":false},"author":2,"featured_media":0,"parent":14,"menu_order":-2,"comment_status":"closed","ping_status":"closed","template":"","meta":[],"_links":{"self":[{"href":"https:\/\/www.psychose-seminar.de\/index.php?rest_route=\/wp\/v2\/pages\/36"}],"collection":[{"href":"https:\/\/www.psychose-seminar.de\/index.php?rest_route=\/wp\/v2\/pages"}],"about":[{"href":"https:\/\/www.psychose-seminar.de\/index.php?rest_route=\/wp\/v2\/types\/page"}],"author":[{"embeddable":true,"href":"https:\/\/www.psychose-seminar.de\/index.php?rest_route=\/wp\/v2\/users\/2"}],"replies":[{"embeddable":true,"href":"https:\/\/www.psychose-seminar.de\/index.php?rest_route=%2Fwp%2Fv2%2Fcomments&post=36"}],"version-history":[{"count":0,"href":"https:\/\/www.psychose-seminar.de\/index.php?rest_route=\/wp\/v2\/pages\/36\/revisions"}],"up":[{"embeddable":true,"href":"https:\/\/www.psychose-seminar.de\/index.php?rest_route=\/wp\/v2\/pages\/14"}],"wp:attachment":[{"href":"https:\/\/www.psychose-seminar.de\/index.php?rest_route=%2Fwp%2Fv2%2Fmedia&parent=36"}],"curies":[{"name":"wp","href":"https:\/\/api.w.org\/{rel}","templated":true}]}}