{"id":308,"date":"2014-04-16T19:29:08","date_gmt":"2014-04-16T17:29:08","guid":{"rendered":"https:\/\/psychose-seminar.info\/?page_id=308"},"modified":"2014-04-16T19:29:08","modified_gmt":"2014-04-16T17:29:08","slug":"suchterkrankung-und-psychose","status":"publish","type":"page","link":"https:\/\/www.psychose-seminar.de\/?page_id=308","title":{"rendered":"Suchterkrankung und Psychose"},"content":{"rendered":"<p><b>Protokoll des Psychoseseminars vom 16. April 2014 von 19.00 \u2013 21:30 Uhr<\/b><\/p>\n<p><b>Moderation: Herr Schmidt; Protokoll: Frau Freih\u00f6fer-Sicking; Referentin: Frau Dr. med. Niedersteberg<\/b><\/p>\n<p><b>Teil I: Erarbeitung der, den Teilnehmern bekannten S\u00fcchte und ihren Funktionen<\/b><\/p>\n<p>Nach der Begr\u00fc\u00dfung der Teilnehmer der Vorstellung wird der Begriff \u201eSucht\u201c n\u00e4her beleuchtet.<\/p>\n<p>Dazu wird die Frage gestellt, ob &#8211; und welche S\u00fcchte die Teilnehmer kennen.<\/p>\n<p><b>Karten werden ausgegeben mit der Bitte verschiedenste S\u00fcchte, welche die Besucher kennen einzeln auf je eine Karte zu schreiben:<\/b><\/p>\n<p>(Gleichzeitig werden drei Zuordnungsbl\u00e4tter in den Kreis gelegt:)<\/p>\n<ul>\n<li>Suchtmittel k\u00f6nnen der Selbstmedikation dienen: &gt; Medikamente, Alkohol, Spielsucht<\/li>\n<li>Suchtmittel k\u00f6nnen Ausl\u00f6ser von Psychosen sein! &gt; Medikamentensucht, LSD, Amphetamine, Extasy, THC, Polytoxicomanie, Alkohol<\/li>\n<li>Sucht kann zus\u00e4tzlich zur Psychose auftreten! &gt; Medikamentensucht, Spielsucht, Alkohol<\/li>\n<li>Bei der Zuordnung der, von den Teilnehmern bekannten S\u00fcchten stellt sich das Problem, dass f\u00fcr die Nicht-Substanzungbundenen S\u00fcchte o. Verhaltenss\u00fcchte noch eine Rubrik geschaffen werden mu\u00dfte: &gt; Kaufsucht, Magersucht, Bullemie, Spielsucht, Arbeitssucht, Beziehungssucht, Sexsucht&#8230;<\/li>\n<\/ul>\n<p><b>Teil II: Hilfen:<\/b><\/p>\n<p>Merkmale einer Psychose: &gt; multifaktoriell!<\/p>\n<ul>\n<li>R\u00fcckbildung der Symptome langwierig!<\/li>\n<li>Helfende Faktoren:\n<ul>\n<li>Krankheitseinsicht<\/li>\n<li>Verhaltenstherapie<\/li>\n<li>Psychoedukation<\/li>\n<li>Gespr\u00e4chstherapie<\/li>\n<li>Selbstwert verbessern\/unterst\u00fctzen<\/li>\n<li>Fr\u00fchwarnsymptome (Anleitung in Gruppen )<\/li>\n<\/ul>\n<\/li>\n<\/ul>\n<p>Die Suchtambulanz bietet Betroffenen und Angeh\u00f6rigen Beratung<\/p>\n","protected":false},"excerpt":{"rendered":"<p>Protokoll des Psychoseseminars vom 16. April 2014 von 19.00 \u2013 21:30 Uhr Moderation: Herr Schmidt; Protokoll: Frau Freih\u00f6fer-Sicking; Referentin: Frau Dr. med. Niedersteberg Teil I: Erarbeitung der, den Teilnehmern bekannten S\u00fcchte und ihren Funktionen Nach der Begr\u00fc\u00dfung der Teilnehmer der Vorstellung wird der Begriff \u201eSucht\u201c n\u00e4her beleuchtet. Dazu wird die Frage gestellt, ob &#8211; und [&hellip;]<\/p>\n","protected":false},"author":2,"featured_media":0,"parent":14,"menu_order":-129,"comment_status":"closed","ping_status":"closed","template":"","meta":[],"_links":{"self":[{"href":"https:\/\/www.psychose-seminar.de\/index.php?rest_route=\/wp\/v2\/pages\/308"}],"collection":[{"href":"https:\/\/www.psychose-seminar.de\/index.php?rest_route=\/wp\/v2\/pages"}],"about":[{"href":"https:\/\/www.psychose-seminar.de\/index.php?rest_route=\/wp\/v2\/types\/page"}],"author":[{"embeddable":true,"href":"https:\/\/www.psychose-seminar.de\/index.php?rest_route=\/wp\/v2\/users\/2"}],"replies":[{"embeddable":true,"href":"https:\/\/www.psychose-seminar.de\/index.php?rest_route=%2Fwp%2Fv2%2Fcomments&post=308"}],"version-history":[{"count":0,"href":"https:\/\/www.psychose-seminar.de\/index.php?rest_route=\/wp\/v2\/pages\/308\/revisions"}],"up":[{"embeddable":true,"href":"https:\/\/www.psychose-seminar.de\/index.php?rest_route=\/wp\/v2\/pages\/14"}],"wp:attachment":[{"href":"https:\/\/www.psychose-seminar.de\/index.php?rest_route=%2Fwp%2Fv2%2Fmedia&parent=308"}],"curies":[{"name":"wp","href":"https:\/\/api.w.org\/{rel}","templated":true}]}}