{"id":294,"date":"2013-04-17T19:12:36","date_gmt":"2013-04-17T17:12:36","guid":{"rendered":"https:\/\/psychose-seminar.info\/?page_id=294"},"modified":"2013-04-17T19:12:36","modified_gmt":"2013-04-17T17:12:36","slug":"werden-koerperliche-ursachen-von-psychosen-bei-der-diagnose-beruecksichtigt-welche-gibt-es","status":"publish","type":"page","link":"https:\/\/www.psychose-seminar.de\/?page_id=294","title":{"rendered":"Werden k\u00f6rperliche Ursachen von Psychosen bei der Diagnose ber\u00fccksichtigt? &#8211; Welche gibt es?"},"content":{"rendered":"<p><b>Protokoll des Psychoseseminars vom 17.04.2013 von 19.00 \u2013 20:45 Uhr<\/b><\/p>\n<p>Moderation und Protokoll: Frau Dangel<\/p>\n<p>Begr\u00fc\u00dfung des Auditoriums und der anwesenden G\u00e4ste (insbesondere Herrn Prof. Dr. Gr\u00fcnder, stell. Direktor der Klinik f\u00fcr Psychotherapie des Universit\u00e4tsklinikums Aachen und Leiter des Lehr- und Forschungsgebietes Experimentelle Neuropsychiatrie )<\/p>\n<p>Vorstellung des Psychoseseminars und Ablauf des Seminars mit Pausen und Getr\u00e4nken.<\/p>\n<p>Der Einstieg in das Thema erfolgt \u00fcber die Frage \u201eWas ist Psychose?\u201c Frau Hamacher referiert hierzu kurz die zentralen Aspekte:<\/p>\n<p>Psychose ist ein elastischer Begriff. Es ist eine St\u00f6rung des Realit\u00e4tsbezugs. Schizophrenien und manisch \/ depressive Erkrankungen geh\u00f6ren zur Psychose. Organische Psychosen sind Sch\u00e4digungen des zentralen Nervensystems, z. B. durch Einnahme von Drogen.<\/p>\n<p>Herr Dr. Prof. Gr\u00fcnder erg\u00e4nzt, dass in den USA im Mai ein neuer Katalog (DSM) herauskommt, wo es neue \u201eEinteilungen\u201c im Hinblick auf psychische Erkrankungen gibt. Die unterschiedlichen Formen bei Schizophrenie werden aufgehoben. Dies hat vor allem Auswirkung auf die Forschung. Au\u00dferhalb Amerikas gilt der ICD 10. Letztlich hat der neue DSM auch Auswirkung auf die Forschung au\u00dferhalb Amerikas. Fr\u00fcher gab es eine Abgrenzung zwischen Schizophrenie und drogeninduzierter Psychose. Drogen k\u00f6nnen trotzdem zu Schizophrenie f\u00fchren. Besonders bei Cannabiskonsum.<\/p>\n<p>Es entsteht eine Diskussion \u00fcber die Selbstbehandlungshypothese. Menschen nehmen Cannabis, weil sie merken, dass etwas nicht stimmt. Dadurch k\u00f6nnen Symptome sich verst\u00e4rken \/ ver\u00e4ndern. Es kann zu Verfolgungswahn und Stimmenh\u00f6ren kommen. Auch Alkohol wird als Selbstbehandlung eingesetzt, da dieser sedierend und enthemmend wirkt. Ob Bier oder hochprozentiger Alkohol konsumiert wird, spielt dabei keine Rolle.<\/p>\n<p>Danach geht es um die Frage:<\/p>\n<p><b>\u201cK\u00f6nnen Ursachen von Psychosen organisch\/k\u00f6rperlich sein?\u201c<\/b><\/p>\n<p>Neben den \u00fcblichen Ausl\u00f6sern wie Hirntumore und Drogen werden im Laufe der Diskussion noch folgende m\u00f6gliche Ursachen genannt:<\/p>\n<ul>\n<li>In einem Spiegel-Artikel Heft 32\/2012 geht es um Autoimmunerkrankungen, die zu Psychosen f\u00fchren k\u00f6nnen.<\/li>\n<li>Auch in der Sendung Nano auf 3sat gab es etwa um die gleiche Zeit eine Sendung zu einem \u00e4hnlichen Thema: \u201eAutoimmunerkrankung kann Schizophrenie ausl\u00f6sen\u201c<\/li>\n<li>Herr Prof. Dr. Gr\u00fcnder erkl\u00e4rt, dass es eine Autoimmunerkrankung gibt, die zun\u00e4chst mit Depression und Psychose beginnt, dass aber sehr schnell Sprach- und Gangst\u00f6rungen erfolgen. Diese Autoimmunerkrankung wird dann mit Cortison behandelt. Autoimmunerkrankungen sind durch Blutuntersuchungen feststellbar.<\/li>\n<li>An der Uni Magdeburg hat es eine Arbeitsgruppe gegeben, die auch an Schizophrenie -Erkrankten Blutuntersuchungen im Hinblick auf eine Autoimmunerkrankung durchgef\u00fchrt haben. Bei etwa 10% wurde dann Cortison eingesetzt. M\u00f6gliche Behandlungserfolge sind nicht nachweisbar<\/li>\n<li>In einer Zeitschrift des EU.L.E. \u2013Instituts <a class=\"external text\" href=\"http:\/\/www.das-eule.de\" rel=\"nofollow\">www.das-eule.de<\/a> dem EU.L.E.N-Spiegel 4-6\/2012 gibt es den Artikel: \u201eZum Verr\u00fccktwerden: Viren im Erbgut\u201c. Hier geht es um Virenerbgut, das sich nach \u00fcberstandenen Infektionen in unseren Genen befindet. Normalerweise ist das Virenerbgut abgeschaltet. Bestimmte Medikamente k\u00f6nnen es wieder aktivieren und zu psychischen Erkrankungen f\u00fchren. Herr Prof. Dr. Gr\u00fcnder kann allerdings nicht best\u00e4tigen, dass Viren durch Medikamente wieder t\u00e4tig werden.<\/li>\n<li>In dem Buch \u201eTherapie der Psychosen\u201c von Johan Cullberg wird auf Seite 153 erw\u00e4hnt, dass auch manche blutdrucksenkende Mittel zu Verwirrtheit und affektive Psychosen f\u00fchren k\u00f6nnen. <b>Blutdrucksenker:<\/b> Betablocker k\u00f6nnen Depressionen bewirken. Sie verringern die Durchblutung des Gehirns. Es gibt auch Wechselwirkungen zwischen Blutdrucksenkern und Psychopharmaka. Prof. Dr. Gr\u00fcnder meint, dass wahrscheinlich eine medikament\u00f6se Neueinstellung Sinn macht. Dies ist meist station\u00e4r angeraten.<\/li>\n<li>In dem EU.L.E.N-Spiegel 2\/2007 geht es um Psychosen durch Toxoplasmose: \u201eToxoplasmose: Schizophren durch Mettbr\u00f6tchen?\u201c Hierzu erkl\u00e4rt Prof. Dr. Gr\u00fcnder, dass Toxoplasmose eine organische Erkrankung ist und durch eine MRT (Magnetresonanztomographie) Untersuchung erkannt werden kann. Eine Behandlung erfolgt dann mit Antibiotika.<\/li>\n<li>Eine verhinderte Besucherin teilte uns vorher telefonisch mit, dass chemische Gifte nach ihren Recherchen auch zu psychischen Erkrankungen f\u00fchren k\u00f6nnen, vor allem bei Menschen mit MCS (multiple chemical sensitivity)<\/li>\n<li>Es gibt Gene, die das Risiko, an Schizophrenie zu erkranken, erh\u00f6hen. Das Risikogen plus Umweltfaktoren wie Stress und Drogenkonsum k\u00f6nnen zur Psychose f\u00fchren.<\/li>\n<\/ul>\n<p><b>Wie werden k\u00f6rperliche \/ organische Ursachen bei der Diagnostik einer Psychose ber\u00fccksichtigt?<\/b><\/p>\n<p>Prof. Dr. Gr\u00fcnder erkl\u00e4rt, dass bei Ersterkrankten das Uniklinikum Aachen immer in den ersten Wochen ein MRT durchf\u00fchrt, um auszuschlie\u00dfen, dass z. B. ein Tumor Ausl\u00f6ser einer Erkrankung sein kann. Ein weiteres Verfahren ist die Nervenwasseruntersuchung \/ Lumbalpunktion. Weniger als 5% der psychisch Erkrankten zeigen bei diesem Verfahren Auff\u00e4lligkeiten. Diagnostiziert werden kann dann eine Erkrankung nicht im Einzelnen; es ist nur eine Diagnose im Gruppenvergleich m\u00f6glich. Bei einer funktionellen Kernspinntomographie wird die Hirndurchblutung sichtbar. Hirnaktivit\u00e4ten k\u00f6nnen erkannt werden. Schizophrenien sind Hirnerkrankungen (subtile Stoffwechselst\u00f6rungen).<\/p>\n<p>In der LVR Klinik D\u00fcren wird bei Ersterkrankten zun\u00e4chst eine Computertomographie vorgenommen, dann erfolgt je nach Notwendigkeit ein MRT.<\/p>\n<p>Der Patient bekommt bei der MRT \u2013 Untersuchung teilweise ein Sedativum, da die Untersuchung in der engen R\u00f6hre oftmals Platzangst hervorruft.<\/p>\n<p>Bei mehreren Krankheitssymptomen, wie z. B. \u201eStimmen h\u00f6ren\u201c und ein \u201eeingeschlafener Arm\u201c kann m\u00f6glicher Weise die k\u00f6rperliche Erkrankung ein Ausl\u00f6ser f\u00fcr die psychische St\u00f6rung sein. Ein \u201eeingeschlafener Arm\u201c kann auf einen Tumor hinweisen.<\/p>\n<p>Die Kosten dieser Untersuchungen tr\u00e4gt das jeweils behandelnde Krankenhaus. Bei einer ambulanten Versorgung erfolgt die Kosten\u00fcbernahme \u00fcber das Budget des niedergelassenen Arztes. Kernspinnverfahren gibt es seit den 90ziger Jahren. Im EEG kann ein Tumor nicht immer erkannt werden.<\/p>\n<p>Fazit: Zusammenfassend kann gesagt werden, dass bei nur einem geringen Teil an Psychose erkrankter Menschen urs\u00e4chlich organische \/ k\u00f6rperliche Erkrankungen Ausl\u00f6ser sind. Organische Ursachen k\u00f6nnen u. a. nachgewiesen werden durch MRT \u2013 Diagnostik, aber nicht im Einzelnen sondern nur im Gruppenvergleich. Es handelt sich um minimale Abweichungen, die dann aufgedeckt werden k\u00f6nnen.<\/p>\n<p>Wichtig ist ein achtsamer Umgang mit dem Gut \u201eGesundheit\u201c. Stress-, Alkohol- und Drogenkonsum k\u00f6nnen bei genetischer Veranlagung Psychosen ausl\u00f6sen.<\/p>\n<p><b>Abschlussrunde:<\/b> Ein Stein wird in die Runde gegeben: Was hat Ihnen diese Veranstaltung gebracht (was nehmen Sie mit? Was lassen Sie hier?)<\/p>\n<p>Ca. 20:45 Uhr<\/p>\n<p>Verabschiedung<\/p>\n","protected":false},"excerpt":{"rendered":"<p>Protokoll des Psychoseseminars vom 17.04.2013 von 19.00 \u2013 20:45 Uhr Moderation und Protokoll: Frau Dangel Begr\u00fc\u00dfung des Auditoriums und der anwesenden G\u00e4ste (insbesondere Herrn Prof. Dr. Gr\u00fcnder, stell. Direktor der Klinik f\u00fcr Psychotherapie des Universit\u00e4tsklinikums Aachen und Leiter des Lehr- und Forschungsgebietes Experimentelle Neuropsychiatrie ) Vorstellung des Psychoseseminars und Ablauf des Seminars mit Pausen und [&hellip;]<\/p>\n","protected":false},"author":2,"featured_media":0,"parent":14,"menu_order":-122,"comment_status":"closed","ping_status":"closed","template":"","meta":[],"_links":{"self":[{"href":"https:\/\/www.psychose-seminar.de\/index.php?rest_route=\/wp\/v2\/pages\/294"}],"collection":[{"href":"https:\/\/www.psychose-seminar.de\/index.php?rest_route=\/wp\/v2\/pages"}],"about":[{"href":"https:\/\/www.psychose-seminar.de\/index.php?rest_route=\/wp\/v2\/types\/page"}],"author":[{"embeddable":true,"href":"https:\/\/www.psychose-seminar.de\/index.php?rest_route=\/wp\/v2\/users\/2"}],"replies":[{"embeddable":true,"href":"https:\/\/www.psychose-seminar.de\/index.php?rest_route=%2Fwp%2Fv2%2Fcomments&post=294"}],"version-history":[{"count":0,"href":"https:\/\/www.psychose-seminar.de\/index.php?rest_route=\/wp\/v2\/pages\/294\/revisions"}],"up":[{"embeddable":true,"href":"https:\/\/www.psychose-seminar.de\/index.php?rest_route=\/wp\/v2\/pages\/14"}],"wp:attachment":[{"href":"https:\/\/www.psychose-seminar.de\/index.php?rest_route=%2Fwp%2Fv2%2Fmedia&parent=294"}],"curies":[{"name":"wp","href":"https:\/\/api.w.org\/{rel}","templated":true}]}}