{"id":276,"date":"2012-03-21T18:30:33","date_gmt":"2012-03-21T16:30:33","guid":{"rendered":"https:\/\/psychose-seminar.info\/?page_id=276"},"modified":"2021-09-29T00:04:53","modified_gmt":"2021-09-28T22:04:53","slug":"vom-burnout-zur-depression-und-psychose","status":"publish","type":"page","link":"https:\/\/www.psychose-seminar.de\/?page_id=276","title":{"rendered":"Vom Burnout zur Depression und Psychose?"},"content":{"rendered":"\n<p><b>Protokoll des Psychoseseminars vom 21.03.2012 von 19.00 \u2013 20:45 Uhr<\/b><\/p>\n\n\n\n<p>Moderation und Protokoll: Frau Dangel<\/p>\n\n\n\n<p>Zun\u00e4chst erfolgt die Begr\u00fc\u00dfung des Auditoriums und des Gastes: Herrn Casper \u2013 Kiock. Es wurde das Psychoseseminar vorgestellt und Hintergr\u00fcnde dazu erl\u00e4utert.<\/p>\n\n\n\n<p><b>1. Ideenesammlung<\/b><\/p>\n\n\n\n<p>Zun\u00e4chst wurden zu den einzelnen Begriffe Ideen und Aussagen gesammelt, die auf verschiedenfarbige Karten aufgeschrieben wurden:<\/p>\n\n\n\n<p>Rot: Burnout<\/p>\n\n\n\n<p>Gr\u00fcn: Depression<\/p>\n\n\n\n<p>Blau: Psychose<\/p>\n\n\n\n<p>Die beschriebenen Karten wurden auf dem Boden ausgebreitet:<\/p>\n\n\n\n<p>Es wurden folgende Aussagen getroffen:<\/p>\n\n\n\n<p><b>Burnout:<\/b><\/p>\n\n\n\n<ul><li>Nicht mehr reden wollen<\/li><li>M\u00fcdigkeit<\/li><li>Keine Kraft mehr (3mal)<\/li><li>Suizidgedanken<\/li><li>Am Ende<\/li><li>Schlafst\u00f6rungen<\/li><li>Sinnlosigkeit als Ursache?<\/li><li>Angst \/ Panik<\/li><li>Zu viel Arbeit<\/li><li>Ersch\u00f6pft<\/li><li>Konzentrationsschwierigkeiten<\/li><li>Unsortiert<\/li><li>Hilflos<\/li><li>Ersch\u00f6pfung (2mal)<\/li><li>\u00dcberarbeitet<\/li><li>Vergesslichkeit<\/li><li>Entt\u00e4uschung<\/li><li>Niedergeschlagen<\/li><li>Ausgepowert<\/li><li>Verbraucht<\/li><li>Antriebslos<\/li><li>Als Angeh\u00f6rige stehe ich kurz davor<\/li><li>Bekommt man nicht, wenn man ein Teil nach dem anderen macht (hoffe ich)<\/li><li>Erkennungsmerkmale<\/li><\/ul>\n\n\n\n<p><b>Depression:<\/b><\/p>\n\n\n\n<ul><li>Antriebshemmend<\/li><li>Lustlos<\/li><li>Schlafst\u00f6rungen<\/li><li>Am Ende!<\/li><li>Keine Kraft mehr!<\/li><li>Kraftlos<\/li><li>\u00c4ngste<\/li><li>Schlaflosigkeit<\/li><li>Niedergeschlagenheit (3mal)<\/li><li>Traurigkeit (3mal)<\/li><li>Sinnlosigkeit<\/li><li>Weinen<\/li><li>Lust f\u00fcr nichts mehr<\/li><li>Extreme Traurigkeit<\/li><li>Antriebslosigkeit<\/li><li>Extreme M\u00fcdigkeit<\/li><li>Suizidalit\u00e4t<\/li><li>Manie \u201eaufdrehen\u201c<\/li><li>Tiefe Trauer<\/li><li>Himmelhoch jauchzend, zu Tode betr\u00fcbt<\/li><li>Medikamente Antidepressiva<\/li><li>Selbstmordversuch<\/li><li>Kein Antrieb<\/li><li>Sozialer R\u00fcckzug<\/li><li>In sich gekehrt<\/li><li>Sehr hoher Schlafbedarf<\/li><li>Hat mein Mann als Nebenwirkung der Psychose \u2013 Medikamente<\/li><\/ul>\n\n\n\n<p><b>Psychose:<\/b><\/p>\n\n\n\n<ul><li>Ruhe<\/li><li>Enge<\/li><li>Angstzust\u00e4nde<\/li><li>Schlaflosigkeit<\/li><li>Realit\u00e4t \u201ever \u2013 r\u00fccken\u201c<\/li><li>Gedankenkarussell<\/li><li>Stimmen<\/li><li>Halluzinationen<\/li><li>Eine andere Welt<\/li><li>Andere Werte<\/li><li>Wahnvorstellungen<\/li><li>Man muss Medikamente nehmen<\/li><li>Aufnahme in die Psychiatrie<\/li><li>Depotspritze<\/li><li>Schizophrenie<\/li><li>Wahrnehmung (eigene)<\/li><li>Abtrennung von der Realit\u00e4t<\/li><li>CIA Anonymous<\/li><li>Angst<\/li><li>Wahn<\/li><li>Pers\u00f6nlichkeitsst\u00f6rung<\/li><li>Reiz\u00fcberflutung<\/li><li>Hat mein Mann durch Stress bekommen<\/li><\/ul>\n\n\n\n<p><b>Sonstiges<\/b><\/p>\n\n\n\n<ul><li>Wie ist die Beziehung (gibt es eine?) zwischen Psychose, Depression und Burnout?<\/li><\/ul>\n\n\n\n<p>Herr Casper \u2013 Kiock erkl\u00e4rte zu den einzelnen Begriffen:<\/p>\n\n\n\n<ul><li>Burnout ist keine Diagnose sondern ein Syndrom.<\/li><li>Burnout kann zur Depression f\u00fchren durch die Reizbarkeit und die \u00dcberm\u00fcdung.<\/li><li>Burnout bezieht sich in erster Linie auf die berufliche Situation<\/li><li>Burnout hat in Managementkreisen einen wirtschaftlichen Faktor (dadurch, dass Manger beruflich ausfallen kostet dies den Firmen viel Geld). Daher scheint Burnout auch in der Gesellschaft eine h\u00f6here Akzeptanz zu haben.<\/li><li>Bei Burnout werden die verschiedenen Symptome behandelt.<\/li><\/ul>\n\n\n\n<ul><li>Depression ist eine Diagnose.<\/li><li>Ursachen einer Depression k\u00f6nnen die pers\u00f6nliche Entwicklung, die Lebensumst\u00e4nde, die pers\u00f6nliche Verarbeitung aber auch Medikamenteneinnahme sein.<\/li><\/ul>\n\n\n\n<ul><li>Psychose geht mit verschiedenen Erkrankungen einher, und zeigt u. a. Wahnideen, Stimmenh\u00f6ren und Halluzinationen auf. Als Folge medikament\u00f6ser Behandlung tritt nicht selten eine Depression nach der akuten Phase der Psychose auf. Bei einer manisch \u2013 depressiven Erkrankung spricht man von einer bipolaren St\u00f6rung.<\/li><\/ul>\n\n\n\n<p>Es gab weitere Meldungen zu diesen Erkl\u00e4rungen:<\/p>\n\n\n\n<ul><li>Bei Lehrern kommt Burnout h\u00e4ufig vor. Atemtherapie kann helfen. (Es gibt dazu eine Studie)<\/li><li>In einem Bericht des Fernsehsenders ARTE wurde gestern u. a. berichtet, dass Mittagsruhe im beruflichen Alltag gesundheitsf\u00f6rdernd sei.<\/li><li>Stress f\u00fchrte bei einem Betroffenen unmittelbar zur Psychose<\/li><li>Bei der Psychose hat man Gedankenspr\u00fcnge<\/li><\/ul>\n\n\n\n<p>Nach der Pause wurden die Karten in einer Grafik (auf dem Boden) zugeordnet, um zu erkennen, wo es bei diesen drei \u201eBegriffen\u201c \u00dcberschneidungen gibt.<\/p>\n\n\n\n<p>M\u00fcdigkeit, Kraftlosigkeit, Schlafst\u00f6rungen, sozialer R\u00fcckzug, Suizidgedanken sind \u00dcberschneidungen bei allen dieser Erkrankungen.<\/p>\n\n\n\n<p>\u00dcbersicht der Grafik:<\/p>\n\n\n\n<figure class=\"wp-block-image size-large\"><img src=\"https:\/\/images.psychose-seminar.de\/p-seminar\/2012-03.jpg\" alt=\"x\"\/><\/figure>\n\n\n\n<p>Festgestellt wurde weiterhin:<\/p>\n\n\n\n<ul><li>Bei Psychosen folgt die Depression oftmals nach dem akuten Schub (als Negativthematik)<\/li><li>Cannabiskonsum kann zur Psychose f\u00fchren, schon nach dem ersten \/ zweiten Gebrauch<\/li><li>Bei Burnout kann es eine Veranlagung zur Sucht geben. Die \u201eEntwicklung Burnout \u2013 Cannabis \u2013 Psychose\u201c ist denkbar<\/li><li>Es gibt ein Buch \u201eMa\u0148ania \u2013 Kompetenz\u201c, (von Maja Storch und Gunter Frank) das u. a. Erholungsphasen und Ruhe nach der Arbeit an Beispielen beschreibt. &#8212;<\/li><li>Als Methode, sich vor Stress zu sch\u00fctzen, wurde genannt sich eine Glocke vorzustellen, die sich wie ein Glas \u00fcber einen st\u00fclpt. Dadurch w\u00fcrde auch alles leise.<\/li><li>Priorit\u00e4ten sollten gesetzt werden, um Anforderungen zu filtern.<\/li><\/ul>\n\n\n\n<p>Es kam die Frage auf, ob Depression und Psychose Hirnstoffwechselerkrankungen sind und wenn ja, ob der Hirnstoffwechsel wieder \u201eauf Trapp\u201c gebracht werden kann?<\/p>\n\n\n\n<ul><li>Herr Casper \u2013 Kiock stellte heraus, dass eine Serotoninst\u00f6rung vorliegen kann \u2013 oder eine Dopaminst\u00f6rung, und dass eine bestimmte Lebensf\u00fchrung, die zum Beispiel Stabilit\u00e4t sichert, unterst\u00fctzend sein kann. Auch Sport ist positiv unterst\u00fctzend. Auch das Erlernen neuer Beziehungsmuster kann unterst\u00fctzen.<\/li><\/ul>\n\n\n\n<p><b>Abschlussrunde<\/b> \u2013 ein Stein wird in die Runde gegeben: Was hat Ihnen diese Veranstaltung gebracht? (Was nehmen Sie mit? Was lassen Sie hier?) Verabschiedung und Bedanken bei den G\u00e4sten.<\/p>\n\n\n\n<p><b>FAZIT:<\/b><\/p>\n\n\n\n<p>Gew\u00fcnscht wurde von einer Teilnehmerin, dass dieses Thema im n\u00e4chsten Jahr noch einmal im Psychoseseminar besprochen wird. Es gab viele neue Erkenntnisse. Durch die Grafik wurde deutlich, dass es \u00dcberschneidungen dieser Erkrankungen gibt, aber auch eindeutige Symptome, die nur einer Erkrankung zuzuordnen sind, z. B. Stimmen h\u00f6ren und Wahnvorstellungen treten h\u00e4ufig bei Psychosen auf.<\/p>\n\n\n\n<p>Ein Burnout kann, aber muss nicht in jedem Fall in eine Depression f\u00fchren; eine Depression f\u00fchrt nicht zwangsl\u00e4ufig in eine Psychose. 1-2% der bundesdeutschen Bev\u00f6lkerung erkranken an Psychose, 10 \u2013 15&nbsp;% an Depression, beim Burnout Syndrom gibt es noch keine Angabe.<\/p>\n\n\n\n<p><b>Literatur:<\/b><\/p>\n\n\n\n<p><b>Das Burnout \u2013 Syndrom. Theorie einer inneren Ersch\u00f6pfung<\/b><\/p>\n\n\n\n<p>Matthias Burisch, Springer Verlag 2006, ISBN: 3 540-23718-9 \/ 4 \u00fcberarb. Aufl. 2010, ISBN: 978 \u2013 3642123283<\/p>\n\n\n\n<p><b>Burnout bei Frauen<\/b><\/p>\n\n\n\n<p>Herbert Freudenberger \/ Gail North, Fischer TB, 11. Auflge 2005, ISBN: 3-596-12272-4<\/p>\n\n\n\n<p><b>Bevor der Job krank macht: Wie uns die heutige Arbeitswelt in die seelische Ersch\u00f6pfung treibt \u2013 und was man dagegen tun kann, 2007<\/b><\/p>\n\n\n\n<p>Hans \u2013 Peter Unger, Carola Kleinschmidt, ISBN: 978-3-466-30733-3<\/p>\n\n\n\n<p><b>Burnout \u2013 Erkennen und verhindern<\/b><\/p>\n\n\n\n<p>Chrsitian Stock, Haufe, Freiburg 2010, ISBN: 978-3-448-10145-4<\/p>\n\n\n\n<p><b>Seelenfinsternis von Piet C. Kuiper<\/b><\/p>\n\n\n\n<p>Die Depression eines Psychiaters, Fischer Verlag<\/p>\n\n\n\n<p><b>Das heimatlose Ich von Holger Reiners<\/b><\/p>\n\n\n\n<p>Aus der Depression zur\u00fcck ins Leben, Piper Verlag<\/p>\n\n\n\n<p><b>Nie mehr deprimiert von Rolf Merkel<\/b><\/p>\n\n\n\n<p>Selbsthilfeprogramm zur \u00dcberwindung negativer Gef\u00fchle, Weltbild Verlag<\/p>\n\n\n\n<p><b>Eigensinn und Psychose<\/b><\/p>\n\n\n\n<p>Thomas Bock, Paranus Verlag, 2006, ISBN: 3-926200-90-1<\/p>\n\n\n\n<p><b>Stimmenreich Mitteilungen \u00fcber den Wahnsinn<\/b><\/p>\n\n\n\n<p>Thomas Bock, j.E. Deranders, Ingeborg Esterer, DTV 1992, ISBN: 3-88414-138-4<\/p>\n\n\n\n<p><b>Psychosen<\/b> Aus dem Schizophrenen Formenkreis<\/p>\n\n\n\n<p>Springer Verlag, 1994, ISBN 3-540-57916-8<\/p>\n\n\n\n<p><b>Schattendasein &#8211; Das unverstandene Leiden Depresion<\/b><\/p>\n\n\n\n<p>Springer Verlag, 2007, ISBN: 978-3-540-71623-5<\/p>\n\n\n\n<p><b>Ma\u0148iana-Kompetenz<\/b><\/p>\n\n\n\n<p>Gunter Frank, Maja Storch<\/p>\n","protected":false},"excerpt":{"rendered":"<p>Protokoll des Psychoseseminars vom 21.03.2012 von 19.00 \u2013 20:45 Uhr Moderation und Protokoll: Frau Dangel Zun\u00e4chst erfolgt die Begr\u00fc\u00dfung des Auditoriums und des Gastes: Herrn Casper \u2013 Kiock. Es wurde das Psychoseseminar vorgestellt und Hintergr\u00fcnde dazu erl\u00e4utert. 1. Ideenesammlung Zun\u00e4chst wurden zu den einzelnen Begriffe Ideen und Aussagen gesammelt, die auf verschiedenfarbige Karten aufgeschrieben wurden: [&hellip;]<\/p>\n","protected":false},"author":2,"featured_media":0,"parent":14,"menu_order":-113,"comment_status":"closed","ping_status":"closed","template":"","meta":[],"_links":{"self":[{"href":"https:\/\/www.psychose-seminar.de\/index.php?rest_route=\/wp\/v2\/pages\/276"}],"collection":[{"href":"https:\/\/www.psychose-seminar.de\/index.php?rest_route=\/wp\/v2\/pages"}],"about":[{"href":"https:\/\/www.psychose-seminar.de\/index.php?rest_route=\/wp\/v2\/types\/page"}],"author":[{"embeddable":true,"href":"https:\/\/www.psychose-seminar.de\/index.php?rest_route=\/wp\/v2\/users\/2"}],"replies":[{"embeddable":true,"href":"https:\/\/www.psychose-seminar.de\/index.php?rest_route=%2Fwp%2Fv2%2Fcomments&post=276"}],"version-history":[{"count":2,"href":"https:\/\/www.psychose-seminar.de\/index.php?rest_route=\/wp\/v2\/pages\/276\/revisions"}],"predecessor-version":[{"id":760,"href":"https:\/\/www.psychose-seminar.de\/index.php?rest_route=\/wp\/v2\/pages\/276\/revisions\/760"}],"up":[{"embeddable":true,"href":"https:\/\/www.psychose-seminar.de\/index.php?rest_route=\/wp\/v2\/pages\/14"}],"wp:attachment":[{"href":"https:\/\/www.psychose-seminar.de\/index.php?rest_route=%2Fwp%2Fv2%2Fmedia&parent=276"}],"curies":[{"name":"wp","href":"https:\/\/api.w.org\/{rel}","templated":true}]}}