{"id":224,"date":"2009-03-18T17:04:49","date_gmt":"2009-03-18T15:04:49","guid":{"rendered":"https:\/\/psychose-seminar.info\/?page_id=224"},"modified":"2009-03-18T17:04:49","modified_gmt":"2009-03-18T15:04:49","slug":"wo-bleiben-die-angehoerigen-von-psychose-erfahrenen-im-laufe-der-krankheitsgeschichte","status":"publish","type":"page","link":"https:\/\/www.psychose-seminar.de\/?page_id=224","title":{"rendered":"Wo bleiben die Angeh\u00f6rigen von Psychose &#8211; Erfahrenen im Laufe der Krankheitsgeschichte?"},"content":{"rendered":"<p><b>Protokoll des Psychoseseminars vom 18.03.2009 von 19.00 \u2013 20.45 Uhr<\/b><\/p>\n<p>Protokollant\/in: Hr. Schmidt\/Fr. Mischke<\/p>\n<p>Zun\u00e4chst erfolgt die Begr\u00fc\u00dfung des Auditoriums sowie der anwesenden G\u00e4ste Fr. Dr. Freisen (RKD), Fr. Matzanke (Selbsthilfegruppe f\u00fcr Angeh\u00f6rige)<\/p>\n<p><b>1.Welche Erfahrungen haben Sie als Angeh\u00f6riger bei der Behandlung im Krankheitsverlauf von Psychose \u2013 Erfahrenen gemacht?<\/b><\/p>\n<p>Es wurden folgende pers\u00f6nliche Eindr\u00fccke und Erfahrungen zusammengetragen:<\/p>\n<ul>\n<li>Gef\u00fchl von Hilflosigkeit<\/li>\n<li>\u00dcberforderung<\/li>\n<li>Welches Verhalten gegen\u00fcber dem psychisch erkrankten Familienmitglied ist richtig?<\/li>\n<li>Verunsicherung<\/li>\n<li>zu fr\u00fche Entlassungen \u2013 aus Sicht der Angeh\u00f6rigen<\/li>\n<li>Schockzustand<\/li>\n<li>Gespr\u00e4che sind teilweise nicht m\u00f6glich durch eine Kontaktsperre<\/li>\n<li>Angeh\u00f6rige f\u00fchlten sich \u201ebenutzt\u201c, um Informationen \u00fcber den Patient zu bekommen und dann selbst kaum noch informiert<\/li>\n<li>Eine Einweisung gestaltet sich aus Sicht der Angeh\u00f6rigen schwierig, da sie merken, dass bei ihrem Familienmitglied erste Fr\u00fchwarnzeichen auftreten, aus Sicht der \u00c4rzte besteht aber noch kein Handlungsbedarf<\/li>\n<\/ul>\n<p><b>2.Was wird in der Klinik getan, um Angeh\u00f6rige in den Prozess der Behandlung und Genesung einzubeziehen?<\/b><\/p>\n<ul>\n<li>Es gibt ein gemeinsames Gespr\u00e4ch mit Familienangeh\u00f6rigen<\/li>\n<li>Verweis auf Selbsthilfegruppen f\u00fcr Angeh\u00f6rige und weitere psychiatrische Dienste<\/li>\n<li>Es gab eine Gruppe f\u00fcr Angeh\u00f6rige in der Klinik, die aber aufgrund mangelnder Teilnahme eingestellt wurde<\/li>\n<\/ul>\n<p><b>3.Welche \u00c4nderungs-\/Verbesserungsvorschl\u00e4ge gibt es?<\/b><\/p>\n<ul>\n<li>Angeh\u00f6rige aufkl\u00e4ren und auf m\u00f6gliche schwierige Situationen vorbereiten<\/li>\n<li>Das Klinikpersonal offensiv ansprechen und \u201eam Ball bleiben\u201c<\/li>\n<li>Im Vorfeld Regelungen treffen durch Vollmachten, gesetzliche Betreuung oder Behandlungsvereinbarung damit man als Angeh\u00f6riger Ausk\u00fcnfte bekommen kann<\/li>\n<li>Eine Angeh\u00f6rigensprechstunde\/Informationsgruppe zu Krankheitsbildern einrichten<\/li>\n<li>Betreuungsma\u00dfnahmen f\u00fcr Angeh\u00f6rige \u00fcber die Selbsthilfe hinaus mit professioneller Begleitung<\/li>\n<\/ul>\n<p><b>4.Was k\u00f6nnen Angeh\u00f6rige f\u00fcr sich selbst tun, um mit der Situation besser umgehen zu k\u00f6nnen?<\/b><\/p>\n<ul>\n<li>an sich selbst denken, da man nur anderen Menschen Hilfe leisten kann, wenn man selbst stabil ist und genug Kraft hat<\/li>\n<li>Distanz gewinnen<\/li>\n<li>Nachsorgeeinrichtungen nutzen<\/li>\n<li>Grenzen erkennen und setzen<\/li>\n<li>Versuchen Emotionen aus der Situation raus zu nehmen und die Dinge objektiver zu betrachten<\/li>\n<li>Loslassen<\/li>\n<li>Vertrauen haben<\/li>\n<li>Hilfe annehmen k\u00f6nnen<\/li>\n<\/ul>\n<p>Als weitere Information wurde von einem Teilnehmer gesagt, dass ca. 10.000 psychisch erkrankte Menschen im Kreis D\u00fcren leben und es erstaunt, dass Angebote f\u00fcr Angeh\u00f6rige kaum wahrgenommen werden. Die Selbsthilfegruppe f\u00fcr Angeh\u00f6rige psychisch erkrankter Menschen in D\u00fcren hat wenige Besuchszahlen vorzuweisen. Es ist wichtig auch als Angeh\u00f6riger Angebote zu nutzen und dass es Menschen gibt, die solche Angebote initiieren und aktiv daran arbeiten.<\/p>\n","protected":false},"excerpt":{"rendered":"<p>Protokoll des Psychoseseminars vom 18.03.2009 von 19.00 \u2013 20.45 Uhr Protokollant\/in: Hr. Schmidt\/Fr. Mischke Zun\u00e4chst erfolgt die Begr\u00fc\u00dfung des Auditoriums sowie der anwesenden G\u00e4ste Fr. Dr. Freisen (RKD), Fr. Matzanke (Selbsthilfegruppe f\u00fcr Angeh\u00f6rige) 1.Welche Erfahrungen haben Sie als Angeh\u00f6riger bei der Behandlung im Krankheitsverlauf von Psychose \u2013 Erfahrenen gemacht? Es wurden folgende pers\u00f6nliche Eindr\u00fccke und [&hellip;]<\/p>\n","protected":false},"author":2,"featured_media":0,"parent":14,"menu_order":-89,"comment_status":"closed","ping_status":"closed","template":"","meta":[],"_links":{"self":[{"href":"https:\/\/www.psychose-seminar.de\/index.php?rest_route=\/wp\/v2\/pages\/224"}],"collection":[{"href":"https:\/\/www.psychose-seminar.de\/index.php?rest_route=\/wp\/v2\/pages"}],"about":[{"href":"https:\/\/www.psychose-seminar.de\/index.php?rest_route=\/wp\/v2\/types\/page"}],"author":[{"embeddable":true,"href":"https:\/\/www.psychose-seminar.de\/index.php?rest_route=\/wp\/v2\/users\/2"}],"replies":[{"embeddable":true,"href":"https:\/\/www.psychose-seminar.de\/index.php?rest_route=%2Fwp%2Fv2%2Fcomments&post=224"}],"version-history":[{"count":0,"href":"https:\/\/www.psychose-seminar.de\/index.php?rest_route=\/wp\/v2\/pages\/224\/revisions"}],"up":[{"embeddable":true,"href":"https:\/\/www.psychose-seminar.de\/index.php?rest_route=\/wp\/v2\/pages\/14"}],"wp:attachment":[{"href":"https:\/\/www.psychose-seminar.de\/index.php?rest_route=%2Fwp%2Fv2%2Fmedia&parent=224"}],"curies":[{"name":"wp","href":"https:\/\/api.w.org\/{rel}","templated":true}]}}