{"id":185,"date":"2006-11-15T16:01:07","date_gmt":"2006-11-15T14:01:07","guid":{"rendered":"https:\/\/psychose-seminar.info\/?page_id=185"},"modified":"2006-11-15T16:01:07","modified_gmt":"2006-11-15T14:01:07","slug":"psychose-und-kindererziehung-was-brauchen-meine-kinder","status":"publish","type":"page","link":"https:\/\/www.psychose-seminar.de\/?page_id=185","title":{"rendered":"Psychose und Kindererziehung &#8211; Was brauchen meine Kinder?"},"content":{"rendered":"<p><b>Protokoll des Psychoseseminars vom 15.11.2006 von 19.00 \u2013 21.05 Uhr<\/b><\/p>\n<p>Zun\u00e4chst erfolgt die Begr\u00fc\u00dfung des Auditoriums und der Psychotherapeutinnen des Psychologischen Beratungszentrums der ev. Gemeinde zu D\u00fcren Fr. Immig-Carl und Fr. Gaitzsch. Leider ist kein\/e Arzt\/\u00c4rztin zugegen. Vorstellung des Psychoseseminars und der Person der Moderatorin ihrer Funktion.<\/p>\n<p>Fr. Immig-Carl und Fr. Gaitzsch stellen ihr Arbeitsfeld vor.<\/p>\n<p><b>Warm up<\/b><\/p>\n<p><b>1. Frage: Was brauchen Kinder Ihrer Meinung nach um sich wohl zu f\u00fchlen?<\/b><\/p>\n<p>Antworten waren:<\/p>\n<ul>\n<li>Freiraum um sich zu entfalten<\/li>\n<li>Geborgenheit<\/li>\n<li>Anerkennung ohne Leistung<\/li>\n<li>Bildung \u2013 Schul- und Ausbildung<\/li>\n<li>Entwicklungsm\u00f6glichkeiten<\/li>\n<li>Kleider<\/li>\n<li>Liebe<\/li>\n<li>Regeln alterspezifisch und verl\u00e4sslich<\/li>\n<li>Einhaltung der Menschenrechte<\/li>\n<li>Freizeitspa\u00df<\/li>\n<li>Freunde<\/li>\n<li>Urlaub<\/li>\n<li>Braucht Grenzsetzung und Sicherung vor Schaden<\/li>\n<li>Vertrauen<\/li>\n<li>Entwicklungsm\u00f6glichkeiten (Spielzeug, PC, Sport, Musik, Kultur)<\/li>\n<li>Ern\u00e4hrung<\/li>\n<li>Muss Respekt bekommen<\/li>\n<li>Muss Respekt haben<\/li>\n<li>Feiern von Festen<\/li>\n<li>Bindung an Tradition<\/li>\n<li>\u00c4rztliche Versorgung<\/li>\n<li>Schutz<\/li>\n<li>Wohnen<\/li>\n<li>Bezugsperson<\/li>\n<li>D\u00fcrfen nicht allein gelassen werden<\/li>\n<\/ul>\n<p>Die Antworten werden auf eckige Karten geschrieben und in der Raummitte ausgelegt.<\/p>\n<p><b>2. Frage: Welches Elternverhalten kann Kinder gef\u00e4hrden, wenn eine Psychose ausbricht.<\/b><\/p>\n<ul>\n<li>Kinder alleine lassen<\/li>\n<li>Kinder werden get\u00f6tet (oder Lebensgefahr)<\/li>\n<li>Kinder werden misshandelt<\/li>\n<li>Verwahrlosung<\/li>\n<li>Gewaltanwendung<\/li>\n<li>Schuldzuweisung an Kinder<\/li>\n<li>wenn die Durchsetzungskraft fehlt<\/li>\n<li>Mangelnde Krankheitseinsicht<\/li>\n<li>Isolation der Kinder (Geheimhaltung)<\/li>\n<li>\u00dcberlassung der Verantwortung<\/li>\n<\/ul>\n<p>Die genannten Begriffe werden auf Flip-Chart mitgeschrieben.<\/p>\n<hr \/>\n<p>Es folgt eine 7 min\u00fctige Pause.<\/p>\n<p><b>3. Frage: Was kann man zum Wohl des Kindes tun?<\/b><\/p>\n<ul>\n<li>Netzwerke werden genannt, die im Fall der Psychose aktiviert werden k\u00f6nnen. Dies k\u00f6nnen das Jugendamt, eine Pflegefamilie, Familienangeh\u00f6rige sein, die die Verantwortung \u00fcbernehmen.<\/li>\n<\/ul>\n<p><b>4. Daran schlie\u00dft sich eine Blitzlichtrunde an, in der danach gefragt wird:<\/b><\/p>\n<p><b>Was k\u00f6nnen Sie vom heutigen Abend mit nach Hause nehmen?<\/b><\/p>\n<p><b>Literaturhinweise:<\/b><\/p>\n<p>Sonnige Traurigtage von Schirin-Hohmeier, 2005<\/p>\n<p>Zuletzt erfolgt ein Hinweis auf die Selbsthilfegruppe \u201ePsychose- Erfahrene- D\u00fcren und die Selbsthilfegruppe gegen Depressionen. Das n\u00e4chste Seminar findet am 20.12.2006 zum Thema: Behandlungsvereinbarungen \u2013 Ein Weg zu mehr Selbstbestimmung? &#8211;<\/p>\n<p>Bedanken und Verabschiedung der G\u00e4ste.<\/p>\n","protected":false},"excerpt":{"rendered":"<p>Protokoll des Psychoseseminars vom 15.11.2006 von 19.00 \u2013 21.05 Uhr Zun\u00e4chst erfolgt die Begr\u00fc\u00dfung des Auditoriums und der Psychotherapeutinnen des Psychologischen Beratungszentrums der ev. Gemeinde zu D\u00fcren Fr. Immig-Carl und Fr. Gaitzsch. Leider ist kein\/e Arzt\/\u00c4rztin zugegen. Vorstellung des Psychoseseminars und der Person der Moderatorin ihrer Funktion. Fr. Immig-Carl und Fr. Gaitzsch stellen ihr Arbeitsfeld [&hellip;]<\/p>\n","protected":false},"author":2,"featured_media":0,"parent":14,"menu_order":-71,"comment_status":"closed","ping_status":"closed","template":"","meta":[],"_links":{"self":[{"href":"https:\/\/www.psychose-seminar.de\/index.php?rest_route=\/wp\/v2\/pages\/185"}],"collection":[{"href":"https:\/\/www.psychose-seminar.de\/index.php?rest_route=\/wp\/v2\/pages"}],"about":[{"href":"https:\/\/www.psychose-seminar.de\/index.php?rest_route=\/wp\/v2\/types\/page"}],"author":[{"embeddable":true,"href":"https:\/\/www.psychose-seminar.de\/index.php?rest_route=\/wp\/v2\/users\/2"}],"replies":[{"embeddable":true,"href":"https:\/\/www.psychose-seminar.de\/index.php?rest_route=%2Fwp%2Fv2%2Fcomments&post=185"}],"version-history":[{"count":0,"href":"https:\/\/www.psychose-seminar.de\/index.php?rest_route=\/wp\/v2\/pages\/185\/revisions"}],"up":[{"embeddable":true,"href":"https:\/\/www.psychose-seminar.de\/index.php?rest_route=\/wp\/v2\/pages\/14"}],"wp:attachment":[{"href":"https:\/\/www.psychose-seminar.de\/index.php?rest_route=%2Fwp%2Fv2%2Fmedia&parent=185"}],"curies":[{"name":"wp","href":"https:\/\/api.w.org\/{rel}","templated":true}]}}