{"id":177,"date":"2006-04-19T15:44:48","date_gmt":"2006-04-19T13:44:48","guid":{"rendered":"https:\/\/psychose-seminar.info\/?page_id=177"},"modified":"2021-09-29T00:10:10","modified_gmt":"2021-09-28T22:10:10","slug":"angst-und-psychose-angst-in-der-psychose-und-hinterher","status":"publish","type":"page","link":"https:\/\/www.psychose-seminar.de\/?page_id=177","title":{"rendered":"Angst und Psychose &#8211; Angst in der Psychose und hinterher"},"content":{"rendered":"\n<p><b>Protokoll des Psychoseseminars vom 19.04.2006<\/b><\/p>\n\n\n\n<p>Zun\u00e4chst erfolgt die Begr\u00fc\u00dfung des Auditoriums und der \u00c4rztin Fr. Dr. Weikl und des Arztes Hr. Dr. Galke die in der RKD t\u00e4tig sind<\/p>\n\n\n\n<p><b>1. Es wird die Frage gestellt in wieweit man selbst oder bei Anderen Angst in der Psychose erlebt hat und welche Gef\u00fchle dabei anteilig waren.<\/b><\/p>\n\n\n\n<p><b>2. Vor was hatten Sie Angst?<\/b><\/p>\n\n\n\n<p>Es wurden nachfolgend verschiedene Ausl\u00f6ser f\u00fcr \u00c4ngste genannt:<\/p>\n\n\n\n<ul><li>Angst davor dass die eigenen Gedanken gelesen werden<\/li><li>Angst vor Beobachtung<\/li><li>Urangst vor gefressen werden (Enge)<\/li><li>nirgendwo dazu zu geh\u00f6ren<\/li><li>Angst vor der Angst<\/li><li>vor Verfolgung<\/li><li>vor Katastrophen<\/li><li>Todesangst<\/li><\/ul>\n\n\n\n<p>Reale Angstausl\u00f6ser k\u00f6nnen zum Beispiel sein:<\/p>\n\n\n\n<ul><li>Einkaufscenter<\/li><li>Hund<\/li><li>F\u00f6hn<\/li><li>tiefes Wasser<\/li><li>vor Arbeitslosigkeit<\/li><li>vor Bl\u00e4ttern<\/li><\/ul>\n\n\n\n<p>Man bekommt die \u00c4ngste obwohl man f\u00fcr sich klar hat, dass die physikalischen Gesetzen weiterhin gelten. Die Angst k\u00f6nnte entstehen als Auswirkung der Diskrepanz zwischen der technokratischen Lebensweise und Organisation und der Natur. Es wird die Frage gestellt, wie Naturv\u00f6lker Psychosen ausleben. Wir sind in unserer Lebensweise sehr Verstand gesteuert und sehen dar\u00fcber hinaus haupts\u00e4chlich unsere Vorteile in unserem Tun. Die Entfremdung von den eigenen Wurzeln kann die Angst hervorbringen. Jemand berichtet \u00fcber seine Angst vor Enge. Es ist eine innerliche Enge. Hochgef\u00fchle und dunkle Stimmungen wechselten sich in schneller Folge ab. Nagende Zweifel, negative Gef\u00fchle sowie extreme Situationen k\u00f6nnen \u00c4ngste herauf beschw\u00f6ren. Jemand schildert seine starke Angst vor einem F\u00f6hn. Wir erarbeiten das archetypische Reiz \u2013 Reaktion \u2013 Muster und ordnen darin auch die Angst vor einem F\u00f6hn zu.<\/p>\n\n\n\n<figure class=\"wp-block-image size-large\"><img src=\"https:\/\/images.psychose-seminar.de\/p-seminar\/Angstpsychose_grafik1.png\" alt=\"x\"\/><\/figure>\n\n\n\n<p>Es gibt qualitative Unterschiede zwischen \u00c4ngsten in der Psychose. Die Panik ist eine gesteigerte Form der Angst, die Spitze der Angst. Eine Panikattacke dauert maximal 30 Min. an, dann ist das Adrenalin verpowert. Es wurde folgendes Schaubild erarbeitet:<\/p>\n\n\n\n<figure class=\"wp-block-image size-large\"><img src=\"https:\/\/images.psychose-seminar.de\/p-seminar\/Angstpsychose_grafik2.png\" alt=\"x\"\/><\/figure>\n\n\n\n<p><b>3. Was kann ich tun, um besser oder anders mit der Angst umgehen zu k\u00f6nnen?<\/b><\/p>\n\n\n\n<ul><li>Medikament\u00f6se Strategien\n<ul>\n<li>Medikamente schneiden die \u00c4ngste ab.<\/li>\n<li>Panik kann durchlebt werden Erfahrung ist dass sie sich abschw\u00e4cht. Vorzeichen beachten und reagieren.<\/li>\n<\/ul>\n<\/li><\/ul>\n\n\n\n<p>Es wird ein Hinweis gegeben, wer Interesse hat eine Selbsthilfegruppe f\u00fcr Psychose \u2013 Erfahrene auf zu bauen, kann sich in eine Liste eintragen. 5 Personen haben Interesse daran und tragen sich ein.<\/p>\n\n\n\n<p>Hinweis auf das n\u00e4chste Psychoseseminar am 17. Mai zum Thema: Gewalt in der Psychiatrie \u2013 Aus der Sicht der Betroffenen, Angeh\u00f6rigen und der psychiatrisch T\u00e4tigen \u2013 wird gegeben.<\/p>\n\n\n\n<p><b>4. Ausklang mit Blitzlicht (was kann ich heute Abend f\u00fcr mich mitnehmen?)<\/b><\/p>\n","protected":false},"excerpt":{"rendered":"<p>Protokoll des Psychoseseminars vom 19.04.2006 Zun\u00e4chst erfolgt die Begr\u00fc\u00dfung des Auditoriums und der \u00c4rztin Fr. Dr. Weikl und des Arztes Hr. Dr. Galke die in der RKD t\u00e4tig sind 1. Es wird die Frage gestellt in wieweit man selbst oder bei Anderen Angst in der Psychose erlebt hat und welche Gef\u00fchle dabei anteilig waren. 2. [&hellip;]<\/p>\n","protected":false},"author":2,"featured_media":0,"parent":14,"menu_order":-67,"comment_status":"closed","ping_status":"closed","template":"","meta":[],"_links":{"self":[{"href":"https:\/\/www.psychose-seminar.de\/index.php?rest_route=\/wp\/v2\/pages\/177"}],"collection":[{"href":"https:\/\/www.psychose-seminar.de\/index.php?rest_route=\/wp\/v2\/pages"}],"about":[{"href":"https:\/\/www.psychose-seminar.de\/index.php?rest_route=\/wp\/v2\/types\/page"}],"author":[{"embeddable":true,"href":"https:\/\/www.psychose-seminar.de\/index.php?rest_route=\/wp\/v2\/users\/2"}],"replies":[{"embeddable":true,"href":"https:\/\/www.psychose-seminar.de\/index.php?rest_route=%2Fwp%2Fv2%2Fcomments&post=177"}],"version-history":[{"count":2,"href":"https:\/\/www.psychose-seminar.de\/index.php?rest_route=\/wp\/v2\/pages\/177\/revisions"}],"predecessor-version":[{"id":762,"href":"https:\/\/www.psychose-seminar.de\/index.php?rest_route=\/wp\/v2\/pages\/177\/revisions\/762"}],"up":[{"embeddable":true,"href":"https:\/\/www.psychose-seminar.de\/index.php?rest_route=\/wp\/v2\/pages\/14"}],"wp:attachment":[{"href":"https:\/\/www.psychose-seminar.de\/index.php?rest_route=%2Fwp%2Fv2%2Fmedia&parent=177"}],"curies":[{"name":"wp","href":"https:\/\/api.w.org\/{rel}","templated":true}]}}