{"id":169,"date":"2005-10-19T15:28:49","date_gmt":"2005-10-19T13:28:49","guid":{"rendered":"https:\/\/psychose-seminar.info\/?page_id=169"},"modified":"2005-10-19T15:28:49","modified_gmt":"2005-10-19T13:28:49","slug":"gute-pillen-schlechte-pillen-heil-und-unheil-der-medikamente","status":"publish","type":"page","link":"https:\/\/www.psychose-seminar.de\/?page_id=169","title":{"rendered":"Gute Pillen \u2013 Schlechte Pillen &#8211; Heil und Unheil der Medikamente"},"content":{"rendered":"<p><b>Protokoll des Psychoseseminars vom 19.10.2005<\/b><\/p>\n<p><b>1.Zuerst wird eine Kartenabfrage durchgef\u00fchrt.<\/b><\/p>\n<ul>\n<li>a) Welche Medikamente kennen Sie? (an Betroffene)<\/li>\n<li>b) Welche kennen Sie an ihrem Angeh\u00f6rigen<\/li>\n<li>c) Welche verschreiben Sie?<\/li>\n<\/ul>\n<p>Die BesucherInnen schreiben die Medikamentennamen, die ihnen aus der eigenen Erfahrung bekannt sind auf Karten. Dann werden die Namen der Medikamente vorgelesen und die Karten in der Raummitte auf den Boden ausgelegt.<\/p>\n<p><b>2. Die \u00c4rzte bekommen den Auftrag, die Zuordnung der Medikamentennamen zu den Substanzgruppen vorzunehmen.<\/b><\/p>\n<p>Substanzgruppe sind:<\/p>\n<ul>\n<li>1. Antipsychotika fr\u00fcher Neuroleptika (alte Bezeichnung)<\/li>\n<li>2. Hypnotika<\/li>\n<li>3. Antiepileptika<\/li>\n<li>4. Anxiolytika (angsthemmende Medikamente)<\/li>\n<li>5. Antidepressiva<\/li>\n<\/ul>\n<p>Die Zuordnung der Medikamente zu den Substanzgruppen wurde folgenderma\u00dfen vorgenommen:<\/p>\n<p><b>1. Antipsychotika (Neuroleptika)<\/b><\/p>\n<p>Alte Antipsychotika sind:<\/p>\n<ul>\n<li>Glianimon<\/li>\n<li>Haldol<\/li>\n<li>Fluanxol<\/li>\n<li>Decentan<\/li>\n<li>Lyogen<\/li>\n<li>Taxilan<\/li>\n<li>Melleril<\/li>\n<\/ul>\n<p>Neue Antipsychotika sind:<\/p>\n<ul>\n<li>Seroquel<\/li>\n<li>Risperdal<\/li>\n<li>Zyprexa<\/li>\n<li>Zeldox<\/li>\n<li>Solian<\/li>\n<\/ul>\n<p><b>2. Hypnotika<\/b><\/p>\n<ul>\n<li>Stangyl<\/li>\n<li>Diazepam<\/li>\n<li>Fluminoc<\/li>\n<\/ul>\n<p><b>3. Antiepileptika<\/b><\/p>\n<p>es wurden keine genannt<\/p>\n<p><b>4. Anxiolytika<\/b><\/p>\n<ul>\n<li>Tavor (erzeugt Abh\u00e4ngigkeit)<\/li>\n<li>Lexotanil<\/li>\n<li>Distraneurin (auch gebr\u00e4uchlich f\u00fcrAlkoholentzug; erzeugt Abh\u00e4ngigkeit)<\/li>\n<li>Buspiron<\/li>\n<\/ul>\n<p><b>5. Antidepressiva<\/b><\/p>\n<ul>\n<li>Insidon<\/li>\n<li>Remergil<\/li>\n<li>Zoloft<\/li>\n<li>Trevilor<\/li>\n<li>Saroten<\/li>\n<li>Aponal<\/li>\n<\/ul>\n<p>Unterscheidung wurde zwischen niedrig-, mittel-, und hochpotenten Antipsychotika getroffen:<\/p>\n<p><b>Als niedrigpotent wurden eingestuft:<\/b><\/p>\n<ul>\n<li>Ciatyl<\/li>\n<li>Atosil<\/li>\n<li>Eunerpan<\/li>\n<li>Dipiperon<\/li>\n<li>Truxal (auch mittelpotent)<\/li>\n<\/ul>\n<p><b>Als mittelpotent wurden eingestuft:<\/b><\/p>\n<ul>\n<li>Truxal (auch niedrigpotent)<\/li>\n<li>Seroquel<\/li>\n<li>Risperdal<\/li>\n<li>Zeldox<\/li>\n<li>Solian<\/li>\n<li>Zyprexa<\/li>\n<li>Fluanxol<\/li>\n<li>Decentan<\/li>\n<li>Lyogen<\/li>\n<li>Melleril<\/li>\n<li>Taxillan<\/li>\n<\/ul>\n<p><b>Als hochpotent wurde eingestuft:<\/b><\/p>\n<ul>\n<li>Glianimon<\/li>\n<li>Haldol<\/li>\n<li>Leponex<\/li>\n<\/ul>\n<p>Als Medikament gegen hyperkinetische Nebenwirkungen wurde Akineton genannt.<\/p>\n<p>Einziges Depotspritzenpr\u00e4parat der neuen Antipsychotika ist Risperdal Consta.<\/p>\n<p><b>3.Es gibt einen Austausch dar\u00fcber, welche Medikamente gut oder weniger gut f\u00fcr jemanden waren\/sind, welche diese waren und \u00fcber die Nebenwirkungen die entstehen k\u00f6nnen.<\/b><\/p>\n<p><b>4.Es schlie\u00dft sich die Frage an: Wie finde ich die richtige Pille?<\/b><\/p>\n<p>Zum Ausklang der Veranstaltung wird auf das n\u00e4chste Seminar zum Thema: Warum habe ich kein dickes Fell? Psychose und seelische Verletzlichkeit<\/p>\n","protected":false},"excerpt":{"rendered":"<p>Protokoll des Psychoseseminars vom 19.10.2005 1.Zuerst wird eine Kartenabfrage durchgef\u00fchrt. a) Welche Medikamente kennen Sie? (an Betroffene) b) Welche kennen Sie an ihrem Angeh\u00f6rigen c) Welche verschreiben Sie? Die BesucherInnen schreiben die Medikamentennamen, die ihnen aus der eigenen Erfahrung bekannt sind auf Karten. Dann werden die Namen der Medikamente vorgelesen und die Karten in der [&hellip;]<\/p>\n","protected":false},"author":2,"featured_media":0,"parent":14,"menu_order":-63,"comment_status":"closed","ping_status":"closed","template":"","meta":[],"_links":{"self":[{"href":"https:\/\/www.psychose-seminar.de\/index.php?rest_route=\/wp\/v2\/pages\/169"}],"collection":[{"href":"https:\/\/www.psychose-seminar.de\/index.php?rest_route=\/wp\/v2\/pages"}],"about":[{"href":"https:\/\/www.psychose-seminar.de\/index.php?rest_route=\/wp\/v2\/types\/page"}],"author":[{"embeddable":true,"href":"https:\/\/www.psychose-seminar.de\/index.php?rest_route=\/wp\/v2\/users\/2"}],"replies":[{"embeddable":true,"href":"https:\/\/www.psychose-seminar.de\/index.php?rest_route=%2Fwp%2Fv2%2Fcomments&post=169"}],"version-history":[{"count":0,"href":"https:\/\/www.psychose-seminar.de\/index.php?rest_route=\/wp\/v2\/pages\/169\/revisions"}],"up":[{"embeddable":true,"href":"https:\/\/www.psychose-seminar.de\/index.php?rest_route=\/wp\/v2\/pages\/14"}],"wp:attachment":[{"href":"https:\/\/www.psychose-seminar.de\/index.php?rest_route=%2Fwp%2Fv2%2Fmedia&parent=169"}],"curies":[{"name":"wp","href":"https:\/\/api.w.org\/{rel}","templated":true}]}}