{"id":16,"date":"2016-10-25T19:00:06","date_gmt":"2016-10-25T17:00:06","guid":{"rendered":"https:\/\/psychose-seminar.info\/?page_id=16"},"modified":"2022-02-28T21:57:38","modified_gmt":"2022-02-28T20:57:38","slug":"themensammlung","status":"publish","type":"page","link":"https:\/\/www.psychose-seminar.de\/?page_id=16","title":{"rendered":"Themensammlung"},"content":{"rendered":"<p>Hier ist unsere Themensammlung. Das Psychoseseminar findet nicht mehr statt. Die Liste ist geblieben. Lesen Sie doch gerne im Archiv, vielleicht sind dort entsprechende Themen besprochen worden.<\/p>\n<ul>\n<li class=\"level1\">\n<div class=\"li\">Was ist Psychose? Erkl\u00e4rungen, Disposition, Was ist ein \u201eSchub\u201c? heilbar\/nicht heilbar (m\u00f6gliches Thema f\u00fcr September)<\/div>\n<\/li>\n<li class=\"level1\">\n<div class=\"li\">Psychose und autistische Z\u00fcge (Asperger-Syndrom und Psychose)<\/div>\n<\/li>\n<li class=\"level1\">\n<div class=\"li\">Psychose und Verschw\u00f6rungstheorien<\/div>\n<\/li>\n<li class=\"level1\">\n<div class=\"li\">Chronizit\u00e4t und Psychose<\/div>\n<\/li>\n<li class=\"level1\">\n<div class=\"li\">Psychose und Politik?<\/div>\n<\/li>\n<li class=\"level1\">\n<div class=\"li\">Psychose und Erziehung<\/div>\n<\/li>\n<li class=\"level1\">\n<div class=\"li\">Psychose auf das Lebensalter bezogen<\/div>\n<\/li>\n<li class=\"level1\">\n<div class=\"li\">K\u00f6rperwahrnehmung \u2013 k\u00f6rperliche Ver\u00e4nderungen und Psychose<\/div>\n<\/li>\n<li class=\"level1\">\n<div class=\"li\">Psychose und Angst<\/div>\n<\/li>\n<li class=\"level1\">\n<div class=\"li\">Toleranz und\/oder Integration und Grenzen<\/div>\n<\/li>\n<li class=\"level1\">\n<div class=\"li\">Kinder, Familie, Stigmatisierung und deren Auswirkungen<\/div>\n<\/li>\n<li class=\"level1\">\n<div class=\"li\">Was kann einem Psychose Erfahrenen noch zugetraut werden?<\/div>\n<\/li>\n<li class=\"level1\">\n<div class=\"li\">Psychose &#8211; heute noch ein Tabu<\/div>\n<\/li>\n<li class=\"level1\">\n<div class=\"li\">Psychose &#8211; welche Konsequenzen hat das f\u00fcr mich? Wie geht es weiter?<\/div>\n<\/li>\n<li class=\"level1\">\n<div class=\"li\">Psychotherapie und Psychose<\/div>\n<\/li>\n<li class=\"level1\">\n<div class=\"li\">Wie k\u00f6nnen Angeh\u00f6rige im Bezug auf Nachbarschaft und erweitertes soziales Umfeld mit der psychischen Erkrankung umgehen<\/div>\n<\/li>\n<li class=\"level1\">\n<div class=\"li\">Wie finde ich f\u00fcr mich eine geeignete Form, \u00fcber die Erkrankung zu sprechen<\/div>\n<\/li>\n<li class=\"level1\">\n<div class=\"li\">Wie aktiviert man die Ressourcen von psychisch Kranken?<\/div>\n<\/li>\n<li class=\"level1\">Betreuung und Rechtsgrundlage (Neuigkeiten)<\/li>\n<li class=\"level1\">Psychose und Seriosit\u00e4t<\/li>\n<li class=\"level1\">\u00d6ffentlichkeitsarbeit und Aufkl\u00e4rung<\/li>\n<li class=\"level1\">Literatur und Psychose<\/li>\n<li class=\"level1\">Psychose online<\/li>\n<li>Rollenerwartungen bei psychischen Erkrankungen<\/li>\n<li>Stigmatisierung<\/li>\n<li>Was schafft die medikament\u00f6se Therapie?<\/li>\n<li>Was hei\u00dft Genesung bei psychischen Erkrankungen?<\/li>\n<\/ul>\n","protected":false},"excerpt":{"rendered":"<p>Hier ist unsere Themensammlung. Das Psychoseseminar findet nicht mehr statt. Die Liste ist geblieben. Lesen Sie doch gerne im Archiv, vielleicht sind dort entsprechende Themen besprochen worden. Was ist Psychose? Erkl\u00e4rungen, Disposition, Was ist ein \u201eSchub\u201c? heilbar\/nicht heilbar (m\u00f6gliches Thema f\u00fcr September) Psychose und autistische Z\u00fcge (Asperger-Syndrom und Psychose) Psychose und Verschw\u00f6rungstheorien Chronizit\u00e4t und Psychose [&hellip;]<\/p>\n","protected":false},"author":2,"featured_media":0,"parent":0,"menu_order":0,"comment_status":"closed","ping_status":"closed","template":"","meta":[],"_links":{"self":[{"href":"https:\/\/www.psychose-seminar.de\/index.php?rest_route=\/wp\/v2\/pages\/16"}],"collection":[{"href":"https:\/\/www.psychose-seminar.de\/index.php?rest_route=\/wp\/v2\/pages"}],"about":[{"href":"https:\/\/www.psychose-seminar.de\/index.php?rest_route=\/wp\/v2\/types\/page"}],"author":[{"embeddable":true,"href":"https:\/\/www.psychose-seminar.de\/index.php?rest_route=\/wp\/v2\/users\/2"}],"replies":[{"embeddable":true,"href":"https:\/\/www.psychose-seminar.de\/index.php?rest_route=%2Fwp%2Fv2%2Fcomments&post=16"}],"version-history":[{"count":2,"href":"https:\/\/www.psychose-seminar.de\/index.php?rest_route=\/wp\/v2\/pages\/16\/revisions"}],"predecessor-version":[{"id":806,"href":"https:\/\/www.psychose-seminar.de\/index.php?rest_route=\/wp\/v2\/pages\/16\/revisions\/806"}],"wp:attachment":[{"href":"https:\/\/www.psychose-seminar.de\/index.php?rest_route=%2Fwp%2Fv2%2Fmedia&parent=16"}],"curies":[{"name":"wp","href":"https:\/\/api.w.org\/{rel}","templated":true}]}}