{"id":155,"date":"2004-10-20T15:01:25","date_gmt":"2004-10-20T13:01:25","guid":{"rendered":"https:\/\/psychose-seminar.info\/?page_id=155"},"modified":"2004-10-20T15:01:25","modified_gmt":"2004-10-20T13:01:25","slug":"stimmen-hoeren-auf-stimmen-hoeren","status":"publish","type":"page","link":"https:\/\/www.psychose-seminar.de\/?page_id=155","title":{"rendered":"Stimmen h\u00f6ren \u2013 auf Stimmen h\u00f6ren?"},"content":{"rendered":"<p><b>Protokoll des Psychoseseminars vom 20.Oktober 2004<\/b><\/p>\n<p>Zu Beginn des Seminars wurde eine Aufstellung mit Freiwilligen gemacht ein sog. \u201einneres Parlament\u201c.<\/p>\n<p>Jemand bekommt die Karten zum vorlesen: <b>Immer wenn ich einkaufen gehe, habe ich das Gef\u00fchl alle Leute gucken mich an.<\/b> Die anderen 4 freiwilligen MitspielerInnen geben nacheinander ihre Meinung zu dem Vorgelesenen heraus.<\/p>\n<p>Es wird die Frage gestellt wann Stimmen h\u00f6ren krankhaft sei und wann unnormal? Wann normal und gesund.<\/p>\n<p>Jeder h\u00f6rt schon mal Stimmen. Es kann eine innere Stimme sein, die sich regt, die zu etwas r\u00e4t, abr\u00e4t, die freundlich, nett ist.<\/p>\n<p>Eine Angeh\u00f6rige meint, sie h\u00f6re wenn ihr Garten schreit aber auch der Mann w\u00fcrde schreien.<\/p>\n<p>Es k\u00f6nnte das innere Gewissen reden, ohne das man kaum auskommen k\u00f6nnte. Wenn das Gewissen nicht redet w\u00fcrde man mental stillstehen.<\/p>\n<p><b>Aber was ist normal?<\/b><\/p>\n<p>Zu schnelles Denken sei unnormal meint ein Arzt. Sich wiederholende Sequenzen und kreisende Gedanken k\u00f6nnen krankhaft sein.<\/p>\n<ul>\n<li>Es k\u00f6nnte durch Stimmen h\u00f6ren ein pers\u00f6nliche Unsicherheit deutlich werden. Z. B. w\u00fcrde man dann auch denken, die anderen Menschen k\u00f6nnten die Psychose am Gesicht ablesen (Jeder wei\u00df, dass ich eine Psychose habe).<\/li>\n<\/ul>\n<p><b>Inneres Parlament kann sein:<\/b><\/p>\n<ul>\n<li>die eigene Stimme h\u00f6ren<\/li>\n<li>Mutters\/ Eltern Stimme h\u00f6ren<\/li>\n<li>Fremde Stimmen h\u00f6ren, b\u00f6se unterdr\u00fcckende Stimmen<\/li>\n<\/ul>\n<p>Die Moderatorin erw\u00e4gt, dass sich die Stimmen f\u00fcr nicht zur Geltung kommende innere Anteil erheben.<\/p>\n<p>Das Thema kommt auf Tinnitus. Ob es nicht auch Tinnitus sein k\u00f6nnte, fragt eine Angeh\u00f6rige. Mit Tinnitus habe das Stimmen h\u00f6ren nichts zu tun. Tinnitus w\u00fcrde sich als diffuse Ger\u00e4usche, dumpfes stampfen u. \u00e4. bemerkbar machen.<\/p>\n<p>Beim Stimmen h\u00f6ren kann keine Trennung von Phantasie und Realit\u00e4t vorgenommen werde. Die Grenzen verschwimmen. Manchmal wird ein Ruf vernommen, ein Chor erhebt sich oder eine leise Stimme macht sich Platz. Diese Symptome m\u00fcssen nicht zwangl\u00e4ufig der Psychose zugeordnet werden. Bei der Schizophrenie hei\u00dft das Stimmen h\u00f6ren \u201eakustische Halluzination\u201c. Auch Nicht-PsychotikerInnen k\u00f6nnen Stimmen h\u00f6ren.<\/p>\n<p><b>Frage: K\u00f6nnen die Frequenzen im Gehirnstrom nachgewiesen werden?<\/b><\/p>\n<p>Die Frequenzen fehlen ganz meint der Arzt. Man wei\u00df jedoch nicht hat man`s getr\u00e4umt oder hat man tats\u00e4chlich etwas geh\u00f6rt. Es macht noch mal einen Unterschied aus, ob sich hinter den geh\u00f6rten Stimmen ein Wahngeb\u00e4ude verbirgt. D. h. die Stimmen den Weg weisen zu anderen Betrachtungen. Die Stimmen verkn\u00fcpfen Dinge miteinander, die nicht real zusammenh\u00e4ngen.<\/p>\n<p>Bei der Tagtr\u00e4umerei eines Kindes kommt es dazu, dass es nicht zur Schule geht. Ist dies schon psychotisch? Wenn man trotz Termin (hier: Schule) nicht in die G\u00e4nge kommt, hat man seine Grenze schon \u00fcberschritten. In der Psychose kann man Realit\u00e4t nicht von Traum unterscheiden.<\/p>\n<p>Es ist peinlich die Stimmen zu h\u00f6ren. Die Leute halten ziemlich vor dem Berg. Es ist au\u00dferhalb der Norm Stimmen zu h\u00f6ren. Man traut es sich nicht zu sagen, weil die Stimmen so grausam sein k\u00f6nnen. Die Psychose ist keine schnell heilbare Erkrankung, man muss lernen mit der Erkrankung zu leben und medikament\u00f6s eingestellt zu sein. Es besteht eine h\u00f6here Hemmschwelle, die die Stimmen verschweigen l\u00e4sst. Man hat Angst vor Brandmarkung, m\u00f6chte nicht als Psycho abgestempelt werde. Die anderen k\u00f6nnten sagen, geh in den Jeckes, ab zu den 7 Morgen.<\/p>\n<p>Ein Angeh\u00f6riger erz\u00e4hlt, das er nur durch sprechen von den schrecklichen Erlebnis seiner Geiselnahme in einer Bank wegkommen konnte. Zuerst habe er sich auch nicht getraut, dann jedoch konnte er St\u00fcck f\u00fcr St\u00fcck von der Psychosomatischen Kur erz\u00e4hlen und war \u00fcberrascht, wie verst\u00e4ndnisvoll und interessiert die anderen Menschen mit seinen Informationen umgegangen sind.<\/p>\n<p>Man hat gro\u00dfe Angst davor von den Stimmen zu erz\u00e4hlen, weil man vor einer Zwangseinweisung und der Gabe von schweren Medikamenten Angst hat.<\/p>\n<p>Es gibt eine l\u00e4ngere Einzelfallschilderung, bei der zum Ende hin heraus kommt, das die Betroffene von den inneren Stimmen dazu aufgefordert worden ist unter die Bahn zu springen und seit dieser Zeit beide Beine amputiert hat.<\/p>\n<p><b>Gehen von den Medikamenten die Stimmen weg?<\/b><\/p>\n<p>Durch eine Medikamentenumstellung kann dies der Fall sein.<\/p>\n<p><b>Nach der Pause besch\u00e4ftigt die Frage:<\/b><\/p>\n<p>Was kann getan werden, um die Stimmen abzumildern?<\/p>\n<ul>\n<li>mit lauter Musik \u00fcbert\u00f6nen<\/li>\n<li>die Stimmen ernst nehmen und Kontakt zu ihnen herstellen<\/li>\n<li>die Stimmen ignorieren<\/li>\n<li>pr\u00fcfen ob die Stimmen innerhalb oder au\u00dferhalb der Realit\u00e4t liegen<\/li>\n<li>Stress wegnehmen<\/li>\n<li>Ablenkung spazieren gehen<\/li>\n<li>Klinikaufenthalt<\/li>\n<li>Medikation<\/li>\n<\/ul>\n","protected":false},"excerpt":{"rendered":"<p>Protokoll des Psychoseseminars vom 20.Oktober 2004 Zu Beginn des Seminars wurde eine Aufstellung mit Freiwilligen gemacht ein sog. \u201einneres Parlament\u201c. Jemand bekommt die Karten zum vorlesen: Immer wenn ich einkaufen gehe, habe ich das Gef\u00fchl alle Leute gucken mich an. Die anderen 4 freiwilligen MitspielerInnen geben nacheinander ihre Meinung zu dem Vorgelesenen heraus. Es wird [&hellip;]<\/p>\n","protected":false},"author":2,"featured_media":0,"parent":14,"menu_order":-56,"comment_status":"closed","ping_status":"closed","template":"","meta":[],"_links":{"self":[{"href":"https:\/\/www.psychose-seminar.de\/index.php?rest_route=\/wp\/v2\/pages\/155"}],"collection":[{"href":"https:\/\/www.psychose-seminar.de\/index.php?rest_route=\/wp\/v2\/pages"}],"about":[{"href":"https:\/\/www.psychose-seminar.de\/index.php?rest_route=\/wp\/v2\/types\/page"}],"author":[{"embeddable":true,"href":"https:\/\/www.psychose-seminar.de\/index.php?rest_route=\/wp\/v2\/users\/2"}],"replies":[{"embeddable":true,"href":"https:\/\/www.psychose-seminar.de\/index.php?rest_route=%2Fwp%2Fv2%2Fcomments&post=155"}],"version-history":[{"count":0,"href":"https:\/\/www.psychose-seminar.de\/index.php?rest_route=\/wp\/v2\/pages\/155\/revisions"}],"up":[{"embeddable":true,"href":"https:\/\/www.psychose-seminar.de\/index.php?rest_route=\/wp\/v2\/pages\/14"}],"wp:attachment":[{"href":"https:\/\/www.psychose-seminar.de\/index.php?rest_route=%2Fwp%2Fv2%2Fmedia&parent=155"}],"curies":[{"name":"wp","href":"https:\/\/api.w.org\/{rel}","templated":true}]}}