{"id":133,"date":"2003-05-21T08:48:49","date_gmt":"2003-05-21T06:48:49","guid":{"rendered":"https:\/\/psychose-seminar.info\/?page_id=133"},"modified":"2003-05-21T08:48:49","modified_gmt":"2003-05-21T06:48:49","slug":"psychose-und-urlaub","status":"publish","type":"page","link":"https:\/\/www.psychose-seminar.de\/?page_id=133","title":{"rendered":"Psychose und Urlaub"},"content":{"rendered":"<p><b>Protokoll \u00fcber das PS vom 21.05.2003<\/b><\/p>\n<p>Anwesende: 12 Personen (Expertenbegleitung Hr. Dr. Galke)<\/p>\n<h2><span id=\"Thema:_Psychose_und_Urlaub_.E2.80.93_unvereinbar.3F\" class=\"mw-headline\">Thema: Psychose und Urlaub \u2013 unvereinbar?<\/span><\/h2>\n<p>Vor dem Seminar wird der Raum dekoriert. Es wird eine Urlaubsatmosf\u00e4re mit Sonnenschirm, Campingstuhl, Raeggaemusik, versucht herzustellen.<\/p>\n<p>Die Begr\u00fc\u00dfung wird aus dem Campingstuhl gemacht.<\/p>\n<p>Durch die Arbeit mit den Karten wird die Atmosf\u00e4re aufgelochert und der Einstieg zum Erz\u00e4hlen des in pers\u00f6nlich Erfahrenen wird erleichtert und im Verlauf des Seminars erz\u00e4hlen mehrere TeilnehmerInnen Ihre Erlebnisse mit einer Psychose w\u00e4hrend eines Urlaubes. Es entwickelt sich eine sehr getragene Stimmung zum Thema, nicht zuletzt durch das aktive agieren von Herrn Galke.<\/p>\n<p>Im zweiten Teil der Veranstaltung nach der Pause wurde gefragt:<\/p>\n<p>Was kann man tun?<\/p>\n<p>Die Arbeitsergebnisse dazu lauten:<\/p>\n<ul>\n<li>Erkundungen einholen, wo die n\u00e4chste Fachbetreuung am Urlaubsort zu finden ist -&gt; im Internet suchen<\/li>\n<li>Das Urlausziel realistisch planen<\/li>\n<li>Bedarfsmedikation<\/li>\n<li>Reiser\u00fccktrittsversicherung<\/li>\n<li>Urlaub langsam vorbereiten<\/li>\n<li>Stressfreier mit Checkliste<\/li>\n<\/ul>\n","protected":false},"excerpt":{"rendered":"<p>Protokoll \u00fcber das PS vom 21.05.2003 Anwesende: 12 Personen (Expertenbegleitung Hr. Dr. Galke) Thema: Psychose und Urlaub \u2013 unvereinbar? Vor dem Seminar wird der Raum dekoriert. Es wird eine Urlaubsatmosf\u00e4re mit Sonnenschirm, Campingstuhl, Raeggaemusik, versucht herzustellen. Die Begr\u00fc\u00dfung wird aus dem Campingstuhl gemacht. Durch die Arbeit mit den Karten wird die Atmosf\u00e4re aufgelochert und der [&hellip;]<\/p>\n","protected":false},"author":2,"featured_media":0,"parent":14,"menu_order":-45,"comment_status":"closed","ping_status":"closed","template":"","meta":[],"_links":{"self":[{"href":"https:\/\/www.psychose-seminar.de\/index.php?rest_route=\/wp\/v2\/pages\/133"}],"collection":[{"href":"https:\/\/www.psychose-seminar.de\/index.php?rest_route=\/wp\/v2\/pages"}],"about":[{"href":"https:\/\/www.psychose-seminar.de\/index.php?rest_route=\/wp\/v2\/types\/page"}],"author":[{"embeddable":true,"href":"https:\/\/www.psychose-seminar.de\/index.php?rest_route=\/wp\/v2\/users\/2"}],"replies":[{"embeddable":true,"href":"https:\/\/www.psychose-seminar.de\/index.php?rest_route=%2Fwp%2Fv2%2Fcomments&post=133"}],"version-history":[{"count":0,"href":"https:\/\/www.psychose-seminar.de\/index.php?rest_route=\/wp\/v2\/pages\/133\/revisions"}],"up":[{"embeddable":true,"href":"https:\/\/www.psychose-seminar.de\/index.php?rest_route=\/wp\/v2\/pages\/14"}],"wp:attachment":[{"href":"https:\/\/www.psychose-seminar.de\/index.php?rest_route=%2Fwp%2Fv2%2Fmedia&parent=133"}],"curies":[{"name":"wp","href":"https:\/\/api.w.org\/{rel}","templated":true}]}}