{"id":116,"date":"2001-11-21T08:13:37","date_gmt":"2001-11-21T06:13:37","guid":{"rendered":"https:\/\/psychose-seminar.info\/?page_id=116"},"modified":"2001-11-21T08:13:37","modified_gmt":"2001-11-21T06:13:37","slug":"religioese-inhalte-in-der-psychose","status":"publish","type":"page","link":"https:\/\/www.psychose-seminar.de\/?page_id=116","title":{"rendered":"Religi\u00f6se Inhalte in der Psychose"},"content":{"rendered":"<p><b>Psychoseseminar 21. November 2001<\/b><\/p>\n<p><b>Ablauf:<\/b><\/p>\n<p>Begr\u00fcssung (evtl. Vorstellung des Psychoseseminars)<\/p>\n<p>Kleines Rollenspiel: Moses beim Psychiater (wurde nicht durchgef\u00fchrt)<\/p>\n<p>Einladung zum Gespr\u00e4ch \u00fcber religi\u00f6se Erfahrungen &#8211; nicht nur in Psychosen<\/p>\n<p>Wandzeitung: nutzbare Erfahrungen \/ unkontrollierbare, \u00fcberschw\u00e4mmende Erfahrungen<\/p>\n<p>P a u s e<\/p>\n<p>Was kann ich tun, um unkontrollierbare, \u00fcberschw\u00e4mmende Erfahrungen zu nutzen?<\/p>\n<p>Verabschiedung<\/p>\n<p><b>Wichtige Gedanken zum Thema:<\/b><\/p>\n<ul>\n<li>Glaube gibt Kraft f\u00fcr den Alltag<\/li>\n<li>Glaube gibt St\u00e4rke<\/li>\n<li>Glaube gibt Sicherheit<\/li>\n<li>Glaube befreit<\/li>\n<li>unterschiedliche Wahrnehmungsebenen<\/li>\n<li>Telepathie<\/li>\n<li>sich als Sonnengott erleben<\/li>\n<li>sich wie Gott f\u00fchlen<\/li>\n<li>Schuld<\/li>\n<li>Botschaften erhalten<\/li>\n<li>religi\u00f6se Inhalte in Tr\u00e4umen<\/li>\n<li>Berufung<\/li>\n<li>Verbundenheit<\/li>\n<li>Sinn geben<\/li>\n<li>religi\u00f6se Erfahrungen in unserem Leben (Tr\u00e4ume, Kindheit, Psychosen&#8230;)<\/li>\n<li>spirituelle Entwicklung<\/li>\n<li>Angst vor dem strafenden Gott (Verfolgungswahn)<\/li>\n<li>Religiosit\u00e4t &#8211; Sinn &#8211; Orientierung; wo komm ich her, wo geh ich hin?<\/li>\n<li>Kinder Gottes<\/li>\n<li>g\u00f6ttlicher Funke<\/li>\n<\/ul>\n<p>Material usw.<\/p>\n<ul>\n<li>Wandzeitung<\/li>\n<li>Filzschreiber<\/li>\n<li>Bibeltext: Moses bei der \u00dcbergabe der Zehngebote<\/li>\n<\/ul>\n<p><b>Religi\u00f6se Inhalte in der Psychose<\/b> &#8211; Psychoseseminar 21. November 2001<\/p>\n<p><b>Ergebnisse<\/b><\/p>\n[table &#8220;2&#8221; not found \/]<br \/>\n\n<p>&nbsp;<\/p>\n","protected":false},"excerpt":{"rendered":"<p>Psychoseseminar 21. November 2001 Ablauf: Begr\u00fcssung (evtl. Vorstellung des Psychoseseminars) Kleines Rollenspiel: Moses beim Psychiater (wurde nicht durchgef\u00fchrt) Einladung zum Gespr\u00e4ch \u00fcber religi\u00f6se Erfahrungen &#8211; nicht nur in Psychosen Wandzeitung: nutzbare Erfahrungen \/ unkontrollierbare, \u00fcberschw\u00e4mmende Erfahrungen P a u s e Was kann ich tun, um unkontrollierbare, \u00fcberschw\u00e4mmende Erfahrungen zu nutzen? Verabschiedung Wichtige Gedanken zum [&hellip;]<\/p>\n","protected":false},"author":2,"featured_media":0,"parent":14,"menu_order":-39,"comment_status":"closed","ping_status":"closed","template":"","meta":[],"_links":{"self":[{"href":"https:\/\/www.psychose-seminar.de\/index.php?rest_route=\/wp\/v2\/pages\/116"}],"collection":[{"href":"https:\/\/www.psychose-seminar.de\/index.php?rest_route=\/wp\/v2\/pages"}],"about":[{"href":"https:\/\/www.psychose-seminar.de\/index.php?rest_route=\/wp\/v2\/types\/page"}],"author":[{"embeddable":true,"href":"https:\/\/www.psychose-seminar.de\/index.php?rest_route=\/wp\/v2\/users\/2"}],"replies":[{"embeddable":true,"href":"https:\/\/www.psychose-seminar.de\/index.php?rest_route=%2Fwp%2Fv2%2Fcomments&post=116"}],"version-history":[{"count":0,"href":"https:\/\/www.psychose-seminar.de\/index.php?rest_route=\/wp\/v2\/pages\/116\/revisions"}],"up":[{"embeddable":true,"href":"https:\/\/www.psychose-seminar.de\/index.php?rest_route=\/wp\/v2\/pages\/14"}],"wp:attachment":[{"href":"https:\/\/www.psychose-seminar.de\/index.php?rest_route=%2Fwp%2Fv2%2Fmedia&parent=116"}],"curies":[{"name":"wp","href":"https:\/\/api.w.org\/{rel}","templated":true}]}}