{"id":104,"date":"2001-03-21T07:47:03","date_gmt":"2001-03-21T05:47:03","guid":{"rendered":"https:\/\/psychose-seminar.info\/?page_id=104"},"modified":"2001-03-21T07:47:03","modified_gmt":"2001-03-21T05:47:03","slug":"wodurch-entstehen-psychosen-ursachen-und-ausloeser","status":"publish","type":"page","link":"https:\/\/www.psychose-seminar.de\/?page_id=104","title":{"rendered":"Wodurch entstehen Psychosen? &#8211; Ursachen und Ausl\u00f6ser"},"content":{"rendered":"<p><b>Psychoseseminar 21. M\u00e4rz 2001<\/b><\/p>\n<p><b>Ablauf:<\/b><\/p>\n<p>Begr\u00fcssung (evtl. Vorstellung des Psychoseseminars)<\/p>\n<p>Anregung, auf Klo-Rollen aufzuschreiben, was als Ausl\u00f6ser von Psychosen bekannt ist<\/p>\n<p>(Klo-Rollen, Filzstifte, Topf oder Klappkiste mit Tuch)<\/p>\n<p>-&gt; Texte von den Klo-Rollen vorlesen -&gt; Gespr\u00e4ch dar\u00fcber<\/p>\n<p>P a u s e<\/p>\n<p>Darstellung von m\u00f6glichen Ursachen durch Fachfrauen:<\/p>\n<ul>\n<li>Dr. Schain (niedergel. Psychiaterin) &#8211; medizinisch<\/li>\n<li>Fr. Leiber-Haberstroh (niederg. Arztin f. Psychotherapie) &#8211; psychologisch<\/li>\n<li>Fr. Sieburg (Angeh\u00f6rige) &#8211; Aspekte chinesischer Ern\u00e4hrungslehre<\/li>\n<\/ul>\n<p>Verabschiedung<\/p>\n<p>Material usw. mitnehmen:<\/p>\n<ul>\n<li>dicke Filzstifte, Kreppband, Wandzeitungspapier<\/li>\n<li>B\u00fccher<\/li>\n<li>Klo-Rollen, Gef\u00e4\u00df, Stoff, Filzstifte<\/li>\n<\/ul>\n<p><b>Wodurch entstehen Psychosen? Ursachen und Ausl\u00f6ser<\/b><\/p>\n<p><b>Ergebnisse<\/b><\/p>\n<p>Wodurch entstehen Psychosen\u00a0?<\/p>\n<p>Ursachen und Ausl\u00f6ser als Anregung von den Teilnehmer auf Klo-Rollen aufgeschrieben, was als Ausl\u00f6ser von Psychosen bekannt ist.<\/p>\n<ul>\n<li>Stess<\/li>\n<li>Hitze<\/li>\n<li>Konflikte in Beziehungen,<\/li>\n<li>\u00dcberforderung<\/li>\n<li>Drogenprobleme<\/li>\n<li>Medikamente abgesetzt<\/li>\n<li>Dichte spirituelle Erlebnisse<\/li>\n<li>Einsamkeit<\/li>\n<li>\u00dcberforderung im Beruf<\/li>\n<li>Fasten<\/li>\n<li>Einsamkeit<\/li>\n<li>Angst um den Arbeitsplatz<\/li>\n<li>Wahrnehmung von Stimmen<\/li>\n<li>Schlaflosigkeit<\/li>\n<li>Schlafmangel<\/li>\n<li>\u00dcberarbeitung<\/li>\n<li>Mi\u00dfverstanden werden<\/li>\n<li>Liebeskummer<\/li>\n<li>Probleme<\/li>\n<li>Gewissenskonflikt<\/li>\n<li>Entscheiden &#8211; Ja oder Nein<\/li>\n<li>Loslassen der erwachsenen Kinder<\/li>\n<li>Nicht ausgelebte Aggression<\/li>\n<li>Schwellen wie Pubert\u00e4t, Schwangerschaft, Wechseljahre<\/li>\n<li>Verluste<\/li>\n<li>Stress um Beruf<\/li>\n<li>\u00dcberforderungssituationen<\/li>\n<li>Das in einer privaten Unterhaltung pl\u00f6tzlich auf ein anderes Thema eingegangen wird<\/li>\n<li>Ausl\u00f6ser: eine Frau, auch Ursache<\/li>\n<\/ul>\n","protected":false},"excerpt":{"rendered":"<p>Psychoseseminar 21. M\u00e4rz 2001 Ablauf: Begr\u00fcssung (evtl. Vorstellung des Psychoseseminars) Anregung, auf Klo-Rollen aufzuschreiben, was als Ausl\u00f6ser von Psychosen bekannt ist (Klo-Rollen, Filzstifte, Topf oder Klappkiste mit Tuch) -&gt; Texte von den Klo-Rollen vorlesen -&gt; Gespr\u00e4ch dar\u00fcber P a u s e Darstellung von m\u00f6glichen Ursachen durch Fachfrauen: Dr. Schain (niedergel. Psychiaterin) &#8211; medizinisch Fr. [&hellip;]<\/p>\n","protected":false},"author":2,"featured_media":0,"parent":14,"menu_order":-33,"comment_status":"closed","ping_status":"closed","template":"","meta":[],"_links":{"self":[{"href":"https:\/\/www.psychose-seminar.de\/index.php?rest_route=\/wp\/v2\/pages\/104"}],"collection":[{"href":"https:\/\/www.psychose-seminar.de\/index.php?rest_route=\/wp\/v2\/pages"}],"about":[{"href":"https:\/\/www.psychose-seminar.de\/index.php?rest_route=\/wp\/v2\/types\/page"}],"author":[{"embeddable":true,"href":"https:\/\/www.psychose-seminar.de\/index.php?rest_route=\/wp\/v2\/users\/2"}],"replies":[{"embeddable":true,"href":"https:\/\/www.psychose-seminar.de\/index.php?rest_route=%2Fwp%2Fv2%2Fcomments&post=104"}],"version-history":[{"count":0,"href":"https:\/\/www.psychose-seminar.de\/index.php?rest_route=\/wp\/v2\/pages\/104\/revisions"}],"up":[{"embeddable":true,"href":"https:\/\/www.psychose-seminar.de\/index.php?rest_route=\/wp\/v2\/pages\/14"}],"wp:attachment":[{"href":"https:\/\/www.psychose-seminar.de\/index.php?rest_route=%2Fwp%2Fv2%2Fmedia&parent=104"}],"curies":[{"name":"wp","href":"https:\/\/api.w.org\/{rel}","templated":true}]}}